{"id":64256,"date":"2022-08-05T10:30:32","date_gmt":"2022-08-05T09:30:32","guid":{"rendered":"https:\/\/www.customeeple.com\/?post_type=product&#038;p=64256"},"modified":"2022-09-23T09:43:23","modified_gmt":"2022-09-23T08:43:23","slug":"reglas-compatibles-con-saga","status":"publish","type":"product","link":"https:\/\/www.customeeple.com\/es\/producto\/reglas-compatibles-con-saga\/","title":{"rendered":"Reglas compatibles con Saga"},"content":{"rendered":"<p>Un completo set de plantillas de movimiento perfectas para Saga. Todas las piezas est\u00e1n fabricadas en metacrilato grabado lo que les da un aspecto visual mejorado, adem\u00e1s de que pueden ser utilizadas para remplazar plantillas perdidas o deterioradas<\/p>\n<p>Este set incluye 5 plantillas diferentes para marcar movimientos\u00a0 en diferentes distancias.<\/p>\n<p>Puedes elegir el color de las piezas de metacrilato. Recuerda que si no estas seguro de cual es el color id\u00f3neo para tus piezas puedes consultar nuestra p\u00e1gina de <em><strong><a href=\"\/?page_id=8154\">materiales<\/a>. <\/strong><\/em>Adem\u00e1s tambi\u00e9n puedes personalizar mas las plantillas grabando tu nick o nombre de Ejercito. Advierte que nuestras plantillas estan s\u00f3lo grabadas no pintadas.<\/p>\n<p><strong>Si se incluye un texto personalizado no se incluira el logo.<\/strong><\/p>\n<div class=\"infopreorder\"><strong>Nota: <\/strong>Debido al proceso de fabricaci\u00f3n del cart\u00f3n algunas de las reglas pueden presentar variaciones minimas de set a set. Las nuestras usan unas medidas standar. Pero esto no deber\u00eda afectar de ning\u00fan modo el juego competitivo ya que en torneos se anima a ambos jugadores a utilizar el mismo set de reglas.<\/div>\n<p>&nbsp;<\/p>\n<p><strong>Material:<\/strong>\u00a0 Metacrilato<\/p>\n<div class=\"moreinfo\">\n<p><strong>Tama\u00f1o:\u00a0<\/strong>varia<\/p>\n<p><strong>Espesor:<\/strong>\u00a03 mm<\/p>\n<p><strong>Cantidad :<\/strong> 5 Unidades<\/p>\n<p><strong>Uso: <\/strong>Piezas para marcar maniobras espaciales<\/p>\n<\/div>\n<p><strong>Opcion personalizada: <\/strong>Por un m\u00f3dico precio puedes incluir en tus plantillas el nombre de tu ejercito o nick (m\u00e1ximo 12 caracteres) o seleccionar uno de los logos<\/p>\n<p><strong><a href=\"https:\/\/www.grippingbeast.co.uk\/SAGA.html\">SAGA\u00a0<\/a> <\/strong>es un juego publciado por<strong> <a href=\"http:\/\/www.grippingbeast.co.uk\">Grippingbeast<\/a>. <\/strong><strong>Customeeple<\/strong>\u00a0no mantiene ninguna relaci\u00f3n con esa compa\u00f1\u00eda y este producto no est\u00e1 de ninguna manera patrocinado por ellos.<\/p>\n","protected":false},"excerpt":{"rendered":"<p>Pack de plantillas de movimiento para Saga<\/p>\n","protected":false},"featured_media":64243,"template":"","meta":{"_acf_changed":false},"product_brand":[],"product_cat":[1370,1400,2089,1623],"product_tag":[2090],"class_list":{"0":"post-64256","1":"product","2":"type-product","3":"status-publish","4":"has-post-thumbnail","6":"product_cat-customeeple-es","7":"product_cat-fantasia","8":"product_cat-saga-es","9":"product_cat-wargames-es-2","10":"product_tag-saga-es","11":"pa_methacrylate-colors-amarill-fluor-mfye","12":"pa_methacrylate-colors-amarillo-moye","13":"pa_methacrylate-colors-azul-mobl","14":"pa_methacrylate-colors-azul-fluor-mfbl-es","15":"pa_methacrylate-colors-azul-trans-mtbl","16":"pa_methacrylate-colors-balnco-mowh","17":"pa_methacrylate-colors-dm","18":"pa_methacrylate-colors-humo-trans-mtsm","19":"pa_methacrylate-colors-naranja-fluor-mfor-es","20":"pa_methacrylate-colors-naranja-trans-mtor","21":"pa_methacrylate-colors-negro-moba","22":"pa_methacrylate-colors-rojo-more","23":"pa_methacrylate-colors-rojotrans-mtre","24":"pa_methacrylate-colors-magenta-fluor-mfma-es","25":"pa_methacrylate-colors-transparente-mttr","26":"pa_methacrylate-colors-verde-trans-mtgr","27":"pa_methacrylate-colors-verde-fluor-mfgr","28":"pa_methacrylate-colors-verde-mogr","29":"pa_methacrylate-colors-violeta-movi","31":"first","32":"instock","33":"taxable","34":"shipping-taxable","35":"purchasable","36":"product-type-variable","37":"has-default-attributes"},"exclude_global_add_ons":false,"addons":[{"name":"Nick\/ Nombre","type":"custom_text","position":0,"required":false,"title_format":"hide","default":"","description_enable":false,"description":"","placeholder_enable":false,"placeholder":"","display":"select","restrictions_type":"any_text","adjust_price":true,"price":"2.00","price_type":"flat_fee","restrictions":true,"min":"5","max":"12","options":[]},{"name":"Tu logo personalizado para gravar","type":"file_upload","position":1,"required":false,"title_format":"heading","default":"","description_enable":false,"description":"","placeholder_enable":false,"placeholder":"","display":"select","restrictions_type":"any_text","adjust_price":true,"price":"3","price_type":"flat_fee","restrictions":false,"min":"0","max":"0","options":[]}],"acf":[],"_links":{"self":[{"href":"https:\/\/www.customeeple.com\/es\/wp-json\/wp\/v2\/product\/64256","targetHints":{"allow":["GET"]}}],"collection":[{"href":"https:\/\/www.customeeple.com\/es\/wp-json\/wp\/v2\/product"}],"about":[{"href":"https:\/\/www.customeeple.com\/es\/wp-json\/wp\/v2\/types\/product"}],"wp:featuredmedia":[{"embeddable":true,"href":"https:\/\/www.customeeple.com\/es\/wp-json\/wp\/v2\/media\/64243"}],"wp:attachment":[{"href":"https:\/\/www.customeeple.com\/es\/wp-json\/wp\/v2\/media?parent=64256"}],"wp:term":[{"taxonomy":"product_brand","embeddable":true,"href":"https:\/\/www.customeeple.com\/es\/wp-json\/wp\/v2\/product_brand?post=64256"},{"taxonomy":"product_cat","embeddable":true,"href":"https:\/\/www.customeeple.com\/es\/wp-json\/wp\/v2\/product_cat?post=64256"},{"taxonomy":"product_tag","embeddable":true,"href":"https:\/\/www.customeeple.com\/es\/wp-json\/wp\/v2\/product_tag?post=64256"}],"curies":[{"name":"wp","href":"https:\/\/api.w.org\/{rel}","templated":true}]}}