{"id":64221,"date":"2022-07-30T20:03:54","date_gmt":"2022-07-30T19:03:54","guid":{"rendered":"https:\/\/www.customeeple.com\/product\/dodo-spa-pt\/"},"modified":"2022-07-30T20:03:54","modified_gmt":"2022-07-30T19:03:54","slug":"dodo-spa-pt","status":"publish","type":"product","link":"https:\/\/www.customeeple.com\/es\/producto\/dodo-spa-pt\/","title":{"rendered":"Dodo (SPA\/PT)"},"content":{"rendered":"<p>Dodo es un divertido juego cooperativo en el que pueden participar de 2 a 4 jugadores, a partir de 6 a\u00f1os, en partidas que no superan los 10 minutos. Est\u00e1 dise\u00f1ado por Marco Teubner, autor de juegos infantiles que han recibido numerosos premios, como Stone Age Junior o Carcassonne Junior. Usando su memoria y sin perder ni un segundo, los jugadores deben construir puentes y un embarcadero para rescatar el huevo del Dodo, que poco a poco va cayendo por las laderas de la monta\u00f1a.\u00a0<\/p>\n<p>Un a\u00f1o m\u00e1s, el colorido p\u00e1jaro dodo ha preparado su nido en la cima m\u00e1s alta de la isla. Sin embargo, esta ave se despista con facilidad y en cualquier momento puede empujar sin querer el huevo. Por suerte, la tribu de los Hagulaminapitopasi, para los que el dodo es un animal sagrado, ya est\u00e1 preparada y har\u00e1 todo lo posible para evitar que el huevo caiga por uno de los acantilados de la monta\u00f1a.<\/p>\n<p>Dodo tiene una puesta en escena espectacular. Antes de empezar la partida, deber\u00e9is montar las tres partes de la monta\u00f1a y distribuir las 58 fichas de construcci\u00f3n, boca abajo, a su alrededor. Colocar\u00e9is el gran huevo en la parte superior de la monta\u00f1a y al dodo haciendo tope. Cuando est\u00e9is listos, apartad al dodo y el huevo, poco a poco, se ir\u00e1 moviendo por las laderas de la monta\u00f1a. \u00a1Deprisa, a construir puentes!<\/p>\n<p>El jugador m\u00e1s joven empieza tirando el dado, que en cada una de las caras muestra un material de construcci\u00f3n distinto. A continuaci\u00f3n, el mismo jugador toma una de las fichas y le da la vuelta; si el s\u00edmbolo coincide, lo usa para construir una de las partes del puente. En caso contrario, pasa el dado al siguiente jugador en el orden de las agujas del reloj y vuelve a dejar la ficha boca abajo. \u00a1Tener buena memoria ser\u00e1 vital si quer\u00e9is salvar el huevo de dodo! Una vez rellenados todos los espacios que pide el puente, enganchadlo a la ladera de la monta\u00f1a.<\/p>\n<p>A lo largo de los turnos los jugadores usar\u00e1n tablones de madera, clavos, ca\u00f1as de bamb\u00fa, martillos, hojas, cuerda o la ayuda de aldeanos de la tribu, que sirven como comodines, para completar los puentes y el embarcadero. Las partidas a Dodo son fren\u00e9ticas, \u00a1El huevo nunca se est\u00e1 quieto y no os dejar\u00e1 demasiado tiempo para pensar!<\/p>\n<p>Dodo permite ajustar el nivel de dificultad usando dos mecanismos: Por un lado, pod\u00e9is retirar fichas de comod\u00edn para que os sea un poco m\u00e1s dif\u00edcil construir los puentes. Por el otro, pod\u00e9is usar o no los huecos con un s\u00edmbolo de calavera. \u00a1De vosotros depende que el reto sea m\u00e1s o menos dif\u00edcil!<\/p>\n<p>Los m\u00e1s peque\u00f1os de casa se lo pasar\u00e1n en grande jugando a Dodo. Se trata de una propuesta muy inmersiva, con componentes muy llamativos: El huevo, que desciende lento pero sin pausa por las laderas de la monta\u00f1a, \u00a1parece que se desplace por arte de magia! Todo ello mientras ejercit\u00e1is la memoria y colabor\u00e1is con el resto de los jugadores para conseguir un objetivo com\u00fan. \u00bfLograr\u00e9is salvar la peque\u00f1a cr\u00eda de dodo?<\/p>\n","protected":false},"excerpt":{"rendered":"<p>Dodo es un divertido juego cooperativo en el que pueden participar de 2 a 4 jugadores, a partir de 6 a\u00f1os, en partidas que no superan los 10 minutos. Est\u00e1 dise\u00f1ado por Marco Teubner, autor de juegos infantiles que han recibido numerosos premios, como Stone Age Junior o Carcassonne Junior. Usando su memoria y sin [&hellip;]<\/p>\n","protected":false},"featured_media":64212,"template":"","meta":{"_acf_changed":false},"product_brand":[],"product_cat":[2003,2344,1561,1564,1653,1180],"product_tag":[],"class_list":{"0":"post-64221","1":"product","2":"type-product","3":"status-publish","4":"has-post-thumbnail","6":"product_cat-cooperative-es","7":"product_cat-devir-es","8":"product_cat-familiar-es","9":"product_cat-childrens-es","10":"product_cat-boardgames","11":"product_cat-retail-products-es","13":"first","14":"onbackorder","15":"sale","16":"taxable","17":"shipping-taxable","18":"purchasable","19":"product-type-simple"},"exclude_global_add_ons":[],"addons":[],"acf":[],"_links":{"self":[{"href":"https:\/\/www.customeeple.com\/es\/wp-json\/wp\/v2\/product\/64221","targetHints":{"allow":["GET"]}}],"collection":[{"href":"https:\/\/www.customeeple.com\/es\/wp-json\/wp\/v2\/product"}],"about":[{"href":"https:\/\/www.customeeple.com\/es\/wp-json\/wp\/v2\/types\/product"}],"wp:featuredmedia":[{"embeddable":true,"href":"https:\/\/www.customeeple.com\/es\/wp-json\/wp\/v2\/media\/64212"}],"wp:attachment":[{"href":"https:\/\/www.customeeple.com\/es\/wp-json\/wp\/v2\/media?parent=64221"}],"wp:term":[{"taxonomy":"product_brand","embeddable":true,"href":"https:\/\/www.customeeple.com\/es\/wp-json\/wp\/v2\/product_brand?post=64221"},{"taxonomy":"product_cat","embeddable":true,"href":"https:\/\/www.customeeple.com\/es\/wp-json\/wp\/v2\/product_cat?post=64221"},{"taxonomy":"product_tag","embeddable":true,"href":"https:\/\/www.customeeple.com\/es\/wp-json\/wp\/v2\/product_tag?post=64221"}],"curies":[{"name":"wp","href":"https:\/\/api.w.org\/{rel}","templated":true}]}}