{"id":64220,"date":"2022-07-30T20:01:47","date_gmt":"2022-07-30T19:01:47","guid":{"rendered":"https:\/\/www.customeeple.com\/product\/catan-marcaderes-y-barbaros\/"},"modified":"2022-07-30T20:01:47","modified_gmt":"2022-07-30T19:01:47","slug":"catan-marcaderes-y-barbaros","status":"publish","type":"product","link":"https:\/\/www.customeeple.com\/es\/producto\/catan-marcaderes-y-barbaros\/","title":{"rendered":"Cat\u00e1n: Marcaderes y b\u00e1rbaros"},"content":{"rendered":"<p>Catan Mercaderes y b\u00e1rbaros es la tercera ampliaci\u00f3n en caja grande de<a href=\"https:\/\/devir.es\/catan\">\u00a0Catan<\/a>, el juego de<a href=\"https:\/\/devir.es\/devirpedia\/klaus-teuber\">\u00a0Klaus Teuber,\u00a0<\/a>y en ella se introducen una serie de reglas y componentes que se pueden jugar por separado. Incorpora adem\u00e1s la opci\u00f3n de jugar a Catan con solo dos jugadores.<\/p>\n<p><a href=\"https:\/\/devir.es\/catan-mercaderes-y-barbaros-amp-5-6-jug\">Catan Mercaderes y b\u00e1rbaros<\/a>\u00a0se compone de cinco peque\u00f1as expansiones, as\u00ed como reglas adicionales para jugar a Catan con solamente dos jugadores y diversas variantes para ayudar a los jugadores. Entre estas variantes destacan la del ladr\u00f3n piadoso, que no roba a los jugadores \u00abpobres\u00bb que tienen pocos puntos de victoria. Tambi\u00e9n es interesante el mazo de cartas que sustituye a las tiradas de dado, consiguiendo que nadie pueda quejarse del azar. Estas cartas reproducen el reparto estad\u00edstico de las tiradas de dados normales y a\u00f1aden eventos para dar a\u00fan m\u00e1s variedad a las partidas. Otra destacada variante es la del Capit\u00e1n del puerto, que introduce la opci\u00f3n de intentar ser el m\u00e1s poderoso de los jugadores en cuanto a puntos de puerto. De forma similar a la de la gran carretera o el gran ej\u00e9rcito que ya conoc\u00edamos de Catan, en este caso podemos conseguir puntos teniendo poblados y ciudades en los puertos del tablero. El primero en tener tres puntos de puerto se queda con la carta de Capit\u00e1n del puerto y obtiene dos puntos de victoria, aunque al igual que en los casos anteriores, este cargo puede ser arrebatado por otro jugador que consiga superar al Capit\u00e1n del puerto actual. Si se usa esta variante, la partida se juega a 11 puntos de Victoria en lugar de los 10 habituales.\u00a0<\/p>\n<p>Entre las cinco expansiones incluidas en la caja de\u00a0<a href=\"https:\/\/devir.es\/catan-mercaderes-y-barbaros-amp-5-6-jug\">Catan Mercaderes y b\u00e1rbaros\u00a0<\/a>destacamos Los pescadores de Catan, en la que los jugadores pueden pescar en el lago y en las zonas costeras que no tengan puertos y obtener peces para cambiarlos por diversas acciones, o el gran r\u00edo de Catan, que incorpora dos r\u00edos, uno de cuatro hex\u00e1gonos y uno de tres. Estos r\u00edos producen oro para los jugadores que coloquen poblados en sus m\u00e1rgenes, y con el oro se pueden conseguir otras mercanc\u00edas, adem\u00e1s de asignar los t\u00edtulos de \u00abcolono pobre\u00bb y \u00abcolono rico\u00bb, que restan o suman puntos de victoria. Otra interesante expansi\u00f3n es La ruta de las caravanas que, partiendo del antiguo desierto de Catan, convertido ahora en oasis, introduce la formaci\u00f3n de caravanas de camellos que apoyar\u00e1n a las rutas comerciales o dar\u00e1n m\u00e1s importancia a los poblados y ciudades que visiten. El ataque de los b\u00e1rbaros y La campa\u00f1a son las dos expansiones finales y las m\u00e1s complejas del juego, solo aptas para jugadores experimentados.<\/p>\n<p>Catan Mercaderes y b\u00e1rbaros es una expansi\u00f3n llena de material, as\u00ed que funciona como una caja de Pandora llena de formas de convertir tus partidas de\u00a0<a href=\"https:\/\/devir.es\/catan\">Catan<\/a>\u00a0en una experiencia siempre diferente. Puedes combinarlas y usarlas como quieras para adaptarlas al estilo de tus compa\u00f1eros de juego.<\/p>\n","protected":false},"excerpt":{"rendered":"<p>Catan Mercaderes y b\u00e1rbaros es la tercera ampliaci\u00f3n en caja grande de\u00a0Catan, el juego de\u00a0Klaus Teuber,\u00a0y en ella se introducen una serie de reglas y componentes que se pueden jugar por separado. Incorpora adem\u00e1s la opci\u00f3n de jugar a Catan con solo dos jugadores. Catan Mercaderes y b\u00e1rbaros\u00a0se compone de cinco peque\u00f1as expansiones, as\u00ed como [&hellip;]<\/p>\n","protected":false},"featured_media":64214,"template":"","meta":{"_acf_changed":false},"product_brand":[],"product_cat":[2344,1561,1653,1556,1180],"product_tag":[],"class_list":{"0":"post-64220","1":"product","2":"type-product","3":"status-publish","4":"has-post-thumbnail","6":"product_cat-devir-es","7":"product_cat-familiar-es","8":"product_cat-boardgames","9":"product_cat-board-games-es","10":"product_cat-retail-products-es","12":"first","13":"outofstock","14":"sale","15":"taxable","16":"shipping-taxable","17":"purchasable","18":"product-type-simple"},"exclude_global_add_ons":[],"addons":[],"acf":[],"_links":{"self":[{"href":"https:\/\/www.customeeple.com\/es\/wp-json\/wp\/v2\/product\/64220","targetHints":{"allow":["GET"]}}],"collection":[{"href":"https:\/\/www.customeeple.com\/es\/wp-json\/wp\/v2\/product"}],"about":[{"href":"https:\/\/www.customeeple.com\/es\/wp-json\/wp\/v2\/types\/product"}],"wp:featuredmedia":[{"embeddable":true,"href":"https:\/\/www.customeeple.com\/es\/wp-json\/wp\/v2\/media\/64214"}],"wp:attachment":[{"href":"https:\/\/www.customeeple.com\/es\/wp-json\/wp\/v2\/media?parent=64220"}],"wp:term":[{"taxonomy":"product_brand","embeddable":true,"href":"https:\/\/www.customeeple.com\/es\/wp-json\/wp\/v2\/product_brand?post=64220"},{"taxonomy":"product_cat","embeddable":true,"href":"https:\/\/www.customeeple.com\/es\/wp-json\/wp\/v2\/product_cat?post=64220"},{"taxonomy":"product_tag","embeddable":true,"href":"https:\/\/www.customeeple.com\/es\/wp-json\/wp\/v2\/product_tag?post=64220"}],"curies":[{"name":"wp","href":"https:\/\/api.w.org\/{rel}","templated":true}]}}