{"id":64219,"date":"2022-07-30T20:04:06","date_gmt":"2022-07-30T19:04:06","guid":{"rendered":"https:\/\/www.customeeple.com\/product\/las-aventuras-de-robin-hood\/"},"modified":"2022-07-30T20:04:06","modified_gmt":"2022-07-30T19:04:06","slug":"las-aventuras-de-robin-hood","status":"publish","type":"product","link":"https:\/\/www.customeeple.com\/es\/producto\/las-aventuras-de-robin-hood\/","title":{"rendered":"Las Aventuras de Robin Hood"},"content":{"rendered":"<p><i>Las aventuras de Robin Hood<\/i>\u00a0es un juego de Michael Menzel, c\u00e9lebre autor de<a href=\"https:\/\/devir.es\/las-leyendas-de-andor\">\u00a0<i>Las leyendas de Andor<\/i>,<\/a>\u00a0en el que pueden participar entre 1 y 4 personas en 9 sesiones de juego de unos 60 minutos de duraci\u00f3n. A medio camino entre los cl\u00e1sicos libros de la serie \u201celige tu aventura\u201d, un juego de rol y un formato\u00a0<a href=\"https:\/\/devir.es\/devirpedia\/legacy\"><i>legacy<\/i><\/a><i>\u00a0<\/i>(pero sin destruir o gastar los componentes),\u00a0<i>Las aventuras de Robin Hood<\/i>\u00a0es una experiencia<a href=\"https:\/\/devir.es\/devirpedia\/cooperativo\">\u00a0cooperativa<\/a>\u00a0sin manual de reglas que va evolucionando seg\u00fan las decisiones que toman los jugadores. Este juego fue finalista a mejor juego de 2021 en los premios Spiel des Jahres, los galardones m\u00e1s prestigiosos del sector en Alemania.<\/p>\n<p>\u00a1La aventura empieza tan pronto como despleg\u00e1is el tablero! El juego se desarrolla sobre un gran mapa de Nottingham y Sherwood, cubierto con paneles numerados que se pueden voltear. En vez de manual de reglas, dispon\u00e9is de un libro de tapa dura con nueve cap\u00edtulos que os dar\u00e1 las pautas b\u00e1sicas para empezar. Colocad las figuras de vuestros personajes (Robin Hood, Little Jhon, Marian y Will Scarlet) en el mapa y tratad de superar el reto que os propone la historia.<\/p>\n<p>Ambientado en la Inglaterra de 1193,\u00a0<i>Las aventuras de Robin Hood<\/i>\u00a0es un juego totalmente inmersivo que gustar\u00e1 tanto a los j\u00f3venes como a los adultos que disfrutan con una buena historia. \u00bfOs alzar\u00e9is contra la tiran\u00eda que imponen el pr\u00edncipe Juan y el sheriff de Nottingham? De vuestras acciones depender\u00e1 la evoluci\u00f3n del tablero y el desenlace de la historia. \u00a1Preparad los arcos, guerreros!<\/p>\n","protected":false},"excerpt":{"rendered":"<p>Las aventuras de Robin Hood\u00a0es un juego de Michael Menzel, c\u00e9lebre autor de\u00a0Las leyendas de Andor,\u00a0en el que pueden participar entre 1 y 4 personas en 9 sesiones de juego de unos 60 minutos de duraci\u00f3n. A medio camino entre los cl\u00e1sicos libros de la serie \u201celige tu aventura\u201d, un juego de rol y un [&hellip;]<\/p>\n","protected":false},"featured_media":64216,"template":"","meta":{"_acf_changed":false},"product_brand":[],"product_cat":[2003,2344,1653,1556,1180],"product_tag":[],"class_list":{"0":"post-64219","1":"product","2":"type-product","3":"status-publish","4":"has-post-thumbnail","6":"product_cat-cooperative-es","7":"product_cat-devir-es","8":"product_cat-boardgames","9":"product_cat-board-games-es","10":"product_cat-retail-products-es","12":"first","13":"instock","14":"sale","15":"taxable","16":"shipping-taxable","17":"purchasable","18":"product-type-simple"},"exclude_global_add_ons":[],"addons":[],"acf":[],"_links":{"self":[{"href":"https:\/\/www.customeeple.com\/es\/wp-json\/wp\/v2\/product\/64219","targetHints":{"allow":["GET"]}}],"collection":[{"href":"https:\/\/www.customeeple.com\/es\/wp-json\/wp\/v2\/product"}],"about":[{"href":"https:\/\/www.customeeple.com\/es\/wp-json\/wp\/v2\/types\/product"}],"wp:featuredmedia":[{"embeddable":true,"href":"https:\/\/www.customeeple.com\/es\/wp-json\/wp\/v2\/media\/64216"}],"wp:attachment":[{"href":"https:\/\/www.customeeple.com\/es\/wp-json\/wp\/v2\/media?parent=64219"}],"wp:term":[{"taxonomy":"product_brand","embeddable":true,"href":"https:\/\/www.customeeple.com\/es\/wp-json\/wp\/v2\/product_brand?post=64219"},{"taxonomy":"product_cat","embeddable":true,"href":"https:\/\/www.customeeple.com\/es\/wp-json\/wp\/v2\/product_cat?post=64219"},{"taxonomy":"product_tag","embeddable":true,"href":"https:\/\/www.customeeple.com\/es\/wp-json\/wp\/v2\/product_tag?post=64219"}],"curies":[{"name":"wp","href":"https:\/\/api.w.org\/{rel}","templated":true}]}}