{"id":64137,"date":"2022-07-21T20:00:26","date_gmt":"2022-07-21T19:00:26","guid":{"rendered":"https:\/\/www.customeeple.com\/product\/aventura-z-vol-1-lovecraft\/"},"modified":"2022-07-21T20:00:26","modified_gmt":"2022-07-21T19:00:26","slug":"aventura-z-vol-1-lovecraft","status":"publish","type":"product","link":"https:\/\/www.customeeple.com\/es\/producto\/aventura-z-vol-1-lovecraft\/","title":{"rendered":"Aventura Z: Vol 1 Lovecraft"},"content":{"rendered":"<p style=\"font-weight: 400;\"><b><strong>Aventura Z Lovecraft<\/strong><\/b>\u00a0es un juego narrativo para una o dos personas en el que os pondr\u00e9is en la piel de los investigadores para resolver un caso. Un caso nada f\u00e1cil ya que en el que est\u00e1n implicados poderes ocultos m\u00e1s all\u00e1 del conocimiento humano, inspirados en la literatura de H.P. Lovecraft<\/p>\n<p><b><strong>Mec\u00e1nica<\/strong><\/b><\/p>\n<p style=\"font-weight: 400;\">Aventura Z Volumen 1, es un juego narrativo que cuenta con cuarenta mapas distintos donde la perspicacia y la astucia ser\u00e1n fundamentales para sobrevivir y descubrir hasta cinco finales distintos por aventura. S\u00f3lo necesitar\u00e1s el libro, el mazo de cartas y los dados, desplegando el juego r\u00e1pidamente para adentrarte en la aventura.<\/p>\n","protected":false},"excerpt":{"rendered":"<p>Aventura Z Lovecraft\u00a0es un juego narrativo para una o dos personas en el que os pondr\u00e9is en la piel de los investigadores para resolver un caso. Un caso nada f\u00e1cil ya que en el que est\u00e1n implicados poderes ocultos m\u00e1s all\u00e1 del conocimiento humano, inspirados en la literatura de H.P. Lovecraft Mec\u00e1nica Aventura Z Volumen [&hellip;]<\/p>\n","protected":false},"featured_media":64131,"template":"","meta":{"_acf_changed":false},"product_brand":[],"product_cat":[2003,1653,2002,1180],"product_tag":[],"class_list":{"0":"post-64137","1":"product","2":"type-product","3":"status-publish","4":"has-post-thumbnail","6":"product_cat-cooperative-es","7":"product_cat-boardgames","8":"product_cat-solo-games-es","9":"product_cat-retail-products-es","11":"first","12":"onbackorder","13":"sale","14":"taxable","15":"shipping-taxable","16":"purchasable","17":"product-type-simple"},"exclude_global_add_ons":[],"addons":[],"acf":[],"_links":{"self":[{"href":"https:\/\/www.customeeple.com\/es\/wp-json\/wp\/v2\/product\/64137","targetHints":{"allow":["GET"]}}],"collection":[{"href":"https:\/\/www.customeeple.com\/es\/wp-json\/wp\/v2\/product"}],"about":[{"href":"https:\/\/www.customeeple.com\/es\/wp-json\/wp\/v2\/types\/product"}],"wp:featuredmedia":[{"embeddable":true,"href":"https:\/\/www.customeeple.com\/es\/wp-json\/wp\/v2\/media\/64131"}],"wp:attachment":[{"href":"https:\/\/www.customeeple.com\/es\/wp-json\/wp\/v2\/media?parent=64137"}],"wp:term":[{"taxonomy":"product_brand","embeddable":true,"href":"https:\/\/www.customeeple.com\/es\/wp-json\/wp\/v2\/product_brand?post=64137"},{"taxonomy":"product_cat","embeddable":true,"href":"https:\/\/www.customeeple.com\/es\/wp-json\/wp\/v2\/product_cat?post=64137"},{"taxonomy":"product_tag","embeddable":true,"href":"https:\/\/www.customeeple.com\/es\/wp-json\/wp\/v2\/product_tag?post=64137"}],"curies":[{"name":"wp","href":"https:\/\/api.w.org\/{rel}","templated":true}]}}