{"id":64117,"date":"2022-07-20T11:07:34","date_gmt":"2022-07-20T10:07:34","guid":{"rendered":"https:\/\/www.customeeple.com\/product\/pictures-orange\/"},"modified":"2022-07-20T11:07:34","modified_gmt":"2022-07-20T10:07:34","slug":"pictures-orange","status":"publish","type":"product","link":"https:\/\/www.customeeple.com\/es\/producto\/pictures-orange\/","title":{"rendered":"Pictures: Orange (SPA)"},"content":{"rendered":"<p>Pictures Orange Expansi\u00f3n<\/p>\n<p>\u00a1Pon a prueba tu imaginaci\u00f3n para recrear con diversos elementos distintas fotograf\u00edas! PICTURES ORANGE es la primera expansi\u00f3n para el juego PICTURES, ganador al mejor juego familiar en Alemania en el a\u00f1o 2021. !Esta expansi\u00f3n a\u00f1ade nuevas fotograf\u00edas y dos sets extra de componentes para aumentar la variedad y diversi\u00f3n!<\/p>\n<p>En Pictures, los jugadores tendr\u00e1n que recrear las im\u00e1genes que se encuentran en una cuadr\u00edcula utilizando distintos componentes, que ir\u00e1n rotando entre los jugadores en cada ronda. Cada jugador recibir\u00e1 un set compuesto de cubos de madera de colores, bloques de construcci\u00f3n, piedras y palitos naturales, 2 cordones de tama\u00f1o diferente o varias tarjetas pictogr\u00e1ficas, adem\u00e1s de una coordenada en la cuadr\u00edcula que forman las im\u00e1genes. Despu\u00e9s, recibir\u00e1n 2 fichas que determinar\u00e1n qu\u00e9 ilustraci\u00f3n deben recrear.<\/p>\n<p>\u00bfC\u00f3mo se juega?<\/p>\n<p>Jugar a Pictures es muy sencillo, solo hay que desplegar las 16 cartas de im\u00e1genes en el centro de la mesa, identificar con letras (A, B, C, D) y n\u00fameros (1, 2, 3, 4) las filas y columnas, repartir un componente a cada jugador para recrear la imagen (figuras de madera, palos y piedras, cubos de colores, cordones de zapato y cartas con iconos) y anotar en la hoja de puntuaci\u00f3n los nombres de cada uno de los jugadores. Luego cada jugador coge de la bolsa de tela una ficha que identifica que imagen debe recrear, con las coordenadas de filas y columnas (A3, D1, etc\u2026), la ve y coloca boca abajo frente a \u00e9l. Y entonces manos a la obra, con los componentes que le han correspondido a cada jugador tienen que tratar de reflejar lo m\u00e1s fielmente posible la imagen que le haya tocado. Y comienzan las risas flojas \u00bfque tengo que recrear qu\u00e9 con qu\u00e9?&#8230; Trascurrido un tiempo (por defecto no se establece un l\u00edmite oficial de tiempo cada grupo de juego debe determinar cu\u00e1l considera el adecuado) se dice stop y cada jugador anota en la hoja de puntuaci\u00f3n que imagen cree que ha recreado cada uno de los otros jugadores. Y entonces vienen las carcajadas, cada jugador da la vuelta a su ficha de coordenadas y explica c\u00f3mo ha recreado la imagen Finalmente se verifica qui\u00e9n ha adivinado qu\u00e9 imagen, cuando se adivina una imagen el jugador que la ha recreado obtiene un punto y el que la ha adivinado otro, se suman los puntos y acaba la ronda. Cada jugador pasa sus componentes al jugador que tiene a su izquierda y volvemos a empezar. Transcurridas cinco rondas acaba el juego se suman los puntos y el jugador que haya obtenido m\u00e1s puntos gana.<\/p>\n<p>\u00bfQu\u00e9 novedades aporta Pictures Orange?<\/p>\n<p>\u2022 2 nuevos sets para representar las im\u00e1genes 1) piezas acr\u00edlicas para poner en un marco y 2) pinzas de ropa y fieltro<\/p>\n<p>\u2022 Posibilidad de ampliar el n\u00famero de jugadores a 6<\/p>\n<p>Las reglas del juego original son las mismas, pero ahora los 2 sets incluidos en esta expansi\u00f3n se a\u00f1aden a los 5 sets originales para hacer un total de 7. Antes de cada partida, los jugadores eligen los sets que ser\u00e1n utilizados durante la partida en funci\u00f3n del n\u00famero de jugadores.<\/p>\n<p>Las reglas de uso de los 2 sets de esta expansi\u00f3n son las siguientes<\/p>\n<p>Piezas acr\u00edlicas en el marco<\/p>\n<p>Coloca tantas piezas acr\u00edlicas como consideres necesario, siempre dentro del marco cuadrado (ninguna pieza puede sobresalir del marco). Ninguna pieza acr\u00edlica puede tampoco quedar superpuesta a otra pieza, ni siquiera parcialmente (estas mismas reglas se aplican a las variantes).<\/p>\n<p>Pinzas de la ropa y fieltro<\/p>\n<p>Puedes utilizar tantos elementos como consideres necesario, y de la forma que creas oportuna. Utiliza una ficha de \u201cPictures\u201d del juego base para crear una referencia de posici\u00f3n. Variante: puedes utilizar los elementos que quieras como consideres necesario, pero las pinzas deben estar unidas a otras pinzas o una pieza de fieltro.<\/p>\n<p>Reglas Especiales Partidas a 6 jugadores<\/p>\n<p>Utiliza 6 sets de componentes y jugad a 6 rondas. Despu\u00e9s de 3 rondas, eliminad las 16 cartas de la cuadr\u00edcula y cambiadlas por 16 fotograf\u00edas nuevas. Devolved todas las fichas de coordenadas a la bolsa. Alternativamente, pod\u00e9is ir sustituyendo las fotograf\u00edas que se hayan recreado devolviendo las coordenadas a la bolsa, en cada ronda, de manera que siempre habr\u00e1 16 fotograf\u00edas no recreadas.<\/p>\n<p>Contenido:<\/p>\n<p>\u2022 16 piezas acr\u00edlicas<\/p>\n<p>\u2022 1 marco para fotos a doble cara<\/p>\n<p>\u2022 2 piezas de fieltro naranja<\/p>\n<p>\u2022 5 pinzas para la ropa<\/p>\n<p>\u2022 55 cartas de fotos a doble cara<\/p>\n<p>\u2022 1 bloc de notas<\/p>\n<p>\u2022 1 reglamento<\/p>\n<p>PREMIOS<\/p>\n<p>\u2022 Ganador del \u201cOscar\u201d de la \u201cAcademia Alemana de Juegos de Mesa\u201d Spiel des Jahres en el a\u0144o 2020<\/p>\n","protected":false},"excerpt":{"rendered":"<p>Pictures Orange Expansi\u00f3n \u00a1Pon a prueba tu imaginaci\u00f3n para recrear con diversos elementos distintas fotograf\u00edas! PICTURES ORANGE es la primera expansi\u00f3n para el juego PICTURES, ganador al mejor juego familiar en Alemania en el a\u00f1o 2021. !Esta expansi\u00f3n a\u00f1ade nuevas fotograf\u00edas y dos sets extra de componentes para aumentar la variedad y diversi\u00f3n! En Pictures, [&hellip;]<\/p>\n","protected":false},"featured_media":64113,"template":"","meta":{"_acf_changed":false},"product_brand":[],"product_cat":[1653,1180],"product_tag":[],"class_list":{"0":"post-64117","1":"product","2":"type-product","3":"status-publish","4":"has-post-thumbnail","6":"product_cat-boardgames","7":"product_cat-retail-products-es","9":"first","10":"onbackorder","11":"sale","12":"taxable","13":"shipping-taxable","14":"purchasable","15":"product-type-simple"},"exclude_global_add_ons":[],"addons":[],"acf":[],"_links":{"self":[{"href":"https:\/\/www.customeeple.com\/es\/wp-json\/wp\/v2\/product\/64117","targetHints":{"allow":["GET"]}}],"collection":[{"href":"https:\/\/www.customeeple.com\/es\/wp-json\/wp\/v2\/product"}],"about":[{"href":"https:\/\/www.customeeple.com\/es\/wp-json\/wp\/v2\/types\/product"}],"wp:featuredmedia":[{"embeddable":true,"href":"https:\/\/www.customeeple.com\/es\/wp-json\/wp\/v2\/media\/64113"}],"wp:attachment":[{"href":"https:\/\/www.customeeple.com\/es\/wp-json\/wp\/v2\/media?parent=64117"}],"wp:term":[{"taxonomy":"product_brand","embeddable":true,"href":"https:\/\/www.customeeple.com\/es\/wp-json\/wp\/v2\/product_brand?post=64117"},{"taxonomy":"product_cat","embeddable":true,"href":"https:\/\/www.customeeple.com\/es\/wp-json\/wp\/v2\/product_cat?post=64117"},{"taxonomy":"product_tag","embeddable":true,"href":"https:\/\/www.customeeple.com\/es\/wp-json\/wp\/v2\/product_tag?post=64117"}],"curies":[{"name":"wp","href":"https:\/\/api.w.org\/{rel}","templated":true}]}}