{"id":64109,"date":"2022-07-22T14:14:49","date_gmt":"2022-07-22T13:14:49","guid":{"rendered":"https:\/\/www.customeeple.com\/product\/living-forest-spa\/"},"modified":"2022-07-22T14:14:49","modified_gmt":"2022-07-22T13:14:49","slug":"living-forest-spa","status":"publish","type":"product","link":"https:\/\/www.customeeple.com\/es\/producto\/living-forest-spa\/","title":{"rendered":"Living Forest (SPA)"},"content":{"rendered":"<p>El \u00c1rbol Sagrado del Bosque est\u00e1 siendo devastado por las llamas de Onibi y, para protegerlo, se ha invocado a los Cuatro Esp\u00edritus de la Naturaleza: Primavera, Verano, Oto\u00f1o e Invierno. Todos ellos desean convertirse en la leyenda que consigui\u00f3 salvar su hogar y, as\u00ed, recibir el honor\u00edfico t\u00edtulo de Gran Protector. Si desean ganar esta batalla contra el terrible Onibi, \u00a1deber\u00e1n ponerse manos a la obra!<\/p>\n<p>Plantar \u00e1rboles protectores, ahuyentar las incesantes llamas o despertar a Sanki, el Guardi\u00e1n del Bosque\u2026 \u00bfCu\u00e1l ser\u00e1 la mejor estrategia?<\/p>\n<p><strong><a class=\"btn btn-default\" href=\"https:\/\/boardgamegeek.com\/boardgame\/328479\/living-forest\" target=\"_blank\" rel=\"noreferrer noopener\">ENLACE A LA BGG<\/a><br \/>\n<\/strong><\/p>\n","protected":false},"excerpt":{"rendered":"<p>El \u00c1rbol Sagrado del Bosque est\u00e1 siendo devastado por las llamas de Onibi y, para protegerlo, se ha invocado a los Cuatro Esp\u00edritus de la Naturaleza: Primavera, Verano, Oto\u00f1o e Invierno. Todos ellos desean convertirse en la leyenda que consigui\u00f3 salvar su hogar y, as\u00ed, recibir el honor\u00edfico t\u00edtulo de Gran Protector. Si desean ganar [&hellip;]<\/p>\n","protected":false},"featured_media":64104,"template":"","meta":{"_acf_changed":false},"product_brand":[],"product_cat":[1561,1653,1180],"product_tag":[],"class_list":{"0":"post-64109","1":"product","2":"type-product","3":"status-publish","4":"has-post-thumbnail","6":"product_cat-familiar-es","7":"product_cat-boardgames","8":"product_cat-retail-products-es","10":"first","11":"onbackorder","12":"sale","13":"taxable","14":"shipping-taxable","15":"purchasable","16":"product-type-simple"},"exclude_global_add_ons":[],"addons":[],"acf":[],"_links":{"self":[{"href":"https:\/\/www.customeeple.com\/es\/wp-json\/wp\/v2\/product\/64109","targetHints":{"allow":["GET"]}}],"collection":[{"href":"https:\/\/www.customeeple.com\/es\/wp-json\/wp\/v2\/product"}],"about":[{"href":"https:\/\/www.customeeple.com\/es\/wp-json\/wp\/v2\/types\/product"}],"wp:featuredmedia":[{"embeddable":true,"href":"https:\/\/www.customeeple.com\/es\/wp-json\/wp\/v2\/media\/64104"}],"wp:attachment":[{"href":"https:\/\/www.customeeple.com\/es\/wp-json\/wp\/v2\/media?parent=64109"}],"wp:term":[{"taxonomy":"product_brand","embeddable":true,"href":"https:\/\/www.customeeple.com\/es\/wp-json\/wp\/v2\/product_brand?post=64109"},{"taxonomy":"product_cat","embeddable":true,"href":"https:\/\/www.customeeple.com\/es\/wp-json\/wp\/v2\/product_cat?post=64109"},{"taxonomy":"product_tag","embeddable":true,"href":"https:\/\/www.customeeple.com\/es\/wp-json\/wp\/v2\/product_tag?post=64109"}],"curies":[{"name":"wp","href":"https:\/\/api.w.org\/{rel}","templated":true}]}}