{"id":64096,"date":"2022-07-16T19:38:03","date_gmt":"2022-07-16T18:38:03","guid":{"rendered":"https:\/\/www.customeeple.com\/product\/carnegie\/"},"modified":"2022-07-16T19:38:03","modified_gmt":"2022-07-16T18:38:03","slug":"carnegie","status":"publish","type":"product","link":"https:\/\/www.customeeple.com\/es\/producto\/carnegie\/","title":{"rendered":"Carnegie (SPA)"},"content":{"rendered":"<p>Carnegie se inspir\u00f3 en la vida de Andrew Carnegie, quien naci\u00f3 en Escocia en 1835. Andrew Carnegie y sus padres emigraron a los Estados Unidos en 1848. Aunque comenz\u00f3 su carrera como telegrafista, su papel como uno de los principales actores en el ascenso de la industria del acero de los Estados Unidos lo convirti\u00f3 en uno de los hombres m\u00e1s ricos del mundo y en un \u00edcono del sue\u00f1o americano.<\/p>\n<p>Andrew Carnegie tambi\u00e9n fue un benefactor y fil\u00e1ntropo; tras su muerte en 1919, m\u00e1s de $ 350 millones de su riqueza fueron legados a varias fundaciones, y otros $ 30 millones se destinaron a diversas organizaciones ben\u00e9ficas. Sus donaciones crearon casi 2.500 bibliotecas p\u00fablicas gratuitas que llevan su nombre: las Bibliotecas Carnegie.<\/p>\n<p>Durante el juego, reclutar\u00e1s y administrar\u00e1s empleados, expandir\u00e1s tu negocio, invertir\u00e1s en bienes ra\u00edces, producir\u00e1s y vender\u00e1s bienes y crear\u00e1s cadenas de transporte en los Estados Unidos; incluso puedes trabajar con personalidades importantes de la \u00e9poca. \u00a1Quiz\u00e1s incluso te conviertas en un ilustre benefactor que contribuya a la grandeza de tu pa\u00eds a trav\u00e9s de hechos y generosidad!<\/p>\n<p>El juego se desarrolla en 20 rondas; los jugadores tendr\u00e1n cada uno un turno por ronda. En cada turno, el jugador activo elegir\u00e1 una de las cuatro acciones, que los otros jugadores pueden seguir. El objetivo del juego es construir la empresa m\u00e1s prestigiosa, simbolizada por los puntos de victoria.<\/p>\n<p><strong><a class=\"btn btn-default\" href=\"https:\/\/boardgamegeek.com\/boardgame\/310873\/carnegie\" target=\"_blank\" rel=\"noreferrer noopener\">ENLACE A LA BGG<\/a><br \/>\n<\/strong><\/p>\n","protected":false},"excerpt":{"rendered":"<p>Carnegie se inspir\u00f3 en la vida de Andrew Carnegie, quien naci\u00f3 en Escocia en 1835. Andrew Carnegie y sus padres emigraron a los Estados Unidos en 1848. Aunque comenz\u00f3 su carrera como telegrafista, su papel como uno de los principales actores en el ascenso de la industria del acero de los Estados Unidos lo convirti\u00f3 [&hellip;]<\/p>\n","protected":false},"featured_media":64092,"template":"","meta":{"_acf_changed":false},"product_brand":[],"product_cat":[1653,1180],"product_tag":[],"class_list":{"0":"post-64096","1":"product","2":"type-product","3":"status-publish","4":"has-post-thumbnail","6":"product_cat-boardgames","7":"product_cat-retail-products-es","9":"first","10":"onbackorder","11":"sale","12":"taxable","13":"shipping-taxable","14":"purchasable","15":"product-type-simple"},"exclude_global_add_ons":[],"addons":[],"acf":[],"_links":{"self":[{"href":"https:\/\/www.customeeple.com\/es\/wp-json\/wp\/v2\/product\/64096","targetHints":{"allow":["GET"]}}],"collection":[{"href":"https:\/\/www.customeeple.com\/es\/wp-json\/wp\/v2\/product"}],"about":[{"href":"https:\/\/www.customeeple.com\/es\/wp-json\/wp\/v2\/types\/product"}],"wp:featuredmedia":[{"embeddable":true,"href":"https:\/\/www.customeeple.com\/es\/wp-json\/wp\/v2\/media\/64092"}],"wp:attachment":[{"href":"https:\/\/www.customeeple.com\/es\/wp-json\/wp\/v2\/media?parent=64096"}],"wp:term":[{"taxonomy":"product_brand","embeddable":true,"href":"https:\/\/www.customeeple.com\/es\/wp-json\/wp\/v2\/product_brand?post=64096"},{"taxonomy":"product_cat","embeddable":true,"href":"https:\/\/www.customeeple.com\/es\/wp-json\/wp\/v2\/product_cat?post=64096"},{"taxonomy":"product_tag","embeddable":true,"href":"https:\/\/www.customeeple.com\/es\/wp-json\/wp\/v2\/product_tag?post=64096"}],"curies":[{"name":"wp","href":"https:\/\/api.w.org\/{rel}","templated":true}]}}