{"id":64072,"date":"2022-07-16T19:36:43","date_gmt":"2022-07-16T18:36:43","guid":{"rendered":"https:\/\/www.customeeple.com\/product\/tomo-de-batalla-sylvaneth\/"},"modified":"2022-07-16T19:36:43","modified_gmt":"2022-07-16T18:36:43","slug":"tomo-de-batalla-sylvaneth","status":"publish","type":"product","link":"https:\/\/www.customeeple.com\/es\/producto\/tomo-de-batalla-sylvaneth\/","title":{"rendered":"Tomo de Batalla: Sylvaneth (SPA)"},"content":{"rendered":"<p>Extra\u00f1os y fe\u00e9ricos son los Sylvaneth, hijos de Alarielle, la diosa de la vida. Estos esp\u00edritus del bosque han habitado durante mucho tiempo en los bosques de los Reinos Mortales, protegiendo los lugares de poder de los intrusos malignos y del toque deformador del Caos. A medida que los efectos del Rito de la Vida de la Reina Eterna se hacen sentir en todo el cosmos, los Sylvaneth se encuentran una vez m\u00e1s a la ofensiva. Con una hechicer\u00eda vital, espadas encantadas y garras de roble, se asegurar\u00e1n de que el poder del gran ritual de su diosa se extienda por todas las tierras.<\/p>\n<p>Este libro contiene todo lo que necesitas saber para llevar a los frondosos hijos de Alarielle a la victoria en tus partidas de Warhammer Age of Sigmar, y descubrir su lugar en los Reinos Mortales. Aprende la larga historia de estos guardianes inmortales de Ghyran, explora el complejo ecosistema que gobierna a la gente del bosque y descubre los misteriosos guerreros que luchan en nombre de la propia Vida.<\/p>\n<p><strong>Este libro de tapa dura de 104 p\u00e1ginas contiene:<\/strong><\/p>\n<p>&#8211; Much\u00edsima informaci\u00f3n sobre los Sylvaneth, incluyendo su historia, curiosas tradiciones arb\u00f3reas y figuras legendarias como Drycha Hamadreth y Alarielle la Reina Eterna.<br \/>\n&#8211; Un mont\u00f3n de ilustraciones que muestran las energ\u00edas vitales de los Sylvaneth<br \/>\n&#8211; 25 rhojas de unidad y perfiles de batallas campales para los esp\u00edritus de Ghyran, desde arqueros cendales que revolotean y lanceros den dracofatas hasta la semidiosa Dama de las Enredaderas<br \/>\n&#8211; Reglas para los 7 mayores claros de Sylvaneth y sus 4 estaciones de guerra, adem\u00e1s de rasgos de mando, artefactos de poder, saberes de hechizos y rasgos de batalla como Lugares de Poder y Bendiciones Verdes<br \/>\n&#8211; Reglas de campa\u00f1a de Sendero a la gloria que te permiten hacer crecer y extender tu fortaleza de Arboleda silvestre hasta convertirla en un poderoso bosque, adem\u00e1s de 5 batallones de facci\u00f3n que usar en el juego narrativo<br \/>\n&#8211; Contenido de juego equilibrado que incluye 3 grandes estrategias y 5 t\u00e1cticas de batalla, as\u00ed como un batall\u00f3n b\u00e1sico centrado en los Se\u00f1ores arb\u00f3reos<br \/>\n&#8211; Una galer\u00eda de impresionantes miniaturas de Sylvaneth con todos los colores naturales de sus Claros, junto con gu\u00edas para pintarlas t\u00fa mismo<\/p>\n","protected":false},"excerpt":{"rendered":"<p>Extra\u00f1os y fe\u00e9ricos son los Sylvaneth, hijos de Alarielle, la diosa de la vida. Estos esp\u00edritus del bosque han habitado durante mucho tiempo en los bosques de los Reinos Mortales, protegiendo los lugares de poder de los intrusos malignos y del toque deformador del Caos. A medida que los efectos del Rito de la Vida [&hellip;]<\/p>\n","protected":false},"featured_media":64065,"template":"","meta":{"_acf_changed":false},"product_brand":[],"product_cat":[1177,1180,1623,1654],"product_tag":[],"class_list":{"0":"post-64072","1":"product","2":"type-product","3":"status-publish","4":"has-post-thumbnail","6":"product_cat-games-workshop-es","7":"product_cat-retail-products-es","8":"product_cat-wargames-es-2","9":"product_cat-warhammer-age-of-sigmar-es-2","11":"first","12":"instock","13":"sale","14":"taxable","15":"shipping-taxable","16":"purchasable","17":"product-type-simple"},"exclude_global_add_ons":[],"addons":[],"acf":[],"_links":{"self":[{"href":"https:\/\/www.customeeple.com\/es\/wp-json\/wp\/v2\/product\/64072","targetHints":{"allow":["GET"]}}],"collection":[{"href":"https:\/\/www.customeeple.com\/es\/wp-json\/wp\/v2\/product"}],"about":[{"href":"https:\/\/www.customeeple.com\/es\/wp-json\/wp\/v2\/types\/product"}],"wp:featuredmedia":[{"embeddable":true,"href":"https:\/\/www.customeeple.com\/es\/wp-json\/wp\/v2\/media\/64065"}],"wp:attachment":[{"href":"https:\/\/www.customeeple.com\/es\/wp-json\/wp\/v2\/media?parent=64072"}],"wp:term":[{"taxonomy":"product_brand","embeddable":true,"href":"https:\/\/www.customeeple.com\/es\/wp-json\/wp\/v2\/product_brand?post=64072"},{"taxonomy":"product_cat","embeddable":true,"href":"https:\/\/www.customeeple.com\/es\/wp-json\/wp\/v2\/product_cat?post=64072"},{"taxonomy":"product_tag","embeddable":true,"href":"https:\/\/www.customeeple.com\/es\/wp-json\/wp\/v2\/product_tag?post=64072"}],"curies":[{"name":"wp","href":"https:\/\/api.w.org\/{rel}","templated":true}]}}