{"id":64071,"date":"2022-07-22T14:14:58","date_gmt":"2022-07-22T13:14:58","guid":{"rendered":"https:\/\/www.customeeple.com\/product\/citadel-colour-tufts-verdia-velt\/"},"modified":"2022-07-22T14:14:58","modified_gmt":"2022-07-22T13:14:58","slug":"citadel-colour-tufts-verdia-velt","status":"publish","type":"product","link":"https:\/\/www.customeeple.com\/es\/producto\/citadel-colour-tufts-verdia-velt\/","title":{"rendered":"Citadel Colour: Verdia Veldt Tufts"},"content":{"rendered":"<p>Aunque muchos campos de batalla se convierten en barrizales en cuanto empieza la lucha, a menudo los ej\u00e9rcitos deben atravesar verdes prados de camino a la guerra. Muchos reinos y mundos contienen al menos algunas regiones frondosas, por lo que es habitual que los soldados empiecen sus campa\u00f1as rodeados de naturaleza.<\/p>\n<p>Dale color y detalles a las peanas de tus ej\u00e9rcitos con los Verdia Veldt Tufts de Citadel Colour, que le dar\u00e1n coherencia visual y peanas realistas a tu ej\u00e9rcito en cuesti\u00f3n de minutos. Los arbustos se adhieren a las peanas mediante un potente adhesivo en la parte trasera y son compatibles con distintos tipos de pinturas e imprimaciones. Cada arbusto puede cortarse o modificarse de distintas formas, y son perfectos para ambientar a ej\u00e9rcitos desplegados en entornos frondosos.<\/p>\n<p><strong>Este pack contiene 125 matojos de los siguientes tipos:<\/strong><\/p>\n<p>\u2013 48 redondos de peque\u00f1o tama\u00f1o<br \/>\n\u2013 35 redondos de gran tama\u00f1o<br \/>\n\u2013 24 rectangulares de bordes redondeados<br \/>\n\u2013 18 en forma de media luna<\/p>\n<p>Las miniaturas de las im\u00e1genes sirven para mostrar escalas y tama\u00f1os y no se incluyen en este producto.<\/p>\n","protected":false},"excerpt":{"rendered":"<p>Aunque muchos campos de batalla se convierten en barrizales en cuanto empieza la lucha, a menudo los ej\u00e9rcitos deben atravesar verdes prados de camino a la guerra. Muchos reinos y mundos contienen al menos algunas regiones frondosas, por lo que es habitual que los soldados empiecen sus campa\u00f1as rodeados de naturaleza. Dale color y detalles [&hellip;]<\/p>\n","protected":false},"featured_media":64067,"template":"","meta":{"_acf_changed":false},"product_brand":[],"product_cat":[1401,1180],"product_tag":[],"class_list":{"0":"post-64071","1":"product","2":"type-product","3":"status-publish","4":"has-post-thumbnail","6":"product_cat-pintura-y-modelismo","7":"product_cat-retail-products-es","9":"first","10":"onbackorder","11":"sale","12":"taxable","13":"shipping-taxable","14":"purchasable","15":"product-type-simple"},"exclude_global_add_ons":[],"addons":[],"acf":[],"_links":{"self":[{"href":"https:\/\/www.customeeple.com\/es\/wp-json\/wp\/v2\/product\/64071","targetHints":{"allow":["GET"]}}],"collection":[{"href":"https:\/\/www.customeeple.com\/es\/wp-json\/wp\/v2\/product"}],"about":[{"href":"https:\/\/www.customeeple.com\/es\/wp-json\/wp\/v2\/types\/product"}],"wp:featuredmedia":[{"embeddable":true,"href":"https:\/\/www.customeeple.com\/es\/wp-json\/wp\/v2\/media\/64067"}],"wp:attachment":[{"href":"https:\/\/www.customeeple.com\/es\/wp-json\/wp\/v2\/media?parent=64071"}],"wp:term":[{"taxonomy":"product_brand","embeddable":true,"href":"https:\/\/www.customeeple.com\/es\/wp-json\/wp\/v2\/product_brand?post=64071"},{"taxonomy":"product_cat","embeddable":true,"href":"https:\/\/www.customeeple.com\/es\/wp-json\/wp\/v2\/product_cat?post=64071"},{"taxonomy":"product_tag","embeddable":true,"href":"https:\/\/www.customeeple.com\/es\/wp-json\/wp\/v2\/product_tag?post=64071"}],"curies":[{"name":"wp","href":"https:\/\/api.w.org\/{rel}","templated":true}]}}