{"id":63972,"date":"2022-07-13T09:03:33","date_gmt":"2022-07-13T08:03:33","guid":{"rendered":"https:\/\/www.customeeple.com\/product\/ghost-adventure\/"},"modified":"2022-07-13T09:03:33","modified_gmt":"2022-07-13T08:03:33","slug":"ghost-adventure","status":"publish","type":"product","link":"https:\/\/www.customeeple.com\/es\/producto\/ghost-adventure\/","title":{"rendered":"Ghost Adventure (ESP)"},"content":{"rendered":"<h1 class=\"qodef-st-title\">\u00a1Salva el bosque con tu peonza m\u00e1gica!<\/h1>\n<p class=\"qodef-st-text\">Hasta ahora, la paz reinaba en el reino del bosque. Los esp\u00edritus guardianes, que habitan en las estatuas de sus antepasados, vigilan a los animales que viven bajo el cielo. Pero un d\u00eda, guerreros lobo armados hasta los dientes llegan a sus costas. Destruyeron las estatuas y capturaron a los esp\u00edritus guardianes. Todas las esperanzas est\u00e1n puestas en el \u00fanico esp\u00edritu que logr\u00f3 escapar: un peque\u00f1o rat\u00f3n fantasma y su peonza m\u00e1gica.<br \/>\nGhost Adventure es un juego familiar en el que los jugadores gu\u00edan una peonza a trav\u00e9s de varios tableros de juego, completando tareas a trav\u00e9s de ellos para cumplir las diferentes misiones. En total dispondremos de 56 misiones en 8 mundos diferentes que tendremos que completar con distintas recorridos de nuestra peonza.<\/p>\n<p class=\"qodef-st-text\"><span class=\"gmail_default\">(1-4 jugadores \/\u00a0+8 a\u00f1os \/ 15-30 min)<\/span><\/p>\n","protected":false},"excerpt":{"rendered":"<p>\u00a1Salva el bosque con tu peonza m\u00e1gica! Hasta ahora, la paz reinaba en el reino del bosque. Los esp\u00edritus guardianes, que habitan en las estatuas de sus antepasados, vigilan a los animales que viven bajo el cielo. Pero un d\u00eda, guerreros lobo armados hasta los dientes llegan a sus costas. Destruyeron las estatuas y capturaron [&hellip;]<\/p>\n","protected":false},"featured_media":63968,"template":"","meta":{"_acf_changed":false},"product_brand":[],"product_cat":[1561,1653,1180],"product_tag":[],"class_list":{"0":"post-63972","1":"product","2":"type-product","3":"status-publish","4":"has-post-thumbnail","6":"product_cat-familiar-es","7":"product_cat-boardgames","8":"product_cat-retail-products-es","10":"first","11":"onbackorder","12":"sale","13":"taxable","14":"shipping-taxable","15":"purchasable","16":"product-type-simple"},"exclude_global_add_ons":[],"addons":[],"acf":[],"_links":{"self":[{"href":"https:\/\/www.customeeple.com\/es\/wp-json\/wp\/v2\/product\/63972","targetHints":{"allow":["GET"]}}],"collection":[{"href":"https:\/\/www.customeeple.com\/es\/wp-json\/wp\/v2\/product"}],"about":[{"href":"https:\/\/www.customeeple.com\/es\/wp-json\/wp\/v2\/types\/product"}],"wp:featuredmedia":[{"embeddable":true,"href":"https:\/\/www.customeeple.com\/es\/wp-json\/wp\/v2\/media\/63968"}],"wp:attachment":[{"href":"https:\/\/www.customeeple.com\/es\/wp-json\/wp\/v2\/media?parent=63972"}],"wp:term":[{"taxonomy":"product_brand","embeddable":true,"href":"https:\/\/www.customeeple.com\/es\/wp-json\/wp\/v2\/product_brand?post=63972"},{"taxonomy":"product_cat","embeddable":true,"href":"https:\/\/www.customeeple.com\/es\/wp-json\/wp\/v2\/product_cat?post=63972"},{"taxonomy":"product_tag","embeddable":true,"href":"https:\/\/www.customeeple.com\/es\/wp-json\/wp\/v2\/product_tag?post=63972"}],"curies":[{"name":"wp","href":"https:\/\/api.w.org\/{rel}","templated":true}]}}