{"id":63971,"date":"2022-07-13T09:03:20","date_gmt":"2022-07-13T08:03:20","guid":{"rendered":"https:\/\/www.customeeple.com\/product\/magic-rabbit\/"},"modified":"2022-07-13T09:03:20","modified_gmt":"2022-07-13T08:03:20","slug":"magic-rabbit","status":"publish","type":"product","link":"https:\/\/www.customeeple.com\/es\/producto\/magic-rabbit\/","title":{"rendered":"Magic Rabbit (ESP)"},"content":{"rendered":"<h1 class=\"qodef-st-title\">Los conejos invaden el escenario<\/h1>\n<p>El espect\u00e1culo de magia est\u00e1 a punto de empezar. Detr\u00e1s del tel\u00f3n se ha desatado el p\u00e1nico: \u00a1Los conejos saltan por todas partes y los sombreros ruedan por el suelo!<\/p>\n<p>(1-4 jugadores \/ +8 a\u00f1os \/ 3 min)<\/p>\n","protected":false},"excerpt":{"rendered":"<p>Los conejos invaden el escenario El espect\u00e1culo de magia est\u00e1 a punto de empezar. Detr\u00e1s del tel\u00f3n se ha desatado el p\u00e1nico: \u00a1Los conejos saltan por todas partes y los sombreros ruedan por el suelo! (1-4 jugadores \/ +8 a\u00f1os \/ 3 min)<\/p>\n","protected":false},"featured_media":63970,"template":"","meta":{"_acf_changed":false},"product_brand":[],"product_cat":[1561,1653,1180],"product_tag":[],"class_list":{"0":"post-63971","1":"product","2":"type-product","3":"status-publish","4":"has-post-thumbnail","6":"product_cat-familiar-es","7":"product_cat-boardgames","8":"product_cat-retail-products-es","10":"first","11":"onbackorder","12":"sale","13":"taxable","14":"shipping-taxable","15":"purchasable","16":"product-type-simple"},"exclude_global_add_ons":[],"addons":[],"acf":[],"_links":{"self":[{"href":"https:\/\/www.customeeple.com\/es\/wp-json\/wp\/v2\/product\/63971","targetHints":{"allow":["GET"]}}],"collection":[{"href":"https:\/\/www.customeeple.com\/es\/wp-json\/wp\/v2\/product"}],"about":[{"href":"https:\/\/www.customeeple.com\/es\/wp-json\/wp\/v2\/types\/product"}],"wp:featuredmedia":[{"embeddable":true,"href":"https:\/\/www.customeeple.com\/es\/wp-json\/wp\/v2\/media\/63970"}],"wp:attachment":[{"href":"https:\/\/www.customeeple.com\/es\/wp-json\/wp\/v2\/media?parent=63971"}],"wp:term":[{"taxonomy":"product_brand","embeddable":true,"href":"https:\/\/www.customeeple.com\/es\/wp-json\/wp\/v2\/product_brand?post=63971"},{"taxonomy":"product_cat","embeddable":true,"href":"https:\/\/www.customeeple.com\/es\/wp-json\/wp\/v2\/product_cat?post=63971"},{"taxonomy":"product_tag","embeddable":true,"href":"https:\/\/www.customeeple.com\/es\/wp-json\/wp\/v2\/product_tag?post=63971"}],"curies":[{"name":"wp","href":"https:\/\/api.w.org\/{rel}","templated":true}]}}