{"id":63963,"date":"2022-07-11T13:55:58","date_gmt":"2022-07-11T12:55:58","guid":{"rendered":"https:\/\/www.customeeple.com\/product\/terrains-dark-earth-250ml-acrylic\/"},"modified":"2022-07-11T13:55:58","modified_gmt":"2022-07-11T12:55:58","slug":"terrains-dark-earth-250ml-acrylic","status":"publish","type":"product","link":"https:\/\/www.customeeple.com\/es\/producto\/terrains-dark-earth-250ml-acrylic\/","title":{"rendered":"Terrains Dark Earth &#8211; 250ml (Acrylic)"},"content":{"rendered":"<p>Dark Earth es el producto perfecto para recrear ricos tonos oscuros de la tierra en dioramas o bases de vi\u00f1etas donde se desea una textura espesa y densa.<\/p>\n<p>Este es un producto acr\u00edlico de alta calidad desarrollado para un realismo extremo.<\/p>\n<p>Producto acr\u00edlico para texturas en dioramas.<\/p>\n<p>Resultados perfectos en capas finas o gruesas.<\/p>\n<p>Se puede diluir con agua o diluyente acr\u00edlico para mejorar su fluidez.<\/p>\n<p>Sin t\u00f3xicos.<\/p>\n","protected":false},"excerpt":{"rendered":"<p>Dark Earth es el producto perfecto para recrear ricos tonos oscuros de la tierra en dioramas o bases de vi\u00f1etas donde se desea una textura espesa y densa. Este es un producto acr\u00edlico de alta calidad desarrollado para un realismo extremo. Producto acr\u00edlico para texturas en dioramas. Resultados perfectos en capas finas o gruesas. Se [&hellip;]<\/p>\n","protected":false},"featured_media":63955,"template":"","meta":{"_acf_changed":false},"product_brand":[],"product_cat":[1401,1180],"product_tag":[],"class_list":{"0":"post-63963","1":"product","2":"type-product","3":"status-publish","4":"has-post-thumbnail","6":"product_cat-pintura-y-modelismo","7":"product_cat-retail-products-es","9":"first","10":"instock","11":"sale","12":"taxable","13":"shipping-taxable","14":"purchasable","15":"product-type-simple"},"exclude_global_add_ons":[],"addons":[],"acf":[],"_links":{"self":[{"href":"https:\/\/www.customeeple.com\/es\/wp-json\/wp\/v2\/product\/63963","targetHints":{"allow":["GET"]}}],"collection":[{"href":"https:\/\/www.customeeple.com\/es\/wp-json\/wp\/v2\/product"}],"about":[{"href":"https:\/\/www.customeeple.com\/es\/wp-json\/wp\/v2\/types\/product"}],"wp:featuredmedia":[{"embeddable":true,"href":"https:\/\/www.customeeple.com\/es\/wp-json\/wp\/v2\/media\/63955"}],"wp:attachment":[{"href":"https:\/\/www.customeeple.com\/es\/wp-json\/wp\/v2\/media?parent=63963"}],"wp:term":[{"taxonomy":"product_brand","embeddable":true,"href":"https:\/\/www.customeeple.com\/es\/wp-json\/wp\/v2\/product_brand?post=63963"},{"taxonomy":"product_cat","embeddable":true,"href":"https:\/\/www.customeeple.com\/es\/wp-json\/wp\/v2\/product_cat?post=63963"},{"taxonomy":"product_tag","embeddable":true,"href":"https:\/\/www.customeeple.com\/es\/wp-json\/wp\/v2\/product_tag?post=63963"}],"curies":[{"name":"wp","href":"https:\/\/api.w.org\/{rel}","templated":true}]}}