{"id":63948,"date":"2022-07-11T13:56:43","date_gmt":"2022-07-11T12:56:43","guid":{"rendered":"https:\/\/www.customeeple.com\/product\/belfort-edicion-limitada\/"},"modified":"2022-07-11T13:56:43","modified_gmt":"2022-07-11T12:56:43","slug":"belfort-edicion-limitada","status":"publish","type":"product","link":"https:\/\/www.customeeple.com\/es\/producto\/belfort-edicion-limitada\/","title":{"rendered":"Belfort Edici\u00f3n Limitada"},"content":{"rendered":"<p>Incluye Belfort juego base + Expansi\u00f3n Expandida + Gremios Promocionales en una \u00fanica caja.<\/p>\n<p>Los jugadores compiten como prospectores construyendo sus imperios minerosmientras luchan por los metales preciosos de la frontera. En un delicioso equilibrio entre gesti\u00f3n de recursos y control de \u00e1reas, los jugadores deben planificar sus estrategias de construcci\u00f3n mientras gestionan\u00a0sus tracks de suministros. Sello de Excelencia de The Dice Tower.<\/p>\n<p><strong>Duraci\u00f3n:<\/strong>90-120min<\/p>\n<p><strong>Edad M\u00ednima Recomendada:<\/strong>14+<\/p>\n<p><strong>N\u00ba de Jugadores:<\/strong>2-5<\/p>\n","protected":false},"excerpt":{"rendered":"<p>Incluye Belfort juego base + Expansi\u00f3n Expandida + Gremios Promocionales en una \u00fanica caja. Los jugadores compiten como prospectores construyendo sus imperios minerosmientras luchan por los metales preciosos de la frontera. En un delicioso equilibrio entre gesti\u00f3n de recursos y control de \u00e1reas, los jugadores deben planificar sus estrategias de construcci\u00f3n mientras gestionan\u00a0sus tracks de [&hellip;]<\/p>\n","protected":false},"featured_media":63944,"template":"","meta":{"_acf_changed":false},"product_brand":[],"product_cat":[1653,1180],"product_tag":[],"class_list":{"0":"post-63948","1":"product","2":"type-product","3":"status-publish","4":"has-post-thumbnail","6":"product_cat-boardgames","7":"product_cat-retail-products-es","9":"first","10":"instock","11":"sale","12":"taxable","13":"shipping-taxable","14":"purchasable","15":"product-type-simple"},"exclude_global_add_ons":[],"addons":[],"acf":[],"_links":{"self":[{"href":"https:\/\/www.customeeple.com\/es\/wp-json\/wp\/v2\/product\/63948","targetHints":{"allow":["GET"]}}],"collection":[{"href":"https:\/\/www.customeeple.com\/es\/wp-json\/wp\/v2\/product"}],"about":[{"href":"https:\/\/www.customeeple.com\/es\/wp-json\/wp\/v2\/types\/product"}],"wp:featuredmedia":[{"embeddable":true,"href":"https:\/\/www.customeeple.com\/es\/wp-json\/wp\/v2\/media\/63944"}],"wp:attachment":[{"href":"https:\/\/www.customeeple.com\/es\/wp-json\/wp\/v2\/media?parent=63948"}],"wp:term":[{"taxonomy":"product_brand","embeddable":true,"href":"https:\/\/www.customeeple.com\/es\/wp-json\/wp\/v2\/product_brand?post=63948"},{"taxonomy":"product_cat","embeddable":true,"href":"https:\/\/www.customeeple.com\/es\/wp-json\/wp\/v2\/product_cat?post=63948"},{"taxonomy":"product_tag","embeddable":true,"href":"https:\/\/www.customeeple.com\/es\/wp-json\/wp\/v2\/product_tag?post=63948"}],"curies":[{"name":"wp","href":"https:\/\/api.w.org\/{rel}","templated":true}]}}