{"id":63934,"date":"2022-07-11T13:55:20","date_gmt":"2022-07-11T12:55:20","guid":{"rendered":"https:\/\/www.customeeple.com\/product\/blood-angels-sanguinary-priest\/"},"modified":"2026-03-26T11:55:06","modified_gmt":"2026-03-26T10:55:06","slug":"blood-angels-sanguinary-priest","status":"publish","type":"product","link":"https:\/\/www.customeeple.com\/es\/producto\/blood-angels-sanguinary-priest\/","title":{"rendered":"Blood Angels Sanguinary Priest"},"content":{"rendered":"<p>Los Sanguinary Priest son los Apothecaries de los Blood Angels, encargados de preservar la preciosa semilla gen\u00e9tica del Cap\u00edtulo. Cada Priest carga un c\u00e1liz de sangre que se cree que contiene un fragmento de la esencia del propio Sanguinius y que provoca que los Blood Angels lleguen a nuevas cotas de heroismo.<\/p>\n<p>Este kit de pl\u00e1stico contiene 11 componentes que te permitir\u00e1n montar una Sanguinary Priest de los Blood Angels armado con una espada sierra de doble filo. Sostiene un c\u00e1liz de sangre y est\u00e1 equipado con un narthecium, el instrumento de los Apothecaries de los Space Marines. Tambi\u00e9n incluye 1 peana redonda esc\u00e9nica de 32 mm.<\/p>\n","protected":false},"excerpt":{"rendered":"<p>Los Sanguinary Priest son los Apothecaries de los Blood Angels, encargados de preservar la preciosa semilla gen\u00e9tica del Cap\u00edtulo. Cada Priest carga un c\u00e1liz de sangre que se cree que contiene un fragmento de la esencia del propio Sanguinius y que provoca que los Blood Angels lleguen a nuevas cotas de heroismo. Este kit de [&hellip;]<\/p>\n","protected":false},"featured_media":63931,"template":"","meta":{"_acf_changed":false},"product_brand":[],"product_cat":[1177,1180,1623,1229],"product_tag":[],"class_list":{"0":"post-63934","1":"product","2":"type-product","3":"status-publish","4":"has-post-thumbnail","6":"product_cat-games-workshop-es","7":"product_cat-retail-products-es","8":"product_cat-wargames-es-2","9":"product_cat-warhammer-40k-es","11":"first","12":"onbackorder","13":"sale","14":"taxable","15":"shipping-taxable","16":"purchasable","17":"product-type-simple"},"exclude_global_add_ons":[],"addons":[],"acf":[],"_links":{"self":[{"href":"https:\/\/www.customeeple.com\/es\/wp-json\/wp\/v2\/product\/63934","targetHints":{"allow":["GET"]}}],"collection":[{"href":"https:\/\/www.customeeple.com\/es\/wp-json\/wp\/v2\/product"}],"about":[{"href":"https:\/\/www.customeeple.com\/es\/wp-json\/wp\/v2\/types\/product"}],"wp:featuredmedia":[{"embeddable":true,"href":"https:\/\/www.customeeple.com\/es\/wp-json\/wp\/v2\/media\/63931"}],"wp:attachment":[{"href":"https:\/\/www.customeeple.com\/es\/wp-json\/wp\/v2\/media?parent=63934"}],"wp:term":[{"taxonomy":"product_brand","embeddable":true,"href":"https:\/\/www.customeeple.com\/es\/wp-json\/wp\/v2\/product_brand?post=63934"},{"taxonomy":"product_cat","embeddable":true,"href":"https:\/\/www.customeeple.com\/es\/wp-json\/wp\/v2\/product_cat?post=63934"},{"taxonomy":"product_tag","embeddable":true,"href":"https:\/\/www.customeeple.com\/es\/wp-json\/wp\/v2\/product_tag?post=63934"}],"curies":[{"name":"wp","href":"https:\/\/api.w.org\/{rel}","templated":true}]}}