{"id":63902,"date":"2022-07-08T19:39:33","date_gmt":"2022-07-08T18:39:33","guid":{"rendered":"https:\/\/www.customeeple.com\/product\/ts-revolution-experiencia\/"},"modified":"2022-07-08T19:39:33","modified_gmt":"2022-07-08T18:39:33","slug":"ts-revolution-experiencia","status":"publish","type":"product","link":"https:\/\/www.customeeple.com\/es\/producto\/ts-revolution-experiencia\/","title":{"rendered":"TS Revolution: Experiencia"},"content":{"rendered":"<p>Tienes la misi\u00f3n de salvar a la humanidad. \u00a1El continuo espaciotemporal y el mismo marco temporal de la realidad est\u00e1n en peligro! Un pu\u00f1ado de hombres, mujeres y entidades extraterrestres son la \u00fanica defensa ante esta amenaza.<\/p>\n<p><em>En EXPERIENCIA encontrar\u00e1s qu\u00e9 sucede entre las misiones de TIME Stories Revolution. \u00a1Mejora las habilidades de tus agentes, influye en los eventos futuros, toma decisiones cruciales para proteger la l\u00ednea temporal, adereza tus misiones y descubre los secretos del universo de TIME Stories!<\/em><\/p>\n<p><strong>CONTENIDO<\/strong><br \/>1 reglamento, 1 Rueda de Amenaza, 4 Tableros de Agente, 48 cartas de Habilidad, 29 cartas de Amenaza, 20 cartas de Debilidad, 10 cartas de Requisito, 9 cartas de Cronolog\u00eda y 1 Lista de la Agencia.<\/p>\n<p><strong>NOTAS<\/strong><br \/>Esta caja no incluye ninguna misi\u00f3n y no es un producto independiente. Debes tener al menos una misi\u00f3n de TIME Stories Revolution para poder jugar.<br \/>Uso espor\u00e1dico de c\u00f3digos QR.<\/p>\n","protected":false},"excerpt":{"rendered":"<p>Tienes la misi\u00f3n de salvar a la humanidad. \u00a1El continuo espaciotemporal y el mismo marco temporal de la realidad est\u00e1n en peligro! Un pu\u00f1ado de hombres, mujeres y entidades extraterrestres son la \u00fanica defensa ante esta amenaza. En EXPERIENCIA encontrar\u00e1s qu\u00e9 sucede entre las misiones de TIME Stories Revolution. \u00a1Mejora las habilidades de tus agentes, [&hellip;]<\/p>\n","protected":false},"featured_media":63897,"template":"","meta":{"_acf_changed":false},"product_brand":[],"product_cat":[2003,1653,1180],"product_tag":[],"class_list":{"0":"post-63902","1":"product","2":"type-product","3":"status-publish","4":"has-post-thumbnail","6":"product_cat-cooperative-es","7":"product_cat-boardgames","8":"product_cat-retail-products-es","10":"first","11":"instock","12":"sale","13":"taxable","14":"shipping-taxable","15":"purchasable","16":"product-type-simple"},"exclude_global_add_ons":[],"addons":[],"acf":[],"_links":{"self":[{"href":"https:\/\/www.customeeple.com\/es\/wp-json\/wp\/v2\/product\/63902","targetHints":{"allow":["GET"]}}],"collection":[{"href":"https:\/\/www.customeeple.com\/es\/wp-json\/wp\/v2\/product"}],"about":[{"href":"https:\/\/www.customeeple.com\/es\/wp-json\/wp\/v2\/types\/product"}],"wp:featuredmedia":[{"embeddable":true,"href":"https:\/\/www.customeeple.com\/es\/wp-json\/wp\/v2\/media\/63897"}],"wp:attachment":[{"href":"https:\/\/www.customeeple.com\/es\/wp-json\/wp\/v2\/media?parent=63902"}],"wp:term":[{"taxonomy":"product_brand","embeddable":true,"href":"https:\/\/www.customeeple.com\/es\/wp-json\/wp\/v2\/product_brand?post=63902"},{"taxonomy":"product_cat","embeddable":true,"href":"https:\/\/www.customeeple.com\/es\/wp-json\/wp\/v2\/product_cat?post=63902"},{"taxonomy":"product_tag","embeddable":true,"href":"https:\/\/www.customeeple.com\/es\/wp-json\/wp\/v2\/product_tag?post=63902"}],"curies":[{"name":"wp","href":"https:\/\/api.w.org\/{rel}","templated":true}]}}