{"id":63881,"date":"2022-07-06T19:36:17","date_gmt":"2022-07-06T18:36:17","guid":{"rendered":"https:\/\/www.customeeple.com\/product\/italian-army-guastatori-destruction-group\/"},"modified":"2022-07-06T19:36:17","modified_gmt":"2022-07-06T18:36:17","slug":"italian-army-guastatori-destruction-group","status":"publish","type":"product","link":"https:\/\/www.customeeple.com\/es\/producto\/italian-army-guastatori-destruction-group\/","title":{"rendered":"Italian Army Guastatori Destruction Group"},"content":{"rendered":"<p>Al comienzo de la guerra de Italia, el ej\u00e9rcito italiano no ten\u00eda unidades de ingenier\u00eda de asalto dise\u00f1adas para enfrentarse a las fortificaciones enemigas. La actuaci\u00f3n de las unidades pioneras en la guerra rel\u00e1mpago alemana demostr\u00f3 a los italianos la necesidad de tales unidades, lo que llev\u00f3 a la creaci\u00f3n del Guastatori del Genio, que comenz\u00f3 a entrenar unidades a finales de 1940.<\/p>\n<p>A principios de 1941, estos ingenieros de asalto especializados estaban luchando en el norte de \u00c1frica y, a mediados de 1942, tambi\u00e9n estaban en el frente oriental. Durante la campa\u00f1a de Sicilia, el Batall\u00f3n Guastatori 11 se adjunt\u00f3 a la Divisi\u00f3n &#8216;Livorno&#8217;, luchando junto a ellos durante toda la campa\u00f1a.<\/p>\n<p>Contiene 10 miniaturas de metal italiano Guastatori:<\/p>\n<p>NCO con rifle y pistola<br \/>\n2 equipos de lanzallamas de dos hombres<br \/>\n2 ingenieros con fusiles y torpedos bangalore<br \/>\n3 ingenieros con rifles<br \/>\nBases de plastico<\/p>\n<p>Los modelos se suministran sin montar y sin pintar.<\/p>\n","protected":false},"excerpt":{"rendered":"<p>Al comienzo de la guerra de Italia, el ej\u00e9rcito italiano no ten\u00eda unidades de ingenier\u00eda de asalto dise\u00f1adas para enfrentarse a las fortificaciones enemigas. La actuaci\u00f3n de las unidades pioneras en la guerra rel\u00e1mpago alemana demostr\u00f3 a los italianos la necesidad de tales unidades, lo que llev\u00f3 a la creaci\u00f3n del Guastatori del Genio, que [&hellip;]<\/p>\n","protected":false},"featured_media":63870,"template":"","meta":{"_acf_changed":false},"product_brand":[],"product_cat":[1180,1623],"product_tag":[],"class_list":{"0":"post-63881","1":"product","2":"type-product","3":"status-publish","4":"has-post-thumbnail","6":"product_cat-retail-products-es","7":"product_cat-wargames-es-2","9":"first","10":"onbackorder","11":"sale","12":"taxable","13":"shipping-taxable","14":"purchasable","15":"product-type-simple"},"exclude_global_add_ons":[],"addons":[],"acf":[],"_links":{"self":[{"href":"https:\/\/www.customeeple.com\/es\/wp-json\/wp\/v2\/product\/63881","targetHints":{"allow":["GET"]}}],"collection":[{"href":"https:\/\/www.customeeple.com\/es\/wp-json\/wp\/v2\/product"}],"about":[{"href":"https:\/\/www.customeeple.com\/es\/wp-json\/wp\/v2\/types\/product"}],"wp:featuredmedia":[{"embeddable":true,"href":"https:\/\/www.customeeple.com\/es\/wp-json\/wp\/v2\/media\/63870"}],"wp:attachment":[{"href":"https:\/\/www.customeeple.com\/es\/wp-json\/wp\/v2\/media?parent=63881"}],"wp:term":[{"taxonomy":"product_brand","embeddable":true,"href":"https:\/\/www.customeeple.com\/es\/wp-json\/wp\/v2\/product_brand?post=63881"},{"taxonomy":"product_cat","embeddable":true,"href":"https:\/\/www.customeeple.com\/es\/wp-json\/wp\/v2\/product_cat?post=63881"},{"taxonomy":"product_tag","embeddable":true,"href":"https:\/\/www.customeeple.com\/es\/wp-json\/wp\/v2\/product_tag?post=63881"}],"curies":[{"name":"wp","href":"https:\/\/api.w.org\/{rel}","templated":true}]}}