{"id":63880,"date":"2022-07-06T19:36:09","date_gmt":"2022-07-06T18:36:09","guid":{"rendered":"https:\/\/www.customeeple.com\/product\/sd-kfz-250-alte-halftrack-options-for-250-1-250-9-250-11-versions\/"},"modified":"2022-07-06T19:36:09","modified_gmt":"2022-07-06T18:36:09","slug":"sd-kfz-250-alte-halftrack-options-for-250-1-250-9-250-11-versions","status":"publish","type":"product","link":"https:\/\/www.customeeple.com\/es\/producto\/sd-kfz-250-alte-halftrack-options-for-250-1-250-9-250-11-versions\/","title":{"rendered":"Sd.Kfz 250 (Alte) Halftrack (Options for 250\/1 &amp; 250\/9 &amp; 250\/11 Versions)"},"content":{"rendered":"<p>El Sd.Kfz 250\/1 era un semioruga de reconocimiento y transporte utilizado principalmente por unidades de exploraci\u00f3n y HQ. El veh\u00edculo era una versi\u00f3n abreviada de la omnipresente serie Sd.Kfz 251 Hanomag y, al igual que su primo m\u00e1s largo, hab\u00eda muchas variantes que cumpl\u00edan diferentes funciones, como transportadores de cables, transportadores de municiones y transportadores de radio, entre otros. Llevaba a seis hombres, incluidos el conductor y el copiloto, y estaba armado con dos ametralladoras MG34 montadas en un pivote, una blindada mirando hacia adelante y la otra cubriendo la parte trasera y el aire.<\/p>\n<p>Este modelo se basa en la versi\u00f3n original &#8216;Alt&#8217; (antigua) que sirvi\u00f3 durante la Segunda Guerra Mundial con las fuerzas de Alemania en todos los teatros, as\u00ed como con sus aliados rumanos.<\/p>\n<p>Hay suficientes piezas para construir una de las siguientes versiones:<\/p>\n<p>Sd.Kfz 250\/1: la versi\u00f3n est\u00e1ndar de este semioruga blindado.<br \/>\nSd.Kfz 250\/9: variante de reconocimiento completamente cerrada con una torreta que monta un ca\u00f1\u00f3n autom\u00e1tico de 2 cm.<br \/>\nSd.kfz 250\/11: semioruga del comandante de pelot\u00f3n con la ametralladora delantera reemplazada por un rifle antitanque Panzerb\u00fcchse 41 de 2,8 cm con ametralladora coaxial.<br \/>\nIncluye figuras de la tripulaci\u00f3n con cabezas separadas que visten uniformes regulares o de invierno.<\/p>\n<p>Los modelos se suministran sin montar y sin pintar.<\/p>\n","protected":false},"excerpt":{"rendered":"<p>El Sd.Kfz 250\/1 era un semioruga de reconocimiento y transporte utilizado principalmente por unidades de exploraci\u00f3n y HQ. El veh\u00edculo era una versi\u00f3n abreviada de la omnipresente serie Sd.Kfz 251 Hanomag y, al igual que su primo m\u00e1s largo, hab\u00eda muchas variantes que cumpl\u00edan diferentes funciones, como transportadores de cables, transportadores de municiones y transportadores [&hellip;]<\/p>\n","protected":false},"featured_media":63874,"template":"","meta":{"_acf_changed":false},"product_brand":[],"product_cat":[1180,1623],"product_tag":[],"class_list":{"0":"post-63880","1":"product","2":"type-product","3":"status-publish","4":"has-post-thumbnail","6":"product_cat-retail-products-es","7":"product_cat-wargames-es-2","9":"first","10":"onbackorder","11":"sale","12":"taxable","13":"shipping-taxable","14":"purchasable","15":"product-type-simple"},"exclude_global_add_ons":[],"addons":[],"acf":[],"_links":{"self":[{"href":"https:\/\/www.customeeple.com\/es\/wp-json\/wp\/v2\/product\/63880","targetHints":{"allow":["GET"]}}],"collection":[{"href":"https:\/\/www.customeeple.com\/es\/wp-json\/wp\/v2\/product"}],"about":[{"href":"https:\/\/www.customeeple.com\/es\/wp-json\/wp\/v2\/types\/product"}],"wp:featuredmedia":[{"embeddable":true,"href":"https:\/\/www.customeeple.com\/es\/wp-json\/wp\/v2\/media\/63874"}],"wp:attachment":[{"href":"https:\/\/www.customeeple.com\/es\/wp-json\/wp\/v2\/media?parent=63880"}],"wp:term":[{"taxonomy":"product_brand","embeddable":true,"href":"https:\/\/www.customeeple.com\/es\/wp-json\/wp\/v2\/product_brand?post=63880"},{"taxonomy":"product_cat","embeddable":true,"href":"https:\/\/www.customeeple.com\/es\/wp-json\/wp\/v2\/product_cat?post=63880"},{"taxonomy":"product_tag","embeddable":true,"href":"https:\/\/www.customeeple.com\/es\/wp-json\/wp\/v2\/product_tag?post=63880"}],"curies":[{"name":"wp","href":"https:\/\/api.w.org\/{rel}","templated":true}]}}