{"id":63879,"date":"2022-07-06T19:36:01","date_gmt":"2022-07-06T18:36:01","guid":{"rendered":"https:\/\/www.customeeple.com\/product\/farmyard-animals\/"},"modified":"2022-07-06T19:36:01","modified_gmt":"2022-07-06T18:36:01","slug":"farmyard-animals","status":"publish","type":"product","link":"https:\/\/www.customeeple.com\/es\/producto\/farmyard-animals\/","title":{"rendered":"Farmyard Animals"},"content":{"rendered":"<p>No importa en qu\u00e9 per\u00edodo de la historia o mundos de fantas\u00eda se establezcan tus juegos, estos animales de pl\u00e1stico altamente detallados son ideales para agregar sabor a tu campo de batalla. Los reba\u00f1os de ovejas, vacas y cerdos pueden proporcionar mayor profundidad a sus dioramas. \u00a1Estos animales tambi\u00e9n son excelentes como objetivos de escenarios cuando evitas los intentos enemigos de robar tu ganado vital, mientras que los pastores alemanes son perros guardianes ideales!<\/p>\n<p>Este juego contiene dos marcos de pl\u00e1stico con los siguientes animales a escala 1\/56 (28 mm):<\/p>\n<p>4 vacas<br \/>\n2 burros<br \/>\n4 ovejas<br \/>\n2 cerdos y 4 lechones<br \/>\n8 pollos<br \/>\n4 gatos<br \/>\n2 perros<br \/>\n4 patos<br \/>\n4 gansos<br \/>\n2 cabras<\/p>\n<p>Los modelos se suministran sin montar y sin pintar.<\/p>\n","protected":false},"excerpt":{"rendered":"<p>No importa en qu\u00e9 per\u00edodo de la historia o mundos de fantas\u00eda se establezcan tus juegos, estos animales de pl\u00e1stico altamente detallados son ideales para agregar sabor a tu campo de batalla. Los reba\u00f1os de ovejas, vacas y cerdos pueden proporcionar mayor profundidad a sus dioramas. \u00a1Estos animales tambi\u00e9n son excelentes como objetivos de escenarios [&hellip;]<\/p>\n","protected":false},"featured_media":63872,"template":"","meta":{"_acf_changed":false},"product_brand":[],"product_cat":[1180,1623],"product_tag":[],"class_list":{"0":"post-63879","1":"product","2":"type-product","3":"status-publish","4":"has-post-thumbnail","6":"product_cat-retail-products-es","7":"product_cat-wargames-es-2","9":"first","10":"onbackorder","11":"sale","12":"taxable","13":"shipping-taxable","14":"purchasable","15":"product-type-simple"},"exclude_global_add_ons":[],"addons":[],"acf":[],"_links":{"self":[{"href":"https:\/\/www.customeeple.com\/es\/wp-json\/wp\/v2\/product\/63879","targetHints":{"allow":["GET"]}}],"collection":[{"href":"https:\/\/www.customeeple.com\/es\/wp-json\/wp\/v2\/product"}],"about":[{"href":"https:\/\/www.customeeple.com\/es\/wp-json\/wp\/v2\/types\/product"}],"wp:featuredmedia":[{"embeddable":true,"href":"https:\/\/www.customeeple.com\/es\/wp-json\/wp\/v2\/media\/63872"}],"wp:attachment":[{"href":"https:\/\/www.customeeple.com\/es\/wp-json\/wp\/v2\/media?parent=63879"}],"wp:term":[{"taxonomy":"product_brand","embeddable":true,"href":"https:\/\/www.customeeple.com\/es\/wp-json\/wp\/v2\/product_brand?post=63879"},{"taxonomy":"product_cat","embeddable":true,"href":"https:\/\/www.customeeple.com\/es\/wp-json\/wp\/v2\/product_cat?post=63879"},{"taxonomy":"product_tag","embeddable":true,"href":"https:\/\/www.customeeple.com\/es\/wp-json\/wp\/v2\/product_tag?post=63879"}],"curies":[{"name":"wp","href":"https:\/\/api.w.org\/{rel}","templated":true}]}}