{"id":63864,"date":"2022-07-06T19:34:36","date_gmt":"2022-07-06T18:34:36","guid":{"rendered":"https:\/\/www.customeeple.com\/product\/landsknecht-missile-troops\/"},"modified":"2022-07-06T19:34:36","modified_gmt":"2022-07-06T18:34:36","slug":"landsknecht-missile-troops","status":"publish","type":"product","link":"https:\/\/www.customeeple.com\/es\/producto\/landsknecht-missile-troops\/","title":{"rendered":"Landsknecht Missile Troops"},"content":{"rendered":"<p>Los finales del siglo XV y principios del XVI en Europa estuvieron definidos por una guerra casi constante. Los \u00abej\u00e9rcitos permanentes\u00bb nacionales eran inauditos y las ambiciones de los imperios depend\u00edan de los mercenarios que pod\u00edan permitirse contratar.<\/p>\n<p>Los Landsknechts fueron instigados por el emperador del Sacro Imperio Romano Germ\u00e1nico, Maximiliano I, como reacci\u00f3n a los piqueros mercenarios suizos que hab\u00edan dominado los campos de batalla durante d\u00e9cadas antes de las guerras italianas (1494-1559).<\/p>\n<p>Se encontrar\u00edan en la mayor\u00eda de los ej\u00e9rcitos de la Europa Occidental de la \u00e9poca, apareciendo incluso en las Islas Brit\u00e1nicas al servicio de Enrique VIII. Los enfrentamientos entre regimientos rivales de Landsknecht fueron particularmente sangrientos y se los conoci\u00f3 como la \u00abGuerra mala\u00bb.<\/p>\n<p>El aspecto m\u00e1s llamativo de una fuerza de Landsknecht era su vestimenta extravagante. Maximillian estaba ansioso por darles a los hombres la libertad de usar lo que quisieran, y esto result\u00f3 en penachos, mangas cortadas y colores brillantes.<\/p>\n<p>Los Landsknechts, as\u00ed como otras tropas, hicieron un buen uso de la ballesta y, m\u00e1s tarde, de la nueva arma de p\u00f3lvora negra de arcabuz como pantallas de escaramuza delante de los bloques de piqueros o como unidades t\u00e1cticas por derecho propio. Fueron igualmente \u00fatiles durante los asedios.<\/p>\n<p>Las figuras de esta caja se pueden utilizar para representar a los Landsknecht criados en Alemania o en otras naciones de la \u00e9poca.<\/p>\n<p>Este conjunto de cajas contiene:<\/p>\n<p>Componentes de pl\u00e1stico para hacer 30 Landsknechts con arcabuz o ballesta.<br \/>\nBases de pl\u00e1stico.<\/p>\n","protected":false},"excerpt":{"rendered":"<p>Los finales del siglo XV y principios del XVI en Europa estuvieron definidos por una guerra casi constante. Los \u00abej\u00e9rcitos permanentes\u00bb nacionales eran inauditos y las ambiciones de los imperios depend\u00edan de los mercenarios que pod\u00edan permitirse contratar. Los Landsknechts fueron instigados por el emperador del Sacro Imperio Romano Germ\u00e1nico, Maximiliano I, como reacci\u00f3n a [&hellip;]<\/p>\n","protected":false},"featured_media":63852,"template":"","meta":{"_acf_changed":false},"product_brand":[],"product_cat":[1180,1623],"product_tag":[],"class_list":{"0":"post-63864","1":"product","2":"type-product","3":"status-publish","4":"has-post-thumbnail","6":"product_cat-retail-products-es","7":"product_cat-wargames-es-2","9":"first","10":"onbackorder","11":"sale","12":"taxable","13":"shipping-taxable","14":"purchasable","15":"product-type-simple"},"exclude_global_add_ons":[],"addons":[],"acf":[],"_links":{"self":[{"href":"https:\/\/www.customeeple.com\/es\/wp-json\/wp\/v2\/product\/63864","targetHints":{"allow":["GET"]}}],"collection":[{"href":"https:\/\/www.customeeple.com\/es\/wp-json\/wp\/v2\/product"}],"about":[{"href":"https:\/\/www.customeeple.com\/es\/wp-json\/wp\/v2\/types\/product"}],"wp:featuredmedia":[{"embeddable":true,"href":"https:\/\/www.customeeple.com\/es\/wp-json\/wp\/v2\/media\/63852"}],"wp:attachment":[{"href":"https:\/\/www.customeeple.com\/es\/wp-json\/wp\/v2\/media?parent=63864"}],"wp:term":[{"taxonomy":"product_brand","embeddable":true,"href":"https:\/\/www.customeeple.com\/es\/wp-json\/wp\/v2\/product_brand?post=63864"},{"taxonomy":"product_cat","embeddable":true,"href":"https:\/\/www.customeeple.com\/es\/wp-json\/wp\/v2\/product_cat?post=63864"},{"taxonomy":"product_tag","embeddable":true,"href":"https:\/\/www.customeeple.com\/es\/wp-json\/wp\/v2\/product_tag?post=63864"}],"curies":[{"name":"wp","href":"https:\/\/api.w.org\/{rel}","templated":true}]}}