{"id":63863,"date":"2022-07-06T19:34:44","date_gmt":"2022-07-06T18:34:44","guid":{"rendered":"https:\/\/www.customeeple.com\/product\/landsknechts-with-zweihanders\/"},"modified":"2022-07-06T19:34:44","modified_gmt":"2022-07-06T18:34:44","slug":"landsknechts-with-zweihanders","status":"publish","type":"product","link":"https:\/\/www.customeeple.com\/es\/producto\/landsknechts-with-zweihanders\/","title":{"rendered":"Landsknechts with Zweihanders"},"content":{"rendered":"<p>Europa a fines del siglo XV y principios del XVI era un lugar de guerra casi constante. Sin ej\u00e9rcitos nacionales organizados, los campos de batalla eran el dominio de las compa\u00f1\u00edas mercenarias de la \u00e9poca, entre las que destacaban los Landsknechts vestidos de colores.<\/p>\n<p>Los Landsknechts fueron instigados por el emperador del Sacro Imperio Romano Germ\u00e1nico, Maximiliano I, como reacci\u00f3n a los piqueros mercenarios suizos que hab\u00edan dominado los campos de batalla durante d\u00e9cadas antes de las guerras italianas (1494-1559).<\/p>\n<p>Se encontrar\u00edan en la mayor\u00eda de los ej\u00e9rcitos de la Europa Occidental de la \u00e9poca, apareciendo incluso en las Islas Brit\u00e1nicas al servicio de Enrique VIII. Los enfrentamientos entre regimientos rivales de Landsknecht fueron particularmente sangrientos y se los conoci\u00f3 como la \u00abGuerra mala\u00bb.<\/p>\n<p>Los m\u00e1s duros de un grupo rudo fueron los veteranos Doppels\u00f6ldner, soldados con doble paga. Su pago extra fue por ofrecerse como voluntarios para luchar en las primeras filas y el riesgo inherente que eso implicaba. \u00a1El truco era sobrevivir para reclamar el pago extra!<\/p>\n<p>Doppels\u00f6ldner sol\u00eda estar armado con arcabuces o ballestas a distancia y colocado frente a los bloques principales de piqueros. Alternativamente, pueden estar armados con las viciosas espadas de dos manos de seis pies de largo, las Zweih\u00e4nders o alabardas igualmente largas. Landsknechts armados con Zweih\u00e4nder generalmente se encontrar\u00edan en las primeras filas de los bloques de picas u ocasionalmente separados para formar su propia unidad para funciones especiales, as\u00ed como para brindar protecci\u00f3n al grupo de color de la unidad. Los famosos mercenarios alemanes, la Banda Negra, inclu\u00edan 2.000 espadachines a dos manos.<\/p>\n<p>Las figuras de esta caja se pueden utilizar para representar a los Landsknecht criados en Alemania o en otras naciones de la \u00e9poca y se pueden armar con alabardas o espadas Zweih\u00e4nder.<\/p>\n<p>Este conjunto de cajas contiene:<\/p>\n<p>Componentes de pl\u00e1stico y metal para hacer 12 Landsknechts con espadas de dos manos y 12 con alabardas.<br \/>\nBases de pl\u00e1stico.<\/p>\n","protected":false},"excerpt":{"rendered":"<p>Europa a fines del siglo XV y principios del XVI era un lugar de guerra casi constante. Sin ej\u00e9rcitos nacionales organizados, los campos de batalla eran el dominio de las compa\u00f1\u00edas mercenarias de la \u00e9poca, entre las que destacaban los Landsknechts vestidos de colores. Los Landsknechts fueron instigados por el emperador del Sacro Imperio Romano [&hellip;]<\/p>\n","protected":false},"featured_media":63850,"template":"","meta":{"_acf_changed":false},"product_brand":[],"product_cat":[1180,1623],"product_tag":[],"class_list":{"0":"post-63863","1":"product","2":"type-product","3":"status-publish","4":"has-post-thumbnail","6":"product_cat-retail-products-es","7":"product_cat-wargames-es-2","9":"first","10":"onbackorder","11":"sale","12":"taxable","13":"shipping-taxable","14":"purchasable","15":"product-type-simple"},"exclude_global_add_ons":[],"addons":[],"acf":[],"_links":{"self":[{"href":"https:\/\/www.customeeple.com\/es\/wp-json\/wp\/v2\/product\/63863","targetHints":{"allow":["GET"]}}],"collection":[{"href":"https:\/\/www.customeeple.com\/es\/wp-json\/wp\/v2\/product"}],"about":[{"href":"https:\/\/www.customeeple.com\/es\/wp-json\/wp\/v2\/types\/product"}],"wp:featuredmedia":[{"embeddable":true,"href":"https:\/\/www.customeeple.com\/es\/wp-json\/wp\/v2\/media\/63850"}],"wp:attachment":[{"href":"https:\/\/www.customeeple.com\/es\/wp-json\/wp\/v2\/media?parent=63863"}],"wp:term":[{"taxonomy":"product_brand","embeddable":true,"href":"https:\/\/www.customeeple.com\/es\/wp-json\/wp\/v2\/product_brand?post=63863"},{"taxonomy":"product_cat","embeddable":true,"href":"https:\/\/www.customeeple.com\/es\/wp-json\/wp\/v2\/product_cat?post=63863"},{"taxonomy":"product_tag","embeddable":true,"href":"https:\/\/www.customeeple.com\/es\/wp-json\/wp\/v2\/product_tag?post=63863"}],"curies":[{"name":"wp","href":"https:\/\/api.w.org\/{rel}","templated":true}]}}