{"id":63862,"date":"2022-07-06T19:34:53","date_gmt":"2022-07-06T18:34:53","guid":{"rendered":"https:\/\/www.customeeple.com\/product\/landsknechts-pikemen\/"},"modified":"2022-07-06T19:34:53","modified_gmt":"2022-07-06T18:34:53","slug":"landsknechts-pikemen","status":"publish","type":"product","link":"https:\/\/www.customeeple.com\/es\/producto\/landsknechts-pikemen\/","title":{"rendered":"Landsknechts Pikemen"},"content":{"rendered":"<p>Los finales del siglo XV y principios del XVI en Europa estuvieron definidos por una guerra casi constante. Los \u00abej\u00e9rcitos permanentes\u00bb nacionales eran inauditos y las ambiciones de los imperios depend\u00edan de los mercenarios que pod\u00edan permitirse contratar.<\/p>\n<p>Esta caja contiene:<\/p>\n<p>Piezas de pl\u00e1stico para montar 30 piqueros o 25 piqueros y 5 arcabuceros<br \/>\nBebedero de mando con opciones para oficiales, abanderados, tamborileros, etc.<br \/>\nBases de pl\u00e1stico.<br \/>\nGu\u00eda de fondo con 5 banderas a todo color.<\/p>\n<p>Los Landsknechts fueron instigados por el emperador del Sacro Imperio Romano Germ\u00e1nico, Maximiliano I, como reacci\u00f3n a los piqueros mercenarios suizos que hab\u00edan dominado los campos de batalla durante d\u00e9cadas antes de las guerras italianas (1494-1559).<\/p>\n<p>Sin embargo, en el transcurso de las guerras italianas, las t\u00e1cticas de Landsknecht se adaptaron mucho m\u00e1s que las suizas y el uso de armas de fuego junto con la pica les dar\u00eda una ventaja, al menos t\u00e1cticamente.<\/p>\n<p>Maximillian estaba ansioso por darles a los hombres la libertad de usar lo que quisieran, y esto result\u00f3 en penachos, mangas cortadas y colores brillantes. Las figuras de esta caja se pueden utilizar para representar a los Landsknecht criados en Alemania o el Tirol, as\u00ed como a los primeros regimientos de picas suizos.<\/p>\n","protected":false},"excerpt":{"rendered":"<p>Los finales del siglo XV y principios del XVI en Europa estuvieron definidos por una guerra casi constante. Los \u00abej\u00e9rcitos permanentes\u00bb nacionales eran inauditos y las ambiciones de los imperios depend\u00edan de los mercenarios que pod\u00edan permitirse contratar. Esta caja contiene: Piezas de pl\u00e1stico para montar 30 piqueros o 25 piqueros y 5 arcabuceros Bebedero [&hellip;]<\/p>\n","protected":false},"featured_media":63848,"template":"","meta":{"_acf_changed":false},"product_brand":[],"product_cat":[1180,1623],"product_tag":[],"class_list":{"0":"post-63862","1":"product","2":"type-product","3":"status-publish","4":"has-post-thumbnail","6":"product_cat-retail-products-es","7":"product_cat-wargames-es-2","9":"first","10":"onbackorder","11":"sale","12":"taxable","13":"shipping-taxable","14":"purchasable","15":"product-type-simple"},"exclude_global_add_ons":[],"addons":[],"acf":[],"_links":{"self":[{"href":"https:\/\/www.customeeple.com\/es\/wp-json\/wp\/v2\/product\/63862","targetHints":{"allow":["GET"]}}],"collection":[{"href":"https:\/\/www.customeeple.com\/es\/wp-json\/wp\/v2\/product"}],"about":[{"href":"https:\/\/www.customeeple.com\/es\/wp-json\/wp\/v2\/types\/product"}],"wp:featuredmedia":[{"embeddable":true,"href":"https:\/\/www.customeeple.com\/es\/wp-json\/wp\/v2\/media\/63848"}],"wp:attachment":[{"href":"https:\/\/www.customeeple.com\/es\/wp-json\/wp\/v2\/media?parent=63862"}],"wp:term":[{"taxonomy":"product_brand","embeddable":true,"href":"https:\/\/www.customeeple.com\/es\/wp-json\/wp\/v2\/product_brand?post=63862"},{"taxonomy":"product_cat","embeddable":true,"href":"https:\/\/www.customeeple.com\/es\/wp-json\/wp\/v2\/product_cat?post=63862"},{"taxonomy":"product_tag","embeddable":true,"href":"https:\/\/www.customeeple.com\/es\/wp-json\/wp\/v2\/product_tag?post=63862"}],"curies":[{"name":"wp","href":"https:\/\/api.w.org\/{rel}","templated":true}]}}