{"id":63861,"date":"2022-07-06T19:35:01","date_gmt":"2022-07-06T18:35:01","guid":{"rendered":"https:\/\/www.customeeple.com\/product\/t34-76-medium-tank\/"},"modified":"2022-07-06T19:35:01","modified_gmt":"2022-07-06T18:35:01","slug":"t34-76-medium-tank","status":"publish","type":"product","link":"https:\/\/www.customeeple.com\/es\/producto\/t34-76-medium-tank\/","title":{"rendered":"T34\/76 Medium Tank"},"content":{"rendered":"<p>El dise\u00f1o del tanque T-34 es posiblemente el tanque m\u00e1s importante de todos los tiempos con m\u00e1s de 84,000 tanques con caracter\u00edsticas de dise\u00f1o innovadoras.<\/p>\n<p>El T-34\/76 entr\u00f3 en acci\u00f3n por primera vez a finales de 1941 y supuso un avance significativo en el dise\u00f1o de tanques: una anatom\u00eda robusta y sensata y orugas anchas le permitieron hacer frente al barro y la nieve del frente oriental. Combinaba la combinaci\u00f3n perfecta de blindaje grueso e inclinado y un ca\u00f1\u00f3n eficiente, junto con una solidez extrema, confiabilidad, facilidad de fabricaci\u00f3n y mantenimiento.<\/p>\n<p>Los tanques alemanes lucharon en las fr\u00edas condiciones del Frente Oriental: el caucho se despegaba de las ruedas de la carretera, los motores tardaban en arrancar y necesitaban ser calentados lentamente, las ametralladoras se atascaban constantemente y las estrechas orugas de los Panzer III y IV. haciendo que se hundan en la nieve y el barro. Los T-34 corrieron en c\u00edrculos alrededor del hardware alem\u00e1n en apuros, especialmente porque la Luftwaffe estaba en tierra la mayor\u00eda de las veces debido al mal tiempo, por lo que no pod\u00eda hostigar a los sovi\u00e9ticos.<\/p>\n<p>Este kit le permite la opci\u00f3n de ensamblar el tanque como modelo T-34\/76 de 1941, 1942 o 1943, cada uno con sus torretas distintivas.<\/p>\n<p>La caja contiene:<\/p>\n<p>1 tanque de pl\u00e1stico<br \/>\nFolleto de construcci\u00f3n<br \/>\nHoja de calcas<br \/>\nTarjeta de estad\u00edsticas de Bolt Action<br \/>\nMarcadores de da\u00f1os al veh\u00edculo<\/p>\n<p>Los modelos se suministran sin montar y sin pintar.<\/p>\n","protected":false},"excerpt":{"rendered":"<p>El dise\u00f1o del tanque T-34 es posiblemente el tanque m\u00e1s importante de todos los tiempos con m\u00e1s de 84,000 tanques con caracter\u00edsticas de dise\u00f1o innovadoras. El T-34\/76 entr\u00f3 en acci\u00f3n por primera vez a finales de 1941 y supuso un avance significativo en el dise\u00f1o de tanques: una anatom\u00eda robusta y sensata y orugas anchas [&hellip;]<\/p>\n","protected":false},"featured_media":63840,"template":"","meta":{"_acf_changed":false},"product_brand":[],"product_cat":[1180,1623],"product_tag":[],"class_list":{"0":"post-63861","1":"product","2":"type-product","3":"status-publish","4":"has-post-thumbnail","6":"product_cat-retail-products-es","7":"product_cat-wargames-es-2","9":"first","10":"onbackorder","11":"sale","12":"taxable","13":"shipping-taxable","14":"purchasable","15":"product-type-simple"},"exclude_global_add_ons":[],"addons":[],"acf":[],"_links":{"self":[{"href":"https:\/\/www.customeeple.com\/es\/wp-json\/wp\/v2\/product\/63861","targetHints":{"allow":["GET"]}}],"collection":[{"href":"https:\/\/www.customeeple.com\/es\/wp-json\/wp\/v2\/product"}],"about":[{"href":"https:\/\/www.customeeple.com\/es\/wp-json\/wp\/v2\/types\/product"}],"wp:featuredmedia":[{"embeddable":true,"href":"https:\/\/www.customeeple.com\/es\/wp-json\/wp\/v2\/media\/63840"}],"wp:attachment":[{"href":"https:\/\/www.customeeple.com\/es\/wp-json\/wp\/v2\/media?parent=63861"}],"wp:term":[{"taxonomy":"product_brand","embeddable":true,"href":"https:\/\/www.customeeple.com\/es\/wp-json\/wp\/v2\/product_brand?post=63861"},{"taxonomy":"product_cat","embeddable":true,"href":"https:\/\/www.customeeple.com\/es\/wp-json\/wp\/v2\/product_cat?post=63861"},{"taxonomy":"product_tag","embeddable":true,"href":"https:\/\/www.customeeple.com\/es\/wp-json\/wp\/v2\/product_tag?post=63861"}],"curies":[{"name":"wp","href":"https:\/\/api.w.org\/{rel}","templated":true}]}}