{"id":63860,"date":"2022-07-06T19:35:10","date_gmt":"2022-07-06T18:35:10","guid":{"rendered":"https:\/\/www.customeeple.com\/product\/stug-iii\/"},"modified":"2022-07-06T19:35:10","modified_gmt":"2022-07-06T18:35:10","slug":"stug-iii","status":"publish","type":"product","link":"https:\/\/www.customeeple.com\/es\/producto\/stug-iii\/","title":{"rendered":"StuG III"},"content":{"rendered":"<p>El Sturmgesch\u00fctz (StuG) III era un veh\u00edculo bien armado y blindado basado en el probado chasis Pz.Kpfw III. Tripulado originalmente por la artiller\u00eda, ya que se consideraba un ob\u00fas m\u00f3vil, pas\u00f3 por muchas variantes durante la Segunda Guerra Mundial y, de hecho, fue uno de los pocos AFV alemanes que sirvi\u00f3 durante la guerra en todos los frentes.<\/p>\n<p>El StuG III ten\u00eda un buen blindaje frontal, su bajo perfil lo hac\u00eda ideal para realizar emboscadas, presentando un mal objetivo para devolver el fuego. Est\u00e1 armado con un eficaz y potente ca\u00f1\u00f3n de 75 mm y lleva una MG42 para una defensa cercana.<\/p>\n<p>Los StuG fueron recibidos por sus camaradas de infanter\u00eda, apoyando sus ataques con proyectiles HE o derribando tanques enemigos hasta el punto de que, al final de las hostilidades, hab\u00edan acumulado m\u00e1s muertes que cualquier otro veh\u00edculo alem\u00e1n.<\/p>\n<p>Este kit de pl\u00e1stico altamente detallado se puede construir como el ca\u00f1\u00f3n de asalto StuG III\u2008Ausf G o como el ca\u00f1\u00f3n de apoyo de infanter\u00eda Sturmhaubitze de 10,5 cm.<\/p>\n<p>Contenido:<\/p>\n<p>1 Stug de pl\u00e1stico &#8211; ya sea 1 x Stug III ausf G o 1 x StuH-42<br \/>\n1 hoja de calcas<\/p>\n<p>Nota: Los modelos se suministran sin montar y sin pintar.<\/p>\n","protected":false},"excerpt":{"rendered":"<p>El Sturmgesch\u00fctz (StuG) III era un veh\u00edculo bien armado y blindado basado en el probado chasis Pz.Kpfw III. Tripulado originalmente por la artiller\u00eda, ya que se consideraba un ob\u00fas m\u00f3vil, pas\u00f3 por muchas variantes durante la Segunda Guerra Mundial y, de hecho, fue uno de los pocos AFV alemanes que sirvi\u00f3 durante la guerra en [&hellip;]<\/p>\n","protected":false},"featured_media":63846,"template":"","meta":{"_acf_changed":false},"product_brand":[],"product_cat":[1180,1623],"product_tag":[],"class_list":{"0":"post-63860","1":"product","2":"type-product","3":"status-publish","4":"has-post-thumbnail","6":"product_cat-retail-products-es","7":"product_cat-wargames-es-2","9":"first","10":"onbackorder","11":"sale","12":"taxable","13":"shipping-taxable","14":"purchasable","15":"product-type-simple"},"exclude_global_add_ons":[],"addons":[],"acf":[],"_links":{"self":[{"href":"https:\/\/www.customeeple.com\/es\/wp-json\/wp\/v2\/product\/63860","targetHints":{"allow":["GET"]}}],"collection":[{"href":"https:\/\/www.customeeple.com\/es\/wp-json\/wp\/v2\/product"}],"about":[{"href":"https:\/\/www.customeeple.com\/es\/wp-json\/wp\/v2\/types\/product"}],"wp:featuredmedia":[{"embeddable":true,"href":"https:\/\/www.customeeple.com\/es\/wp-json\/wp\/v2\/media\/63846"}],"wp:attachment":[{"href":"https:\/\/www.customeeple.com\/es\/wp-json\/wp\/v2\/media?parent=63860"}],"wp:term":[{"taxonomy":"product_brand","embeddable":true,"href":"https:\/\/www.customeeple.com\/es\/wp-json\/wp\/v2\/product_brand?post=63860"},{"taxonomy":"product_cat","embeddable":true,"href":"https:\/\/www.customeeple.com\/es\/wp-json\/wp\/v2\/product_cat?post=63860"},{"taxonomy":"product_tag","embeddable":true,"href":"https:\/\/www.customeeple.com\/es\/wp-json\/wp\/v2\/product_tag?post=63860"}],"curies":[{"name":"wp","href":"https:\/\/api.w.org\/{rel}","templated":true}]}}