{"id":63857,"date":"2022-07-06T19:35:27","date_gmt":"2022-07-06T18:35:27","guid":{"rendered":"https:\/\/www.customeeple.com\/product\/sherman-firefly-vc\/"},"modified":"2022-07-06T19:35:27","modified_gmt":"2022-07-06T18:35:27","slug":"sherman-firefly-vc","status":"publish","type":"product","link":"https:\/\/www.customeeple.com\/es\/producto\/sherman-firefly-vc\/","title":{"rendered":"Sherman Firefly Vc"},"content":{"rendered":"<p>Maldici\u00f3n de los blindados pesados \u200b\u200balemanes, el Sherman Firefly fue el invento brit\u00e1nico que mont\u00f3 el poderoso ca\u00f1\u00f3n antitanque de 17 pdr en un Sherman V. Nuestro modelo se basa en el Sherman V posterior y ahora est\u00e1 disponible en pl\u00e1stico para destrozar Panthers, Tigers. y dem\u00e1s a tus ordenes&#8230;<\/p>\n<p>Se trata de una variante del Sherman americano equipada con un potente ca\u00f1\u00f3n antitanque de 17 libras. Pronto se volvi\u00f3 muy valorado como el \u00fanico tanque brit\u00e1nico capaz de derrotar a los tanques Panther y Tiger que enfrent\u00f3 en Normand\u00eda en rangos de combate est\u00e1ndar. En reconocimiento de esto, las tripulaciones de tanques y ca\u00f1ones antitanque alemanes recibieron instrucciones de atacar primero a los Firefly. Se fabricaron entre 2100 y 2200 antes de que la producci\u00f3n terminara en 1945.<\/p>\n<p>Conocidos a menudo como los tanques &#8216;Charlie&#8217; en el campo debido a que la &#8216;c&#8217; los indica como rearmados con el 17-pdr. Hab\u00eda suficientes de ellos para el D\u00eda D para emitir 1 por tropa, lo que proporcion\u00f3 a los brit\u00e1nicos una buena respuesta a la amenaza de los grandes tanques alemanes.<\/p>\n<p>Al igual que con todos nuestros kits de veh\u00edculos de pl\u00e1stico, el Firefly viene con su propia hoja de calcoman\u00edas al agua con una variedad de marcas de unidades, nombres de tanques y otras marcas de identificaci\u00f3n para darle a su modelo ese toque adicional de realismo cuando lo lleva al campo de batalla de mesa.<\/p>\n<p>Los modelos se suministran sin montar y sin pintar.<\/p>\n","protected":false},"excerpt":{"rendered":"<p>Maldici\u00f3n de los blindados pesados \u200b\u200balemanes, el Sherman Firefly fue el invento brit\u00e1nico que mont\u00f3 el poderoso ca\u00f1\u00f3n antitanque de 17 pdr en un Sherman V. Nuestro modelo se basa en el Sherman V posterior y ahora est\u00e1 disponible en pl\u00e1stico para destrozar Panthers, Tigers. y dem\u00e1s a tus ordenes&#8230; Se trata de una variante [&hellip;]<\/p>\n","protected":false},"featured_media":63842,"template":"","meta":{"_acf_changed":false},"product_brand":[],"product_cat":[1180,1623],"product_tag":[],"class_list":{"0":"post-63857","1":"product","2":"type-product","3":"status-publish","4":"has-post-thumbnail","6":"product_cat-retail-products-es","7":"product_cat-wargames-es-2","9":"first","10":"onbackorder","11":"sale","12":"taxable","13":"shipping-taxable","14":"purchasable","15":"product-type-simple"},"exclude_global_add_ons":[],"addons":[],"acf":[],"_links":{"self":[{"href":"https:\/\/www.customeeple.com\/es\/wp-json\/wp\/v2\/product\/63857","targetHints":{"allow":["GET"]}}],"collection":[{"href":"https:\/\/www.customeeple.com\/es\/wp-json\/wp\/v2\/product"}],"about":[{"href":"https:\/\/www.customeeple.com\/es\/wp-json\/wp\/v2\/types\/product"}],"wp:featuredmedia":[{"embeddable":true,"href":"https:\/\/www.customeeple.com\/es\/wp-json\/wp\/v2\/media\/63842"}],"wp:attachment":[{"href":"https:\/\/www.customeeple.com\/es\/wp-json\/wp\/v2\/media?parent=63857"}],"wp:term":[{"taxonomy":"product_brand","embeddable":true,"href":"https:\/\/www.customeeple.com\/es\/wp-json\/wp\/v2\/product_brand?post=63857"},{"taxonomy":"product_cat","embeddable":true,"href":"https:\/\/www.customeeple.com\/es\/wp-json\/wp\/v2\/product_cat?post=63857"},{"taxonomy":"product_tag","embeddable":true,"href":"https:\/\/www.customeeple.com\/es\/wp-json\/wp\/v2\/product_tag?post=63857"}],"curies":[{"name":"wp","href":"https:\/\/api.w.org\/{rel}","templated":true}]}}