{"id":63856,"date":"2022-07-06T19:35:36","date_gmt":"2022-07-06T18:35:36","guid":{"rendered":"https:\/\/www.customeeple.com\/product\/marder-iii\/"},"modified":"2022-07-06T19:35:36","modified_gmt":"2022-07-06T18:35:36","slug":"marder-iii","status":"publish","type":"product","link":"https:\/\/www.customeeple.com\/es\/producto\/marder-iii\/","title":{"rendered":"Marder III"},"content":{"rendered":"<p>Combinando el chasis obsoleto pero confiable del tanque Pz 38(t) de fabricaci\u00f3n checa y el ca\u00f1\u00f3n antitanque sovi\u00e9tico PaK 36(r) L\/51 de 76,2 mm capturado, el Marder (Marten) proporcion\u00f3 a la Wehrmacht un potente ca\u00f1\u00f3n autopropulsado. Estas armas sovi\u00e9ticas capturadas fueron recamaradas para aceptar munici\u00f3n alemana PaK 40 de 75 mm y evitar problemas de suministro. A medida que avanzaba la guerra, los ca\u00f1ones principales fueron reemplazados por los ca\u00f1ones antitanque PaK 40.<\/p>\n<p>Este conjunto de cajas contiene:<\/p>\n<p>Un destructor de tanques Marder III de pl\u00e1stico duro a escala 1\/56<br \/>\nTarjetas de estad\u00edsticas de Bolt Action<br \/>\nHoja de calcas al agua a todo color<br \/>\nMarcadores de da\u00f1os al veh\u00edculo<br \/>\nUn folleto de instrucciones<\/p>\n<p>Desplegado tanto en el frente occidental como en el oriental, el Marder III tambi\u00e9n entr\u00f3 en acci\u00f3n en el norte de \u00c1frica, donde fue una de las pocas opciones alemanas para contrarrestar los tanques de infanter\u00eda brit\u00e1nicos Matilda fuertemente blindados.<\/p>\n<p>En total, se produjeron 1.581 cazacarros Marder III y continuar\u00edan utiliz\u00e1ndose hasta el final de la guerra en 1945.<\/p>\n<p>Los modelos se suministran sin montar y sin pintar.<\/p>\n","protected":false},"excerpt":{"rendered":"<p>Combinando el chasis obsoleto pero confiable del tanque Pz 38(t) de fabricaci\u00f3n checa y el ca\u00f1\u00f3n antitanque sovi\u00e9tico PaK 36(r) L\/51 de 76,2 mm capturado, el Marder (Marten) proporcion\u00f3 a la Wehrmacht un potente ca\u00f1\u00f3n autopropulsado. Estas armas sovi\u00e9ticas capturadas fueron recamaradas para aceptar munici\u00f3n alemana PaK 40 de 75 mm y evitar problemas de [&hellip;]<\/p>\n","protected":false},"featured_media":63838,"template":"","meta":{"_acf_changed":false},"product_brand":[],"product_cat":[1180,1623],"product_tag":[],"class_list":{"0":"post-63856","1":"product","2":"type-product","3":"status-publish","4":"has-post-thumbnail","6":"product_cat-retail-products-es","7":"product_cat-wargames-es-2","9":"first","10":"onbackorder","11":"sale","12":"taxable","13":"shipping-taxable","14":"purchasable","15":"product-type-simple"},"exclude_global_add_ons":[],"addons":[],"acf":[],"_links":{"self":[{"href":"https:\/\/www.customeeple.com\/es\/wp-json\/wp\/v2\/product\/63856","targetHints":{"allow":["GET"]}}],"collection":[{"href":"https:\/\/www.customeeple.com\/es\/wp-json\/wp\/v2\/product"}],"about":[{"href":"https:\/\/www.customeeple.com\/es\/wp-json\/wp\/v2\/types\/product"}],"wp:featuredmedia":[{"embeddable":true,"href":"https:\/\/www.customeeple.com\/es\/wp-json\/wp\/v2\/media\/63838"}],"wp:attachment":[{"href":"https:\/\/www.customeeple.com\/es\/wp-json\/wp\/v2\/media?parent=63856"}],"wp:term":[{"taxonomy":"product_brand","embeddable":true,"href":"https:\/\/www.customeeple.com\/es\/wp-json\/wp\/v2\/product_brand?post=63856"},{"taxonomy":"product_cat","embeddable":true,"href":"https:\/\/www.customeeple.com\/es\/wp-json\/wp\/v2\/product_cat?post=63856"},{"taxonomy":"product_tag","embeddable":true,"href":"https:\/\/www.customeeple.com\/es\/wp-json\/wp\/v2\/product_tag?post=63856"}],"curies":[{"name":"wp","href":"https:\/\/api.w.org\/{rel}","templated":true}]}}