{"id":63855,"date":"2022-07-06T19:34:28","date_gmt":"2022-07-06T18:34:28","guid":{"rendered":"https:\/\/www.customeeple.com\/product\/block-gang\/"},"modified":"2022-07-06T19:34:28","modified_gmt":"2022-07-06T18:34:28","slug":"block-gang","status":"publish","type":"product","link":"https:\/\/www.customeeple.com\/es\/producto\/block-gang\/","title":{"rendered":"Block Gang"},"content":{"rendered":"<p>Con el desempleo y el aburrimiento que abundan en Mega-City One, muchos ciudadanos, especialmente juves, se unen a pandillas. Muchas pandillas se identifican y reclutan \u00fanicamente de un solo bloque, mientras que otras atraen a miembros de toda la ciudad, atra\u00eddos por la filosof\u00eda, los colores o el l\u00edder carism\u00e1tico de la pandilla.<\/p>\n<p>Muchas pandillas simplemente proteger\u00e1n su propio territorio y tratar\u00e1n de tomar el control de la \u201ceconom\u00eda sumergida\u201d local de drogas ilegales y otras sustancias prohibidas como el tabaco, el az\u00facar, Umpty Candy y las historietas del siglo XX. Otras pandillas se identifican con causas o modas, incluidos los muchos equipos anti-robots y anti-mutantes como los &#8216;Neon Knights&#8217; y &#8216;Purity First&#8217; o el terrorismo anti-Judge y pro-democracia como el grupo &#8216;Total War&#8217;. Otros contin\u00faan y se especializan en el crimen organizado, como el robo de cuerpos, la p\u00e9rdida de \u00f3rganos, la ejecuci\u00f3n de extraterrestres y delincuentes.<\/p>\n<p>La caja contiene:<\/p>\n<p>8 miniaturas de resina de Warlord Block Gang<br \/>\nBases de plastico<br \/>\n2 tarjetas de unidad<br \/>\n1 carta de Armer\u00eda: kit de reparaci\u00f3n<br \/>\n1 tarjeta Big Meg: Smokatorium<br \/>\nModelo suministrado sin montar y sin pintar.<\/p>\n","protected":false},"excerpt":{"rendered":"<p>Con el desempleo y el aburrimiento que abundan en Mega-City One, muchos ciudadanos, especialmente juves, se unen a pandillas. Muchas pandillas se identifican y reclutan \u00fanicamente de un solo bloque, mientras que otras atraen a miembros de toda la ciudad, atra\u00eddos por la filosof\u00eda, los colores o el l\u00edder carism\u00e1tico de la pandilla. Muchas pandillas [&hellip;]<\/p>\n","protected":false},"featured_media":63854,"template":"","meta":{"_acf_changed":false},"product_brand":[],"product_cat":[1180,1623],"product_tag":[],"class_list":{"0":"post-63855","1":"product","2":"type-product","3":"status-publish","4":"has-post-thumbnail","6":"product_cat-retail-products-es","7":"product_cat-wargames-es-2","9":"first","10":"onbackorder","11":"sale","12":"taxable","13":"shipping-taxable","14":"purchasable","15":"product-type-simple"},"exclude_global_add_ons":[],"addons":[],"acf":[],"_links":{"self":[{"href":"https:\/\/www.customeeple.com\/es\/wp-json\/wp\/v2\/product\/63855","targetHints":{"allow":["GET"]}}],"collection":[{"href":"https:\/\/www.customeeple.com\/es\/wp-json\/wp\/v2\/product"}],"about":[{"href":"https:\/\/www.customeeple.com\/es\/wp-json\/wp\/v2\/types\/product"}],"wp:featuredmedia":[{"embeddable":true,"href":"https:\/\/www.customeeple.com\/es\/wp-json\/wp\/v2\/media\/63854"}],"wp:attachment":[{"href":"https:\/\/www.customeeple.com\/es\/wp-json\/wp\/v2\/media?parent=63855"}],"wp:term":[{"taxonomy":"product_brand","embeddable":true,"href":"https:\/\/www.customeeple.com\/es\/wp-json\/wp\/v2\/product_brand?post=63855"},{"taxonomy":"product_cat","embeddable":true,"href":"https:\/\/www.customeeple.com\/es\/wp-json\/wp\/v2\/product_cat?post=63855"},{"taxonomy":"product_tag","embeddable":true,"href":"https:\/\/www.customeeple.com\/es\/wp-json\/wp\/v2\/product_tag?post=63855"}],"curies":[{"name":"wp","href":"https:\/\/api.w.org\/{rel}","templated":true}]}}