{"id":63836,"date":"2022-07-02T10:53:01","date_gmt":"2022-07-02T09:53:01","guid":{"rendered":"https:\/\/www.customeeple.com\/product\/tap-battlefield-field-grass\/"},"modified":"2022-07-02T10:53:01","modified_gmt":"2022-07-02T09:53:01","slug":"tap-battlefield-field-grass","status":"publish","type":"product","link":"https:\/\/www.customeeple.com\/es\/producto\/tap-battlefield-field-grass\/","title":{"rendered":"TAP: Battlefield Field Grass"},"content":{"rendered":"<div class=\"ShortDescription-Content\">\n<p>\u00daselo para crear grandes efectos de hierba m\u00e1s alta y silvestre. Se puede usar en toda la base o en grupos m\u00e1s peque\u00f1os. Se parece a la hierba alta o salvaje: util\u00edcelo encima de Brown Battleground para lograr un efecto m\u00e1s realista y dram\u00e1tico. Contiene 150ml.<\/p>\n<p>Aspecto s\u00faper realista &#8211; Convierte tus miniaturas en verdaderas obras de arte.<br \/>\nLleva tus miniaturas pintadas al siguiente nivel.<br \/>\nF\u00e1cil de usar: agregue pegamento de base en la base, luego d\u00e9 forma al material de base y p\u00e9guelo a la base.<br \/>\nPaquete pr\u00e1ctico: a diferencia de otros, nuestro material para bases viene en una caja de 150 ml.<\/p>\n<\/div>\n","protected":false},"excerpt":{"rendered":"<p>\u00daselo para crear grandes efectos de hierba m\u00e1s alta y silvestre. Se puede usar en toda la base o en grupos m\u00e1s peque\u00f1os. Se parece a la hierba alta o salvaje: util\u00edcelo encima de Brown Battleground para lograr un efecto m\u00e1s realista y dram\u00e1tico. Contiene 150ml. Aspecto s\u00faper realista &#8211; Convierte tus miniaturas en verdaderas [&hellip;]<\/p>\n","protected":false},"featured_media":63828,"template":"","meta":{"_acf_changed":false},"product_brand":[],"product_cat":[1401,1180],"product_tag":[],"class_list":{"0":"post-63836","1":"product","2":"type-product","3":"status-publish","4":"has-post-thumbnail","6":"product_cat-pintura-y-modelismo","7":"product_cat-retail-products-es","9":"first","10":"onbackorder","11":"sale","12":"taxable","13":"shipping-taxable","14":"purchasable","15":"product-type-simple"},"exclude_global_add_ons":[],"addons":[],"acf":[],"_links":{"self":[{"href":"https:\/\/www.customeeple.com\/es\/wp-json\/wp\/v2\/product\/63836","targetHints":{"allow":["GET"]}}],"collection":[{"href":"https:\/\/www.customeeple.com\/es\/wp-json\/wp\/v2\/product"}],"about":[{"href":"https:\/\/www.customeeple.com\/es\/wp-json\/wp\/v2\/types\/product"}],"wp:featuredmedia":[{"embeddable":true,"href":"https:\/\/www.customeeple.com\/es\/wp-json\/wp\/v2\/media\/63828"}],"wp:attachment":[{"href":"https:\/\/www.customeeple.com\/es\/wp-json\/wp\/v2\/media?parent=63836"}],"wp:term":[{"taxonomy":"product_brand","embeddable":true,"href":"https:\/\/www.customeeple.com\/es\/wp-json\/wp\/v2\/product_brand?post=63836"},{"taxonomy":"product_cat","embeddable":true,"href":"https:\/\/www.customeeple.com\/es\/wp-json\/wp\/v2\/product_cat?post=63836"},{"taxonomy":"product_tag","embeddable":true,"href":"https:\/\/www.customeeple.com\/es\/wp-json\/wp\/v2\/product_tag?post=63836"}],"curies":[{"name":"wp","href":"https:\/\/api.w.org\/{rel}","templated":true}]}}