{"id":63835,"date":"2022-07-02T10:53:10","date_gmt":"2022-07-02T09:53:10","guid":{"rendered":"https:\/\/www.customeeple.com\/product\/ap-markerlight-laser-pointer-2019\/"},"modified":"2024-06-07T10:36:20","modified_gmt":"2024-06-07T09:36:20","slug":"ap-markerlight-laser-pointer-2019","status":"publish","type":"product","link":"https:\/\/www.customeeple.com\/es\/producto\/ap-markerlight-laser-pointer-2019\/","title":{"rendered":"TAP: Markerlight Laser Pointer (2019)"},"content":{"rendered":"<div class=\"ShortDescription-Content\">\n<p>El puntero l\u00e1ser le mostrar\u00e1 exactamente lo que pueden ver sus modelos, sin importar el terreno o el campo de batalla. No m\u00e1s discusiones en una mesa de juego: \u00a1apunta y dispara con precisi\u00f3n! Pilas incluidas (LR44).<\/p>\n<p>F\u00e1cil de usar.<br \/>\nBaterias incluidas.<br \/>\nApunta y dispara con precisi\u00f3n.<\/p>\n<\/div>\n","protected":false},"excerpt":{"rendered":"<p>El puntero l\u00e1ser le mostrar\u00e1 exactamente lo que pueden ver sus modelos, sin importar el terreno o el campo de batalla. No m\u00e1s discusiones en una mesa de juego: \u00a1apunta y dispara con precisi\u00f3n! Pilas incluidas (LR44). F\u00e1cil de usar. Baterias incluidas. Apunta y dispara con precisi\u00f3n.<\/p>\n","protected":false},"featured_media":63826,"template":"","meta":{"_acf_changed":false},"product_brand":[],"product_cat":[1405,1401,1180],"product_tag":[],"class_list":{"0":"post-63835","1":"product","2":"type-product","3":"status-publish","4":"has-post-thumbnail","6":"product_cat-herramientas","7":"product_cat-pintura-y-modelismo","8":"product_cat-retail-products-es","10":"first","11":"instock","12":"sale","13":"taxable","14":"shipping-taxable","15":"purchasable","16":"product-type-simple"},"exclude_global_add_ons":[],"addons":[],"acf":[],"_links":{"self":[{"href":"https:\/\/www.customeeple.com\/es\/wp-json\/wp\/v2\/product\/63835","targetHints":{"allow":["GET"]}}],"collection":[{"href":"https:\/\/www.customeeple.com\/es\/wp-json\/wp\/v2\/product"}],"about":[{"href":"https:\/\/www.customeeple.com\/es\/wp-json\/wp\/v2\/types\/product"}],"wp:featuredmedia":[{"embeddable":true,"href":"https:\/\/www.customeeple.com\/es\/wp-json\/wp\/v2\/media\/63826"}],"wp:attachment":[{"href":"https:\/\/www.customeeple.com\/es\/wp-json\/wp\/v2\/media?parent=63835"}],"wp:term":[{"taxonomy":"product_brand","embeddable":true,"href":"https:\/\/www.customeeple.com\/es\/wp-json\/wp\/v2\/product_brand?post=63835"},{"taxonomy":"product_cat","embeddable":true,"href":"https:\/\/www.customeeple.com\/es\/wp-json\/wp\/v2\/product_cat?post=63835"},{"taxonomy":"product_tag","embeddable":true,"href":"https:\/\/www.customeeple.com\/es\/wp-json\/wp\/v2\/product_tag?post=63835"}],"curies":[{"name":"wp","href":"https:\/\/api.w.org\/{rel}","templated":true}]}}