{"id":63700,"date":"2022-06-22T09:20:27","date_gmt":"2022-06-22T08:20:27","guid":{"rendered":"https:\/\/www.customeeple.com\/product\/arboretum\/"},"modified":"2022-06-22T09:20:27","modified_gmt":"2022-06-22T08:20:27","slug":"arboretum","status":"publish","type":"product","link":"https:\/\/www.customeeple.com\/es\/producto\/arboretum\/","title":{"rendered":"Arboretum"},"content":{"rendered":"<p>En ning\u00fan otro lugar es tan evidente la belleza de la naturaleza como el los resplandecientes colores de un arboreto. En Arboretum crear\u00e1s senderos meticulosamente planificados para que tus visitantes puedan paseasre y disfrutar de la explosi\u00f3n colorida de las hojas y brotes. La alegre flor del cerezo, el fragante cornejo, el poderoso roble &#8211; todos tienen su lugar en este pac\u00edfico idilio. Pero baja este lugar tranquilo subyace un juego de esp\u00edritu competitivo. Deber\u00e1s eligir qu\u00e9 cartas plantar en tu arboreto y cu\u00e1les mantener en tu mano, ya que s\u00f3lo la conservadora m\u00e1s experta ganar\u00e1 prestigio entre los entusiastes de la naturaleza de todo el mundo.<\/p>\n","protected":false},"excerpt":{"rendered":"<p>En ning\u00fan otro lugar es tan evidente la belleza de la naturaleza como el los resplandecientes colores de un arboreto. En Arboretum crear\u00e1s senderos meticulosamente planificados para que tus visitantes puedan paseasre y disfrutar de la explosi\u00f3n colorida de las hojas y brotes. La alegre flor del cerezo, el fragante cornejo, el poderoso roble &#8211; [&hellip;]<\/p>\n","protected":false},"featured_media":63686,"template":"","meta":{"_acf_changed":false},"product_brand":[],"product_cat":[1180],"product_tag":[],"class_list":{"0":"post-63700","1":"product","2":"type-product","3":"status-publish","4":"has-post-thumbnail","6":"product_cat-retail-products-es","8":"first","9":"instock","10":"sale","11":"taxable","12":"shipping-taxable","13":"purchasable","14":"product-type-simple"},"exclude_global_add_ons":[],"addons":[],"acf":[],"_links":{"self":[{"href":"https:\/\/www.customeeple.com\/es\/wp-json\/wp\/v2\/product\/63700","targetHints":{"allow":["GET"]}}],"collection":[{"href":"https:\/\/www.customeeple.com\/es\/wp-json\/wp\/v2\/product"}],"about":[{"href":"https:\/\/www.customeeple.com\/es\/wp-json\/wp\/v2\/types\/product"}],"wp:featuredmedia":[{"embeddable":true,"href":"https:\/\/www.customeeple.com\/es\/wp-json\/wp\/v2\/media\/63686"}],"wp:attachment":[{"href":"https:\/\/www.customeeple.com\/es\/wp-json\/wp\/v2\/media?parent=63700"}],"wp:term":[{"taxonomy":"product_brand","embeddable":true,"href":"https:\/\/www.customeeple.com\/es\/wp-json\/wp\/v2\/product_brand?post=63700"},{"taxonomy":"product_cat","embeddable":true,"href":"https:\/\/www.customeeple.com\/es\/wp-json\/wp\/v2\/product_cat?post=63700"},{"taxonomy":"product_tag","embeddable":true,"href":"https:\/\/www.customeeple.com\/es\/wp-json\/wp\/v2\/product_tag?post=63700"}],"curies":[{"name":"wp","href":"https:\/\/api.w.org\/{rel}","templated":true}]}}