{"id":63698,"date":"2022-06-22T09:21:41","date_gmt":"2022-06-22T08:21:41","guid":{"rendered":"https:\/\/www.customeeple.com\/product\/dune-aventuras-en-el-imperio\/"},"modified":"2022-06-22T09:21:41","modified_gmt":"2022-06-22T08:21:41","slug":"dune-aventuras-en-el-imperio","status":"publish","type":"product","link":"https:\/\/www.customeeple.com\/es\/producto\/dune-aventuras-en-el-imperio\/","title":{"rendered":"Dune Aventuras en el Imperio"},"content":{"rendered":"<p>El juego de rol Dune: Aventuras en el Imperio te lleva a un futuro distante, m\u00e1s all\u00e1 de todo lo que hubieras imaginado. El miedo es tu mayor enemigo, mant\u00e9n cerca tu buen juicio. El Imperio es un lugar de duelos letales, pol\u00edticas feudales y misteriosas habilidades donde las Casas nobles confabulan en una b\u00fasqueda constante de poder, influencia y venganza. En este universo, el filo de una espada puede cambiar el destino de millones. Forja tu Casa, esculpe tu lugar en el cosmos o reconstruye tu linaje ancestral y lucha por el Trono Imperial. Lleva a tu personaje a un viaje por los mundos contados en la obra maestra de ciencia ficci\u00f3n de Frank Herbert, planetas habitados por agentes de \u00e9lite al servicio de las Casas nobles. Une bajo tu bandera a mentats, Maestros de la Espada, esp\u00edas, hermanas Bene Gesserit e incluso los Fremen. Seas quien elijas ser, recuerda que quien controla la especia, controla el universo. El libro b\u00e1sico de Dune: Aventuras en el Imperio contiene: &#8211; Todo lo que necesitas para crear tus propias historias de intriga y aventura en las arenas de Arrakis como agente de una de las Casas nobles. &#8211; Una nueva versi\u00f3n del sistema 2d20 adaptada espec\u00edficamente para el universo de Dune con reglas para crear tu propia Casa y mec\u00e1nicas para jugar en modo arquitecto, donde puedes mover los hilos y controlar a los agentes que sirven a tu Casa. &#8211; Una gu\u00eda completa del Imperio, la sociedad, facciones, historia, tecnolog\u00eda, cultura, fe y mucho m\u00e1s. &#8211; Consejos para los directores de juego principiantes y veteranos para dirigir campa\u00f1as ambientadas en Dune llenas de intriga y aventura como agentes de \u00e9lite de una Casa. &#8211; Una aventura de introducci\u00f3n, Recolectores de Dune, dise\u00f1ada para involucrar a todos los jugadores en tejemanejes del Imperio en Arrakis.<\/p>\n","protected":false},"excerpt":{"rendered":"<p>El juego de rol Dune: Aventuras en el Imperio te lleva a un futuro distante, m\u00e1s all\u00e1 de todo lo que hubieras imaginado. El miedo es tu mayor enemigo, mant\u00e9n cerca tu buen juicio. El Imperio es un lugar de duelos letales, pol\u00edticas feudales y misteriosas habilidades donde las Casas nobles confabulan en una b\u00fasqueda [&hellip;]<\/p>\n","protected":false},"featured_media":63690,"template":"","meta":{"_acf_changed":false},"product_brand":[],"product_cat":[1180],"product_tag":[],"class_list":{"0":"post-63698","1":"product","2":"type-product","3":"status-publish","4":"has-post-thumbnail","6":"product_cat-retail-products-es","8":"first","9":"outofstock","10":"sale","11":"taxable","12":"shipping-taxable","13":"purchasable","14":"product-type-simple"},"exclude_global_add_ons":[],"addons":[],"acf":[],"_links":{"self":[{"href":"https:\/\/www.customeeple.com\/es\/wp-json\/wp\/v2\/product\/63698","targetHints":{"allow":["GET"]}}],"collection":[{"href":"https:\/\/www.customeeple.com\/es\/wp-json\/wp\/v2\/product"}],"about":[{"href":"https:\/\/www.customeeple.com\/es\/wp-json\/wp\/v2\/types\/product"}],"wp:featuredmedia":[{"embeddable":true,"href":"https:\/\/www.customeeple.com\/es\/wp-json\/wp\/v2\/media\/63690"}],"wp:attachment":[{"href":"https:\/\/www.customeeple.com\/es\/wp-json\/wp\/v2\/media?parent=63698"}],"wp:term":[{"taxonomy":"product_brand","embeddable":true,"href":"https:\/\/www.customeeple.com\/es\/wp-json\/wp\/v2\/product_brand?post=63698"},{"taxonomy":"product_cat","embeddable":true,"href":"https:\/\/www.customeeple.com\/es\/wp-json\/wp\/v2\/product_cat?post=63698"},{"taxonomy":"product_tag","embeddable":true,"href":"https:\/\/www.customeeple.com\/es\/wp-json\/wp\/v2\/product_tag?post=63698"}],"curies":[{"name":"wp","href":"https:\/\/api.w.org\/{rel}","templated":true}]}}