{"id":63697,"date":"2022-06-22T09:24:08","date_gmt":"2022-06-22T08:24:08","guid":{"rendered":"https:\/\/www.customeeple.com\/product\/50-juegos-divertidos-para-viajar\/"},"modified":"2022-06-22T09:24:08","modified_gmt":"2022-06-22T08:24:08","slug":"50-juegos-divertidos-para-viajar","status":"publish","type":"product","link":"https:\/\/www.customeeple.com\/es\/producto\/50-juegos-divertidos-para-viajar\/","title":{"rendered":"50 juegos divertidos para viajar"},"content":{"rendered":"<p>El aburrimiento en el coche, el avi\u00f3n o el tren se ha acabado! Estos 50 juegos locos y divertidos traer\u00e1n buen humor y caben en cualquier equipaje! Os deseamos mucha diversi\u00f3n jugando, adivinando, pensando, calculando y contando historias.<\/p>\n","protected":false},"excerpt":{"rendered":"<p>El aburrimiento en el coche, el avi\u00f3n o el tren se ha acabado! Estos 50 juegos locos y divertidos traer\u00e1n buen humor y caben en cualquier equipaje! Os deseamos mucha diversi\u00f3n jugando, adivinando, pensando, calculando y contando historias.<\/p>\n","protected":false},"featured_media":63694,"template":"","meta":{"_acf_changed":false},"product_brand":[],"product_cat":[1561,2004,1557,1653,1180],"product_tag":[],"class_list":{"0":"post-63697","1":"product","2":"type-product","3":"status-publish","4":"has-post-thumbnail","6":"product_cat-familiar-es","7":"product_cat-party-game-es","8":"product_cat-card-game-es","9":"product_cat-boardgames","10":"product_cat-retail-products-es","12":"first","13":"outofstock","14":"sale","15":"taxable","16":"shipping-taxable","17":"purchasable","18":"product-type-simple"},"exclude_global_add_ons":[],"addons":[],"acf":[],"_links":{"self":[{"href":"https:\/\/www.customeeple.com\/es\/wp-json\/wp\/v2\/product\/63697","targetHints":{"allow":["GET"]}}],"collection":[{"href":"https:\/\/www.customeeple.com\/es\/wp-json\/wp\/v2\/product"}],"about":[{"href":"https:\/\/www.customeeple.com\/es\/wp-json\/wp\/v2\/types\/product"}],"wp:featuredmedia":[{"embeddable":true,"href":"https:\/\/www.customeeple.com\/es\/wp-json\/wp\/v2\/media\/63694"}],"wp:attachment":[{"href":"https:\/\/www.customeeple.com\/es\/wp-json\/wp\/v2\/media?parent=63697"}],"wp:term":[{"taxonomy":"product_brand","embeddable":true,"href":"https:\/\/www.customeeple.com\/es\/wp-json\/wp\/v2\/product_brand?post=63697"},{"taxonomy":"product_cat","embeddable":true,"href":"https:\/\/www.customeeple.com\/es\/wp-json\/wp\/v2\/product_cat?post=63697"},{"taxonomy":"product_tag","embeddable":true,"href":"https:\/\/www.customeeple.com\/es\/wp-json\/wp\/v2\/product_tag?post=63697"}],"curies":[{"name":"wp","href":"https:\/\/api.w.org\/{rel}","templated":true}]}}