{"id":63639,"date":"2022-06-17T16:48:33","date_gmt":"2022-06-17T15:48:33","guid":{"rendered":"https:\/\/www.customeeple.com\/product\/brainbox-dinosaurios\/"},"modified":"2022-06-17T17:25:35","modified_gmt":"2022-06-17T16:25:35","slug":"brainbox-dinosaurios","status":"publish","type":"product","link":"https:\/\/www.customeeple.com\/es\/producto\/brainbox-dinosaurios\/","title":{"rendered":"Brainbox Dinosaurios"},"content":{"rendered":"<p>Los juegos de BrainBox invitan a las mentes j\u00f3venes y adultas a embarcarse en un emocionante recorrido de descubrimientos r\u00e1pidos que mejoran sus aptitudes de observaci\u00f3n y memoria. Esta edici\u00f3n del juego sobre dinosaurios presenta las criaturas que dominaban el mundo en 55 cartas de juego con 330 preguntas individuales. Con dinosaurios terrestres, acu\u00e1ticos y a\u00e9reos, este juego familiar contiene ilustraciones dibujadas a mano que dan vida a cada criatura prehist\u00f3rica. Con BrainBox Dinosaurios, podr\u00e9is jugar y aprender juntos.<br \/><strong>CONTENIDO<\/strong><br \/>55 cartas de juego, 1 reloj de 10 segundos, 1 dado de 6 caras.<\/p>\n","protected":false},"excerpt":{"rendered":"<p><br data-mce-bogus=\"1\"><\/p>\n","protected":false},"featured_media":63622,"template":"","meta":{"_acf_changed":false},"product_brand":[],"product_cat":[1561,2004,1653,1180],"product_tag":[],"class_list":{"0":"post-63639","1":"product","2":"type-product","3":"status-publish","4":"has-post-thumbnail","6":"product_cat-familiar-es","7":"product_cat-party-game-es","8":"product_cat-boardgames","9":"product_cat-retail-products-es","11":"first","12":"outofstock","13":"sale","14":"taxable","15":"shipping-taxable","16":"purchasable","17":"product-type-simple"},"exclude_global_add_ons":[],"addons":[],"acf":[],"_links":{"self":[{"href":"https:\/\/www.customeeple.com\/es\/wp-json\/wp\/v2\/product\/63639","targetHints":{"allow":["GET"]}}],"collection":[{"href":"https:\/\/www.customeeple.com\/es\/wp-json\/wp\/v2\/product"}],"about":[{"href":"https:\/\/www.customeeple.com\/es\/wp-json\/wp\/v2\/types\/product"}],"wp:featuredmedia":[{"embeddable":true,"href":"https:\/\/www.customeeple.com\/es\/wp-json\/wp\/v2\/media\/63622"}],"wp:attachment":[{"href":"https:\/\/www.customeeple.com\/es\/wp-json\/wp\/v2\/media?parent=63639"}],"wp:term":[{"taxonomy":"product_brand","embeddable":true,"href":"https:\/\/www.customeeple.com\/es\/wp-json\/wp\/v2\/product_brand?post=63639"},{"taxonomy":"product_cat","embeddable":true,"href":"https:\/\/www.customeeple.com\/es\/wp-json\/wp\/v2\/product_cat?post=63639"},{"taxonomy":"product_tag","embeddable":true,"href":"https:\/\/www.customeeple.com\/es\/wp-json\/wp\/v2\/product_tag?post=63639"}],"curies":[{"name":"wp","href":"https:\/\/api.w.org\/{rel}","templated":true}]}}