{"id":63580,"date":"2022-06-16T15:18:37","date_gmt":"2022-06-16T14:18:37","guid":{"rendered":"https:\/\/www.customeeple.com\/?post_type=product&#038;p=63580"},"modified":"2022-06-16T16:38:32","modified_gmt":"2022-06-16T15:38:32","slug":"harlequin-void-dancer-kill-team-dadoses","status":"publish","type":"product","link":"https:\/\/www.customeeple.com\/es\/producto\/harlequin-void-dancer-kill-team-dadoses\/","title":{"rendered":"Harlequin Void Dancer Kill Teamt 8 dados compatibles"},"content":{"rendered":"<p>Un paquete de dados controla tu SAEDATH mientras juegas con un KILL TEAM DE VOID-DANCER TROUPE en un juego de Kill Team V2.<\/p>\n<p>Los dados son de 16 mm grabados con los s\u00edmbolos para representar las 5 alegor\u00edas diferentes y uno para representar el papel PIVOTAL en el juego.<br \/>\nincluye:<\/p>\n<ul>\n<li>Comedy<\/li>\n<li>Epic<\/li>\n<li>Melodrama<\/li>\n<li>Odyssey<\/li>\n<li>Tragedy<\/li>\n<li>Pivotal<\/li>\n<\/ul>\n<p>Est\u00e1n pintados a mano y tienen un bonito efecto escarcha.<\/p>\n<p>Puedes elegir el color de los dados.<\/p>\n<p><strong>Material: <\/strong>acrylic<\/p>\n<div class=\"moreinfo\">\n<p dir=\"ltr\"><strong>Tama\u00f1o:<\/strong> 16 x 16 cm<\/p>\n<p dir=\"ltr\"><strong>Cantidad:<\/strong> 8 dados<\/p>\n<p><strong>KILL TEAM<\/strong> es un juego publicado por <b>GAMES WORKSHOP.<\/b>\u00a0<strong>Customeeple<\/strong> no mantiene ninguna relaci\u00f3n con esta compa\u00f1\u00eda y este producto no esta respaldado por ellos de ninguna forma.<\/p>\n<\/div>\n","protected":false},"excerpt":{"rendered":"<p>dados para\u00a0<b>KILL TEAM<\/b><\/p>\n","protected":false},"featured_media":63590,"template":"","meta":{"_acf_changed":false},"product_brand":[],"product_cat":[191,1122,1370,1392,1177,1427,1623,1229],"product_tag":[786],"class_list":{"0":"post-63580","1":"product","2":"type-product","3":"status-publish","4":"has-post-thumbnail","6":"product_cat-accesorios","7":"product_cat-sw-es","8":"product_cat-customeeple-es","9":"product_cat-dados","10":"product_cat-games-workshop-es","11":"product_cat-kill-team-es","12":"product_cat-wargames-es-2","13":"product_cat-warhammer-40k-es","14":"product_tag-warhammer-es-2","16":"first","17":"instock","18":"taxable","19":"shipping-taxable","20":"purchasable","21":"product-type-variable"},"exclude_global_add_ons":[],"addons":[],"acf":[],"_links":{"self":[{"href":"https:\/\/www.customeeple.com\/es\/wp-json\/wp\/v2\/product\/63580","targetHints":{"allow":["GET"]}}],"collection":[{"href":"https:\/\/www.customeeple.com\/es\/wp-json\/wp\/v2\/product"}],"about":[{"href":"https:\/\/www.customeeple.com\/es\/wp-json\/wp\/v2\/types\/product"}],"wp:featuredmedia":[{"embeddable":true,"href":"https:\/\/www.customeeple.com\/es\/wp-json\/wp\/v2\/media\/63590"}],"wp:attachment":[{"href":"https:\/\/www.customeeple.com\/es\/wp-json\/wp\/v2\/media?parent=63580"}],"wp:term":[{"taxonomy":"product_brand","embeddable":true,"href":"https:\/\/www.customeeple.com\/es\/wp-json\/wp\/v2\/product_brand?post=63580"},{"taxonomy":"product_cat","embeddable":true,"href":"https:\/\/www.customeeple.com\/es\/wp-json\/wp\/v2\/product_cat?post=63580"},{"taxonomy":"product_tag","embeddable":true,"href":"https:\/\/www.customeeple.com\/es\/wp-json\/wp\/v2\/product_tag?post=63580"}],"curies":[{"name":"wp","href":"https:\/\/api.w.org\/{rel}","templated":true}]}}