{"id":63567,"date":"2022-06-15T18:07:57","date_gmt":"2022-06-15T17:07:57","guid":{"rendered":"https:\/\/www.customeeple.com\/product\/riftforce-mas-alla\/"},"modified":"2022-06-15T18:07:57","modified_gmt":"2022-06-15T17:07:57","slug":"riftforce-mas-alla","status":"publish","type":"product","link":"https:\/\/www.customeeple.com\/es\/producto\/riftforce-mas-alla\/","title":{"rendered":"RiftForce: Mas all\u00e1"},"content":{"rendered":"<p>\u00a1Descubre el mundo m\u00e1s all\u00e1 de la Fractura!<\/p>\n<p>Emb\u00e1rcate en un viaje hacia lo desconocido. Supera emocionantes desaf\u00edos por tu cuenta o con aliados de tu parte. Necesitar\u00e1s todas tus habilidades.<\/p>\n<p>Juega al modo interactivo por equipos de Riftforce.<\/p>\n<p>El modo solitario con 14 desaf\u00edos combinables te aguarda. \u00bfTienes lo necesario para derrotar al m\u00e1s poderoso de los entrenadores?<\/p>\n<p>8 nuevos gremios para aportar variedad tanto si juegas solo, por equipos o te bates en duelo.<\/p>\n","protected":false},"excerpt":{"rendered":"<p>\u00a1Descubre el mundo m\u00e1s all\u00e1 de la Fractura! Emb\u00e1rcate en un viaje hacia lo desconocido. Supera emocionantes desaf\u00edos por tu cuenta o con aliados de tu parte. Necesitar\u00e1s todas tus habilidades. Juega al modo interactivo por equipos de Riftforce. El modo solitario con 14 desaf\u00edos combinables te aguarda. \u00bfTienes lo necesario para derrotar al m\u00e1s [&hellip;]<\/p>\n","protected":false},"featured_media":63563,"template":"","meta":{"_acf_changed":false},"product_brand":[],"product_cat":[1653,1180],"product_tag":[],"class_list":{"0":"post-63567","1":"product","2":"type-product","3":"status-publish","4":"has-post-thumbnail","6":"product_cat-boardgames","7":"product_cat-retail-products-es","9":"first","10":"onbackorder","11":"sale","12":"taxable","13":"shipping-taxable","14":"purchasable","15":"product-type-simple"},"exclude_global_add_ons":[],"addons":[],"acf":[],"_links":{"self":[{"href":"https:\/\/www.customeeple.com\/es\/wp-json\/wp\/v2\/product\/63567","targetHints":{"allow":["GET"]}}],"collection":[{"href":"https:\/\/www.customeeple.com\/es\/wp-json\/wp\/v2\/product"}],"about":[{"href":"https:\/\/www.customeeple.com\/es\/wp-json\/wp\/v2\/types\/product"}],"wp:featuredmedia":[{"embeddable":true,"href":"https:\/\/www.customeeple.com\/es\/wp-json\/wp\/v2\/media\/63563"}],"wp:attachment":[{"href":"https:\/\/www.customeeple.com\/es\/wp-json\/wp\/v2\/media?parent=63567"}],"wp:term":[{"taxonomy":"product_brand","embeddable":true,"href":"https:\/\/www.customeeple.com\/es\/wp-json\/wp\/v2\/product_brand?post=63567"},{"taxonomy":"product_cat","embeddable":true,"href":"https:\/\/www.customeeple.com\/es\/wp-json\/wp\/v2\/product_cat?post=63567"},{"taxonomy":"product_tag","embeddable":true,"href":"https:\/\/www.customeeple.com\/es\/wp-json\/wp\/v2\/product_tag?post=63567"}],"curies":[{"name":"wp","href":"https:\/\/api.w.org\/{rel}","templated":true}]}}