{"id":63556,"date":"2022-06-10T19:49:22","date_gmt":"2022-06-10T18:49:22","guid":{"rendered":"https:\/\/www.customeeple.com\/product\/cancion-de-hielo-y-fuego-juego-de-miniaturas\/"},"modified":"2025-08-04T12:48:34","modified_gmt":"2025-08-04T11:48:34","slug":"cancion-de-hielo-y-fuego-juego-de-miniaturas","status":"publish","type":"product","link":"https:\/\/www.customeeple.com\/es\/producto\/cancion-de-hielo-y-fuego-juego-de-miniaturas\/","title":{"rendered":"Canci\u00f3n de Hielo y Fuego: Juego de miniaturas"},"content":{"rendered":"<p>Canci\u00f3n de hielo y fuego: el juego de miniaturas pone a los jugadores al frente de los enormes ej\u00e9rcitos de Poniente para que intenten salir vencedores en la Guerra de los Cinco Reyes.<\/p>\n<p>Tienes a tu disposici\u00f3n una variedad de unidades, desde infanter\u00eda b\u00e1sica a m\u00e1quinas de guerra, pasando por caballer\u00eda pesada y criaturas. En cada partida deber\u00e1s cumplir diferentes objetivos, como controlar un territorio o conseguir un objetivo secreto si quieres ser el vencedor.<\/p>\n<p>Dirige las tropas de la Casa Lannister o la Casa Stark, re\u00fane a tus h\u00e9roes y prep\u00e1rate para vencer o morir.<\/p>\n<p><strong>CONTENIDO<\/strong><br \/>\n103 miniaturas, 7 bandejas de movimiento para infanter\u00eda, 1 bandeja de movimiento para caballer\u00eda, 98 cartas, 62 fichas, 10 dados, 2 reglas de medida, 1 tablero t\u00e1ctico, 1 libro de escenarios y 1 libro de reglas.<\/p>\n","protected":false},"excerpt":{"rendered":"<p>Canci\u00f3n de hielo y fuego: el juego de miniaturas pone a los jugadores al frente de los enormes ej\u00e9rcitos de Poniente para que intenten salir vencedores en la Guerra de los Cinco Reyes. Tienes a tu disposici\u00f3n una variedad de unidades, desde infanter\u00eda b\u00e1sica a m\u00e1quinas de guerra, pasando por caballer\u00eda pesada y criaturas. En [&hellip;]<\/p>\n","protected":false},"featured_media":63548,"template":"","meta":{"_acf_changed":false},"product_brand":[],"product_cat":[1400,1180,1623],"product_tag":[],"class_list":{"0":"post-63556","1":"product","2":"type-product","3":"status-publish","4":"has-post-thumbnail","6":"product_cat-fantasia","7":"product_cat-retail-products-es","8":"product_cat-wargames-es-2","10":"first","11":"onbackorder","12":"sale","13":"taxable","14":"shipping-taxable","15":"purchasable","16":"product-type-simple"},"exclude_global_add_ons":[],"addons":[],"acf":[],"_links":{"self":[{"href":"https:\/\/www.customeeple.com\/es\/wp-json\/wp\/v2\/product\/63556","targetHints":{"allow":["GET"]}}],"collection":[{"href":"https:\/\/www.customeeple.com\/es\/wp-json\/wp\/v2\/product"}],"about":[{"href":"https:\/\/www.customeeple.com\/es\/wp-json\/wp\/v2\/types\/product"}],"wp:featuredmedia":[{"embeddable":true,"href":"https:\/\/www.customeeple.com\/es\/wp-json\/wp\/v2\/media\/63548"}],"wp:attachment":[{"href":"https:\/\/www.customeeple.com\/es\/wp-json\/wp\/v2\/media?parent=63556"}],"wp:term":[{"taxonomy":"product_brand","embeddable":true,"href":"https:\/\/www.customeeple.com\/es\/wp-json\/wp\/v2\/product_brand?post=63556"},{"taxonomy":"product_cat","embeddable":true,"href":"https:\/\/www.customeeple.com\/es\/wp-json\/wp\/v2\/product_cat?post=63556"},{"taxonomy":"product_tag","embeddable":true,"href":"https:\/\/www.customeeple.com\/es\/wp-json\/wp\/v2\/product_tag?post=63556"}],"curies":[{"name":"wp","href":"https:\/\/api.w.org\/{rel}","templated":true}]}}