{"id":63541,"date":"2022-06-08T09:25:40","date_gmt":"2022-06-08T08:25:40","guid":{"rendered":"https:\/\/www.customeeple.com\/product\/tau-empire-fire-warriors-2\/"},"modified":"2026-03-26T11:55:06","modified_gmt":"2026-03-26T10:55:06","slug":"tau-empire-fire-warriors-2","status":"publish","type":"product","link":"https:\/\/www.customeeple.com\/es\/producto\/tau-empire-fire-warriors-2\/","title":{"rendered":"TAU EMPIRE FIRE WARRIORS"},"content":{"rendered":"<p>El camino a seguir no solo est\u00e1 iluminado por la luz del Bien Supremo, sino por el brillo de los rifles de inducci\u00f3n. Los valientes Fire Warriors creen con celo absoluto en el destino de su raza y luchan con un fervor imparable y una habilidad envidiable. Benefici\u00e1ndose de los incre\u00edbles avances tecnol\u00f3gicos de los ingenieros T&#8217;au, su armadura es ligera pero duradera, y su armamento confiable y poderoso. Un Fire Warrior Strike Team es un destacamento r\u00e1pido de tropas de choque que conf\u00edan en el fuego de sus rifles, lanzan granadas electromagn\u00e9ticas de inducci\u00f3n y disparan desde sus torretas hasta acabar con el enemigo.<\/p>\n<p>Este kit de pl\u00e1stico multicomponente te ofrece todo lo que necesitas para montar diez Fire Warriors del T&#8217;au Empire en su configuraci\u00f3n de Strike Team. Una miniatura puede ser mejorada a Shas&#8217;ui y el kit incluye dos drones, una torreta de apoyo t\u00e1ctico DS8, una selecci\u00f3n de diferentes hombreras y mochilas as\u00ed como m\u00faltiples armas: pistolas de inducci\u00f3n, carabinas de inducci\u00f3n, granadas IEM y de fotones&#8230; 230 componentes en total, junto a diez peanas redondas Citadel de 25 mm, una peana redonda Citadel de 40 mm y dos peanas peque\u00f1as para voladores.<\/p>\n<p>Este kit tambi\u00e9n se puede montar como un Breacher Team de los Fire Warriors.<\/p>\n","protected":false},"excerpt":{"rendered":"<p>El camino a seguir no solo est\u00e1 iluminado por la luz del Bien Supremo, sino por el brillo de los rifles de inducci\u00f3n. Los valientes Fire Warriors creen con celo absoluto en el destino de su raza y luchan con un fervor imparable y una habilidad envidiable. Benefici\u00e1ndose de los incre\u00edbles avances tecnol\u00f3gicos de los [&hellip;]<\/p>\n","protected":false},"featured_media":63535,"template":"","meta":{"_acf_changed":false},"product_brand":[],"product_cat":[1177,1180,1623,1229],"product_tag":[],"class_list":{"0":"post-63541","1":"product","2":"type-product","3":"status-publish","4":"has-post-thumbnail","6":"product_cat-games-workshop-es","7":"product_cat-retail-products-es","8":"product_cat-wargames-es-2","9":"product_cat-warhammer-40k-es","11":"first","12":"onbackorder","13":"sale","14":"taxable","15":"shipping-taxable","16":"purchasable","17":"product-type-simple"},"exclude_global_add_ons":[],"addons":[],"acf":[],"_links":{"self":[{"href":"https:\/\/www.customeeple.com\/es\/wp-json\/wp\/v2\/product\/63541","targetHints":{"allow":["GET"]}}],"collection":[{"href":"https:\/\/www.customeeple.com\/es\/wp-json\/wp\/v2\/product"}],"about":[{"href":"https:\/\/www.customeeple.com\/es\/wp-json\/wp\/v2\/types\/product"}],"wp:featuredmedia":[{"embeddable":true,"href":"https:\/\/www.customeeple.com\/es\/wp-json\/wp\/v2\/media\/63535"}],"wp:attachment":[{"href":"https:\/\/www.customeeple.com\/es\/wp-json\/wp\/v2\/media?parent=63541"}],"wp:term":[{"taxonomy":"product_brand","embeddable":true,"href":"https:\/\/www.customeeple.com\/es\/wp-json\/wp\/v2\/product_brand?post=63541"},{"taxonomy":"product_cat","embeddable":true,"href":"https:\/\/www.customeeple.com\/es\/wp-json\/wp\/v2\/product_cat?post=63541"},{"taxonomy":"product_tag","embeddable":true,"href":"https:\/\/www.customeeple.com\/es\/wp-json\/wp\/v2\/product_tag?post=63541"}],"curies":[{"name":"wp","href":"https:\/\/api.w.org\/{rel}","templated":true}]}}