{"id":63539,"date":"2022-06-08T09:25:11","date_gmt":"2022-06-08T08:25:11","guid":{"rendered":"https:\/\/www.customeeple.com\/product\/adeptus-custodes-custodian-guard\/"},"modified":"2026-03-26T11:55:06","modified_gmt":"2026-03-26T10:55:06","slug":"adeptus-custodes-custodian-guard","status":"publish","type":"product","link":"https:\/\/www.customeeple.com\/es\/producto\/adeptus-custodes-custodian-guard\/","title":{"rendered":"ADEPTUS CUSTODES: CUSTODIAN GUARD"},"content":{"rendered":"<p>Brillantes y relucientes en su armadura dorada, los Adeptus Custodes marchan a la guerra con la confianza que su imponente estatura les concede. Las balas y la metralla rebotan contra sus corazas bru\u00f1idas, y van armados con el equipo b\u00e9lico m\u00e1s excelente y las bendiciones del propio Emperador. Con sus lanzas de guardi\u00e1n, giran, bloquean y acometen, rebanando enemigos gracias a su inmensa fuerza y repartiendo muerte desde lejos con sus b\u00f3lters incorporados. Las mentes de los Adeptus Custodes juzgan, y sus pu\u00f1os ejecutan.<\/p>\n<p>Este kit de pl\u00e1stico multicomponente contiene las piezas necesarias para montar un grupo de 5 Custodian Guard de los Adeptus Custodes, armados con lanzas de guardi\u00e1n o combinaciones de espada centinela y escudo de tormenta. Una miniatura puede montarse como Shield-Captain, con una capa y 2 cabezas entre las que elegir, y otra puede montarse como Vexilus Praetors, llevando una vexilla de Custodio.<\/p>\n<p>Incluye 5 peanas redondas Citadel de 40 mm.<\/p>\n","protected":false},"excerpt":{"rendered":"<p>Brillantes y relucientes en su armadura dorada, los Adeptus Custodes marchan a la guerra con la confianza que su imponente estatura les concede. Las balas y la metralla rebotan contra sus corazas bru\u00f1idas, y van armados con el equipo b\u00e9lico m\u00e1s excelente y las bendiciones del propio Emperador. Con sus lanzas de guardi\u00e1n, giran, bloquean [&hellip;]<\/p>\n","protected":false},"featured_media":63529,"template":"","meta":{"_acf_changed":false},"product_brand":[],"product_cat":[1177,1180,1623,1229],"product_tag":[],"class_list":{"0":"post-63539","1":"product","2":"type-product","3":"status-publish","4":"has-post-thumbnail","6":"product_cat-games-workshop-es","7":"product_cat-retail-products-es","8":"product_cat-wargames-es-2","9":"product_cat-warhammer-40k-es","11":"first","12":"onbackorder","13":"sale","14":"taxable","15":"shipping-taxable","16":"purchasable","17":"product-type-simple"},"exclude_global_add_ons":[],"addons":[],"acf":[],"_links":{"self":[{"href":"https:\/\/www.customeeple.com\/es\/wp-json\/wp\/v2\/product\/63539","targetHints":{"allow":["GET"]}}],"collection":[{"href":"https:\/\/www.customeeple.com\/es\/wp-json\/wp\/v2\/product"}],"about":[{"href":"https:\/\/www.customeeple.com\/es\/wp-json\/wp\/v2\/types\/product"}],"wp:featuredmedia":[{"embeddable":true,"href":"https:\/\/www.customeeple.com\/es\/wp-json\/wp\/v2\/media\/63529"}],"wp:attachment":[{"href":"https:\/\/www.customeeple.com\/es\/wp-json\/wp\/v2\/media?parent=63539"}],"wp:term":[{"taxonomy":"product_brand","embeddable":true,"href":"https:\/\/www.customeeple.com\/es\/wp-json\/wp\/v2\/product_brand?post=63539"},{"taxonomy":"product_cat","embeddable":true,"href":"https:\/\/www.customeeple.com\/es\/wp-json\/wp\/v2\/product_cat?post=63539"},{"taxonomy":"product_tag","embeddable":true,"href":"https:\/\/www.customeeple.com\/es\/wp-json\/wp\/v2\/product_tag?post=63539"}],"curies":[{"name":"wp","href":"https:\/\/api.w.org\/{rel}","templated":true}]}}