{"id":63518,"date":"2022-06-15T11:16:40","date_gmt":"2022-06-15T10:16:40","guid":{"rendered":"https:\/\/www.customeeple.com\/?post_type=product&#038;p=63518"},"modified":"2022-06-16T10:41:46","modified_gmt":"2022-06-16T09:41:46","slug":"arcadiaquestdicees","status":"publish","type":"product","link":"https:\/\/www.customeeple.com\/es\/producto\/arcadiaquestdicees\/","title":{"rendered":"Arcadia Quest 4 dados compatibles"},"content":{"rendered":"<p>Pack de dados para ampliar el juego <strong><a href=\"https:\/\/www.cmon.com\/product\/arcadia-quest\">Arcadia Ques<\/a>t<\/strong>\u00a0son de 16 mm grabados con los s\u00edmbolos del juego, pintados a mano y tienen un bonito efecto escarcha.<\/p>\n<p>&nbsp;<\/p>\n<p><strong>Material: <\/strong>acrylic<\/p>\n<div class=\"moreinfo\">\n<p dir=\"ltr\"><strong>Tama\u00f1o:<\/strong> 16 x 16 cm<\/p>\n<p dir=\"ltr\"><strong>Cantidad:<\/strong> 4 dados<\/p>\n<p><strong><a href=\"https:\/\/www.cmon.com\/product\/arcadia-quest\">Arcadia Ques<\/a>t<\/strong> es un juego publicado por <a href=\"https:\/\/www.cmon.com\/\"><strong>CMON games<\/strong>.<\/a>\u00a0<strong>Customeeple<\/strong> no mantiene ninguna relaci\u00f3n con esta compa\u00f1\u00eda y este producto no esta respaldado por ellos de ninguna forma.<\/p>\n<\/div>\n","protected":false},"excerpt":{"rendered":"<p>dados para <strong><a href=\"https:\/\/www.cmon.com\/product\/arcadia-quest\">Arcadia Ques<\/a>t<\/strong><\/p>\n","protected":false},"featured_media":63574,"template":"","meta":{"_acf_changed":false},"product_brand":[],"product_cat":[191,1370,1392],"product_tag":[2247],"class_list":{"0":"post-63518","1":"product","2":"type-product","3":"status-publish","4":"has-post-thumbnail","6":"product_cat-accesorios","7":"product_cat-customeeple-es","8":"product_cat-dados","9":"product_tag-cmon-es","11":"first","12":"instock","13":"taxable","14":"shipping-taxable","15":"purchasable","16":"product-type-variable"},"exclude_global_add_ons":[],"addons":[],"acf":[],"_links":{"self":[{"href":"https:\/\/www.customeeple.com\/es\/wp-json\/wp\/v2\/product\/63518","targetHints":{"allow":["GET"]}}],"collection":[{"href":"https:\/\/www.customeeple.com\/es\/wp-json\/wp\/v2\/product"}],"about":[{"href":"https:\/\/www.customeeple.com\/es\/wp-json\/wp\/v2\/types\/product"}],"wp:featuredmedia":[{"embeddable":true,"href":"https:\/\/www.customeeple.com\/es\/wp-json\/wp\/v2\/media\/63574"}],"wp:attachment":[{"href":"https:\/\/www.customeeple.com\/es\/wp-json\/wp\/v2\/media?parent=63518"}],"wp:term":[{"taxonomy":"product_brand","embeddable":true,"href":"https:\/\/www.customeeple.com\/es\/wp-json\/wp\/v2\/product_brand?post=63518"},{"taxonomy":"product_cat","embeddable":true,"href":"https:\/\/www.customeeple.com\/es\/wp-json\/wp\/v2\/product_cat?post=63518"},{"taxonomy":"product_tag","embeddable":true,"href":"https:\/\/www.customeeple.com\/es\/wp-json\/wp\/v2\/product_tag?post=63518"}],"curies":[{"name":"wp","href":"https:\/\/api.w.org\/{rel}","templated":true}]}}