{"id":63453,"date":"2022-06-03T18:03:18","date_gmt":"2022-06-03T17:03:18","guid":{"rendered":"https:\/\/www.customeeple.com\/product\/adventure-games-la-isla-volcanica\/"},"modified":"2022-06-06T10:27:23","modified_gmt":"2022-06-06T09:27:23","slug":"adventure-games-la-isla-volcanica","status":"publish","type":"product","link":"https:\/\/www.customeeple.com\/es\/producto\/adventure-games-la-isla-volcanica\/","title":{"rendered":"Adventure Games: La isla volc\u00e1nica"},"content":{"rendered":"<p><strong>Fe de Erratas:<\/strong>&nbsp;<a href=\"https:\/\/devirinvestments.s3.eu-west-1.amazonaws.com\/PDFs\/PDFs%20Gratis\/ADG%20Isla%20Volcanica%20de%20erratas.pdf\" target=\"_blank\" rel=\"noopener noreferrer\" data-mce-href=\"https:\/\/devirinvestments.s3.eu-west-1.amazonaws.com\/PDFs\/PDFs%20Gratis\/ADG%20Isla%20Volcanica%20de%20erratas.pdf\">PDF descargable Adventure Games: La Isla Volc\u00e1nica<\/a><\/p>\n<p><a href=\"https:\/\/devir.es\/descubrimos-los-adventure-games\" data-mce-href=\"https:\/\/devir.es\/descubrimos-los-adventure-games\"><i>Adventure games<\/i><\/a><i>: Volcanic island&nbsp;<\/i>es un juego de mesa&nbsp;<a href=\"https:\/\/devir.es\/devirpedia\/cooperativo\" data-mce-href=\"https:\/\/devir.es\/devirpedia\/cooperativo\">cooperativo<\/a>&nbsp;de exploraci\u00f3n, centrado en contar y descubrir una historia sin la presi\u00f3n de un l\u00edmite de tiempo. Dise\u00f1ado por&nbsp;<a href=\"https:\/\/devir.es\/devirpedia\/phil-harding-walker\" data-mce-href=\"https:\/\/devir.es\/devirpedia\/phil-harding-walker\">Phil Walker Harding<\/a>, Matthew Dunstan y Chihiro Mori, podr\u00e1n disfrutarlo entre 1 y 4 personas, a partir de 12 a\u00f1os, en 4 sesiones de juego de unos 75 minutos de duraci\u00f3n cada una.<\/p>\n<p>Trabajando juntos, los jugadores exploran \u00e1reas comunes, hablan con la gente, buscan pistas y combinan varios elementos para revelar el secreto de la historia. \u00a1Dependiendo de las decisiones que tomen los jugadores, el curso de la historia cambia y no hay vuelta atr\u00e1s! Se pueden experimentar muchos caminos diferentes durante el juego, con m\u00e1s de un desenlace posible. No se destruye ning\u00fan componente, por lo que se puede jugar varias veces con la misma copia.<\/p>\n<p>En&nbsp;<a href=\"https:\/\/devir.es\/descubrimos-los-adventure-games\" data-mce-href=\"https:\/\/devir.es\/descubrimos-los-adventure-games\"><i>Adventure games<\/i><\/a><i>: Volcanic island<\/i>, t\u00fa y tus compa\u00f1eros asumir\u00e9is el papel de cuatro estudiantes que viajan a una isla volc\u00e1nica donde ocurren eventos misteriosos. Como si fuera una aventura gr\u00e1fica, necesitar\u00e9is resolver acertijos, tomar decisiones, hablar con otros personajes, rastrear indicios y analizar, combinar y usar objetos. Cada estudiante (Sato, Cataysa, Ayana y Jerome) tiene unas habilidades caracter\u00edsticas y un elemento propio.<\/p>\n<p>A lo largo de los 4 cap\u00edtulos que dura la historia, en su turno los jugadores podr\u00e1n hacer una de las siguientes tres acciones: explorar una localizaci\u00f3n, combinar dos cartas de aventura (objetos que los jugadores han encontrado a lo largo del camino) o bien combinar una carta de localizaci\u00f3n con una carta de aventura. Para explorar una localizaci\u00f3n, los jugadores deber\u00e1n buscar el n\u00famero de carta indicado para viajar a ese punto. Al leer la carta seleccionada, los jugadores descubrir\u00e1n qu\u00e9 hay en ese punto. Adem\u00e1s, podr\u00e1n adquirir nuevos objetos y\/o interactuar con otros en la isla.<\/p>\n<p>Seg\u00fan los objetos encontrados, los jugadores podr\u00e1n intentar combinarlos para desbloquear efectos que pueden modificar la historia en diferentes sentidos. Incluso se pueden combinar objetos con localizaciones, lo cual invita a los jugadores a volver a visitar sitios que previamente ya hab\u00edan explorado. En conjunto, seg\u00fan vuestras decisiones como equipo la historia puede tener diversas conclusiones.<\/p>\n<p>Con aires de la cl\u00e1sica serie de libros \u201celige tu propia aventura\u201d,&nbsp;<i>Adventure games: Volcanic island<\/i>&nbsp;os invita a formar parte de una historia \u00fanica y decidir su final a partir de vuestras propias elecciones: hacia donde ir, qu\u00e9 objetos combinar o con quien hablar. Adem\u00e1s, ten\u00e9is la opci\u00f3n de contar con el soporte de una aplicaci\u00f3n que os facilitar\u00e1 la exploraci\u00f3n y contribuir\u00e1 a mejorar la inmersi\u00f3n en la historia.<\/p>\n","protected":false},"excerpt":{"rendered":"<p><br data-mce-bogus=\"1\"><\/p>\n","protected":false},"featured_media":63445,"template":"","meta":{"_acf_changed":false},"product_brand":[],"product_cat":[2003,2344,1557,1653,1180],"product_tag":[],"class_list":{"0":"post-63453","1":"product","2":"type-product","3":"status-publish","4":"has-post-thumbnail","6":"product_cat-cooperative-es","7":"product_cat-devir-es","8":"product_cat-card-game-es","9":"product_cat-boardgames","10":"product_cat-retail-products-es","12":"first","13":"onbackorder","14":"sale","15":"taxable","16":"shipping-taxable","17":"purchasable","18":"product-type-simple"},"exclude_global_add_ons":[],"addons":[],"acf":[],"_links":{"self":[{"href":"https:\/\/www.customeeple.com\/es\/wp-json\/wp\/v2\/product\/63453","targetHints":{"allow":["GET"]}}],"collection":[{"href":"https:\/\/www.customeeple.com\/es\/wp-json\/wp\/v2\/product"}],"about":[{"href":"https:\/\/www.customeeple.com\/es\/wp-json\/wp\/v2\/types\/product"}],"wp:featuredmedia":[{"embeddable":true,"href":"https:\/\/www.customeeple.com\/es\/wp-json\/wp\/v2\/media\/63445"}],"wp:attachment":[{"href":"https:\/\/www.customeeple.com\/es\/wp-json\/wp\/v2\/media?parent=63453"}],"wp:term":[{"taxonomy":"product_brand","embeddable":true,"href":"https:\/\/www.customeeple.com\/es\/wp-json\/wp\/v2\/product_brand?post=63453"},{"taxonomy":"product_cat","embeddable":true,"href":"https:\/\/www.customeeple.com\/es\/wp-json\/wp\/v2\/product_cat?post=63453"},{"taxonomy":"product_tag","embeddable":true,"href":"https:\/\/www.customeeple.com\/es\/wp-json\/wp\/v2\/product_tag?post=63453"}],"curies":[{"name":"wp","href":"https:\/\/api.w.org\/{rel}","templated":true}]}}