{"id":63452,"date":"2022-06-03T17:59:37","date_gmt":"2022-06-03T16:59:37","guid":{"rendered":"https:\/\/www.customeeple.com\/product\/potion-explosion-el-sexto-estudiante\/"},"modified":"2022-06-03T17:59:37","modified_gmt":"2022-06-03T16:59:37","slug":"potion-explosion-el-sexto-estudiante","status":"publish","type":"product","link":"https:\/\/www.customeeple.com\/es\/producto\/potion-explosion-el-sexto-estudiante\/","title":{"rendered":"Potion Explosion: El Sexto Estudiante"},"content":{"rendered":"<p>Queridos estudiantes,<\/p>\n<p>\u00a1La Academia ha sufrido un gran cambio de imagen! Hemos ampliado nuestras aulas para dar la bienvenida a grupos m\u00e1s grandes de estudiantes, \u00a1incluso hemos comprado un nuevo y brillante dispensador de ingredientes! Vuestras clases tambi\u00e9n ser\u00e1n m\u00e1s largas, as\u00ed que \u00a1prep\u00e1rate para cambiar de aula cuando suene la campana! Por \u00faltimo, he de deciros que tenemos nuevas pociones que pod\u00e9is aprender a preparar, y un nuevo tipo de ingrediente comod\u00edn que tendr\u00e1s que manejar: las hojas de mandr\u00e1gora.<\/p>\n<p><em>Potion Explosion &#x2122;: El Sexto Estudiante<\/em>\u00a0incluye un modo de juego para 5 o 6 jugadores. En ese modo de juego utilizar\u00e1s 2 Dispensadores: coger\u00e1s canicas de un Dispensador y las devolver\u00e1s en el otro. El papel de cada Dispensador se ir\u00e1 intercambiando durante la partida. \u00a1Planifica con antelaci\u00f3n tu estrategia!<\/p>\n<p><strong>CONTENIDO<\/strong><br \/>\n1 Dispensador de pl\u00e1stico, 16 piezas de Poci\u00f3n, 2 tableros de Pupitre, 30 canicas de Hoja de mandr\u00e1gora, 8 fichas de Maestr\u00eda, 9 fichas de Ayuda del profesor, 1 pieza de Campana y 1 reglamento.<\/p>\n<p><strong>NOTAS<\/strong><br \/>\n\u00c9sta expansi\u00f3n permite jugar partidas de 5-6 jugadores.<\/p>\n","protected":false},"excerpt":{"rendered":"<p>Queridos estudiantes, \u00a1La Academia ha sufrido un gran cambio de imagen! Hemos ampliado nuestras aulas para dar la bienvenida a grupos m\u00e1s grandes de estudiantes, \u00a1incluso hemos comprado un nuevo y brillante dispensador de ingredientes! Vuestras clases tambi\u00e9n ser\u00e1n m\u00e1s largas, as\u00ed que \u00a1prep\u00e1rate para cambiar de aula cuando suene la campana! Por \u00faltimo, he [&hellip;]<\/p>\n","protected":false},"featured_media":63443,"template":"","meta":{"_acf_changed":false},"product_brand":[],"product_cat":[1561,1653,1180],"product_tag":[],"class_list":{"0":"post-63452","1":"product","2":"type-product","3":"status-publish","4":"has-post-thumbnail","6":"product_cat-familiar-es","7":"product_cat-boardgames","8":"product_cat-retail-products-es","10":"first","11":"onbackorder","12":"sale","13":"taxable","14":"shipping-taxable","15":"purchasable","16":"product-type-simple"},"exclude_global_add_ons":[],"addons":[],"acf":[],"_links":{"self":[{"href":"https:\/\/www.customeeple.com\/es\/wp-json\/wp\/v2\/product\/63452","targetHints":{"allow":["GET"]}}],"collection":[{"href":"https:\/\/www.customeeple.com\/es\/wp-json\/wp\/v2\/product"}],"about":[{"href":"https:\/\/www.customeeple.com\/es\/wp-json\/wp\/v2\/types\/product"}],"wp:featuredmedia":[{"embeddable":true,"href":"https:\/\/www.customeeple.com\/es\/wp-json\/wp\/v2\/media\/63443"}],"wp:attachment":[{"href":"https:\/\/www.customeeple.com\/es\/wp-json\/wp\/v2\/media?parent=63452"}],"wp:term":[{"taxonomy":"product_brand","embeddable":true,"href":"https:\/\/www.customeeple.com\/es\/wp-json\/wp\/v2\/product_brand?post=63452"},{"taxonomy":"product_cat","embeddable":true,"href":"https:\/\/www.customeeple.com\/es\/wp-json\/wp\/v2\/product_cat?post=63452"},{"taxonomy":"product_tag","embeddable":true,"href":"https:\/\/www.customeeple.com\/es\/wp-json\/wp\/v2\/product_tag?post=63452"}],"curies":[{"name":"wp","href":"https:\/\/api.w.org\/{rel}","templated":true}]}}