{"id":63406,"date":"2022-06-03T11:28:02","date_gmt":"2022-06-03T10:28:02","guid":{"rendered":"https:\/\/www.customeeple.com\/?post_type=product&#038;p=63406"},"modified":"2022-06-03T11:44:04","modified_gmt":"2022-06-03T10:44:04","slug":"bandeja-de-dial-compatible-con-xwing-tamano-grande","status":"publish","type":"product","link":"https:\/\/www.customeeple.com\/es\/producto\/bandeja-de-dial-compatible-con-xwing-tamano-grande\/","title":{"rendered":"Bandeja de dial compatible con Xwing (tama\u00f1o grande)"},"content":{"rendered":"<p>Una \u00fatil bandeja para almacenar 18 Diales que encaja con nuestra bandeja de plantillas. Tenga todos los diales acortados y en su lugar, tambi\u00e9n ser\u00e1 m\u00e1s f\u00e1cil de transportar de una mesa a otra durante los torneos.<\/p>\n<p>Las piezas de este set son compatibles con el juego\u00a0<a href=\"https:\/\/www.fantasyflightgames.com\/en\/products\/x-wing-second-edition\/\"><strong>Star Wars X-Wing (Segunda edici\u00f3n)<\/strong><\/a><\/p>\n<p><strong>Material:<\/strong> Metacrilato o DM<\/p>\n<div class=\"moreinfo\">\n<p><strong>Tama\u00f1o:<\/strong>30 x 21 cm<\/p>\n<p><strong>Espesor:<\/strong> 6 mm<\/p>\n<p><strong>Cantidad :<\/strong> 1 Bandejas con o sin tapa<\/p>\n<p><strong>Uso: <\/strong>Bandejas para dialesde <a href=\"https:\/\/www.fantasyflightgames.com\/en\/products\/x-wing-second-edition\/\"><strong>Star Wars X-Wing<\/strong><\/a><\/p>\n<\/div>\n<p><strong>Nota: <\/strong>Por un m\u00f3dico precio puedes incluir en la tapa el nombre de tu escuadr\u00f3n o nick (m\u00e1ximo 12 caracteres) Parte del producto se vende sin montar necesitar\u00e1s pegamento para a\u00f1adir los imanes a las bandejas.<\/p>\n<p><strong><a href=\"https:\/\/www.fantasyflightgames.com\/en\/products\/x-wing-second-edition\/\">Star Wars X-Wing (Second Edition)<\/a><\/strong>\u00a0es un juego publciado por\u00a0<a href=\"http:\/\/www.fantasyflightgames.com\/\"><strong>Fantasy Flight Publishing Inc<\/strong><\/a>. <strong>Customeeple<\/strong>\u00a0no mantiene ninguna relaci\u00f3n con esa compa\u00f1\u00eda y este producto no est\u00e1 de ninguna manera patrocinado por ellos.<\/p>\n","protected":false},"excerpt":{"rendered":"<p>Bandeja compatibles con\u00a0 <strong><a href=\"http:\/\/boardgamegeek.com\/boardgame\/103885\/star-wars-x-wing-miniatures-game\">Star Wars X-Wing<\/a>\u00a0<\/strong>compatibles con una bolsa <strong>Feldherr<\/strong><\/p>\n","protected":false},"featured_media":50006,"template":"","meta":{"_acf_changed":false},"product_brand":[],"product_cat":[191,2342,1370,1372,816,1411],"product_tag":[645],"class_list":{"0":"post-63406","1":"product","2":"type-product","3":"status-publish","4":"has-post-thumbnail","6":"product_cat-accesorios","7":"product_cat-trays-es","8":"product_cat-customeeple-es","9":"product_cat-sci-fi-es","10":"product_cat-space-fight-es","11":"product_cat-star-wars-x-wing-es","12":"product_tag-x-wing-es-2","14":"first","15":"instock","16":"taxable","17":"shipping-taxable","18":"purchasable","19":"product-type-variable"},"exclude_global_add_ons":false,"addons":[{"name":"Nick\/Name","type":"heading","position":0,"required":false,"title_format":"label","default":"","description_enable":false,"description":"","placeholder_enable":false,"placeholder":"","display":"select","restrictions_type":"any_text","adjust_price":false,"price":"","price_type":"flat_fee","restrictions":false,"min":"0","max":"0","options":[]},{"name":"Nick\/Name","type":"custom_text","position":1,"required":false,"title_format":"hide","default":"","description_enable":false,"description":"","placeholder_enable":false,"placeholder":"","display":"select","restrictions_type":"any_text","adjust_price":true,"price":"2.00","price_type":"quantity_based","restrictions":true,"min":"5","max":"12","options":[]}],"acf":[],"_links":{"self":[{"href":"https:\/\/www.customeeple.com\/es\/wp-json\/wp\/v2\/product\/63406","targetHints":{"allow":["GET"]}}],"collection":[{"href":"https:\/\/www.customeeple.com\/es\/wp-json\/wp\/v2\/product"}],"about":[{"href":"https:\/\/www.customeeple.com\/es\/wp-json\/wp\/v2\/types\/product"}],"wp:featuredmedia":[{"embeddable":true,"href":"https:\/\/www.customeeple.com\/es\/wp-json\/wp\/v2\/media\/50006"}],"wp:attachment":[{"href":"https:\/\/www.customeeple.com\/es\/wp-json\/wp\/v2\/media?parent=63406"}],"wp:term":[{"taxonomy":"product_brand","embeddable":true,"href":"https:\/\/www.customeeple.com\/es\/wp-json\/wp\/v2\/product_brand?post=63406"},{"taxonomy":"product_cat","embeddable":true,"href":"https:\/\/www.customeeple.com\/es\/wp-json\/wp\/v2\/product_cat?post=63406"},{"taxonomy":"product_tag","embeddable":true,"href":"https:\/\/www.customeeple.com\/es\/wp-json\/wp\/v2\/product_tag?post=63406"}],"curies":[{"name":"wp","href":"https:\/\/api.w.org\/{rel}","templated":true}]}}