{"id":63378,"date":"2022-05-31T16:22:21","date_gmt":"2022-05-31T15:22:21","guid":{"rendered":"https:\/\/www.customeeple.com\/product\/adeptus-custodes-blade-champion\/"},"modified":"2023-11-23T00:00:18","modified_gmt":"2023-11-22T23:00:18","slug":"adeptus-custodes-blade-champion","status":"publish","type":"product","link":"https:\/\/www.customeeple.com\/es\/producto\/adeptus-custodes-blade-champion\/","title":{"rendered":"Adeptus Custodes: Campe\u00f3n de Filo"},"content":{"rendered":"<p>Un Campe\u00f3n de Filo es un arma viva en manos del Emperador. Su funci\u00f3n es identificar la mayor amenaza del campo de batalla, ya sea un poderoso l\u00edder, una hueste de asesinos o una mort\u00edfera m\u00e1quina de guerra, y emplear sus cuchillas arqueotecnol\u00f3gicas y sus estilos de combate especializados para garantizar su r\u00e1pida y absoluta destrucci\u00f3n.<\/p>\n<p>Este kit consta de 19 piezas de pl\u00e1stico, con los que podr\u00e1s montar una miniatura de Campe\u00f3n de Filo, con tres opciones de cabeza diferentes: 2 sin casco (una con expresi\u00f3n estoica y otra con los dientes apretados), y 1 casco con penacho. Esta miniatura se suministra con una peana Citadel redonda de 40 mm.<\/p>\n<p>Esta miniatura se suministra sin pintar y requiere montaje. Recomendamos usar pegamento para pl\u00e1stico Citadel y pinturas Citadel.<\/p>\n","protected":false},"excerpt":{"rendered":"<p>Un Campe\u00f3n de Filo es un arma viva en manos del Emperador. Su funci\u00f3n es identificar la mayor amenaza del campo de batalla, ya sea un poderoso l\u00edder, una hueste de asesinos o una mort\u00edfera m\u00e1quina de guerra, y emplear sus cuchillas arqueotecnol\u00f3gicas y sus estilos de combate especializados para garantizar su r\u00e1pida y absoluta [&hellip;]<\/p>\n","protected":false},"featured_media":63374,"template":"","meta":{"_acf_changed":false},"product_brand":[],"product_cat":[1177,1180,1623,1229],"product_tag":[],"class_list":{"0":"post-63378","1":"product","2":"type-product","3":"status-publish","4":"has-post-thumbnail","6":"product_cat-games-workshop-es","7":"product_cat-retail-products-es","8":"product_cat-wargames-es-2","9":"product_cat-warhammer-40k-es","11":"first","12":"onbackorder","13":"sale","14":"taxable","15":"shipping-taxable","16":"purchasable","17":"product-type-simple"},"exclude_global_add_ons":[],"addons":[],"acf":[],"_links":{"self":[{"href":"https:\/\/www.customeeple.com\/es\/wp-json\/wp\/v2\/product\/63378","targetHints":{"allow":["GET"]}}],"collection":[{"href":"https:\/\/www.customeeple.com\/es\/wp-json\/wp\/v2\/product"}],"about":[{"href":"https:\/\/www.customeeple.com\/es\/wp-json\/wp\/v2\/types\/product"}],"wp:featuredmedia":[{"embeddable":true,"href":"https:\/\/www.customeeple.com\/es\/wp-json\/wp\/v2\/media\/63374"}],"wp:attachment":[{"href":"https:\/\/www.customeeple.com\/es\/wp-json\/wp\/v2\/media?parent=63378"}],"wp:term":[{"taxonomy":"product_brand","embeddable":true,"href":"https:\/\/www.customeeple.com\/es\/wp-json\/wp\/v2\/product_brand?post=63378"},{"taxonomy":"product_cat","embeddable":true,"href":"https:\/\/www.customeeple.com\/es\/wp-json\/wp\/v2\/product_cat?post=63378"},{"taxonomy":"product_tag","embeddable":true,"href":"https:\/\/www.customeeple.com\/es\/wp-json\/wp\/v2\/product_tag?post=63378"}],"curies":[{"name":"wp","href":"https:\/\/api.w.org\/{rel}","templated":true}]}}