{"id":63309,"date":"2022-05-23T13:50:40","date_gmt":"2022-05-23T12:50:40","guid":{"rendered":"https:\/\/www.customeeple.com\/product\/club-a-renata-la-pirata\/"},"modified":"2024-05-27T10:05:47","modified_gmt":"2024-05-27T09:05:47","slug":"club-a-renata-la-pirata","status":"publish","type":"product","link":"https:\/\/www.customeeple.com\/es\/producto\/club-a-renata-la-pirata\/","title":{"rendered":"Club A: Renata la pirata"},"content":{"rendered":"<p><strong>Renata la pirata<\/strong>\u00a0es una nueva entrega de nuestra l\u00ednea educativa de juegos Club A.<\/p>\n<p>Con esta baraja educativa de 72 trabajaremos diferentes competencias en varios modos de juego (normal, avanzado y en solitario):<\/p>\n<p>&#8211; La atenci\u00f3n.<\/p>\n<p>&#8211; La concentraci\u00f3n.<\/p>\n<p>&#8211; El c\u00e1lculo mental.<\/p>\n<p>&#8211; Las operaciones b\u00e1sicas.<\/p>\n<p>&#8211; Las operaciones combinadas.<\/p>\n<p>&#8211; La motricidad fina.<\/p>\n<p><strong>Nunca aprender fue tan divertido!!<\/strong><\/p>\n","protected":false},"excerpt":{"rendered":"<p>Renata la pirata\u00a0es una nueva entrega de nuestra l\u00ednea educativa de juegos Club A. Con esta baraja educativa de 72 trabajaremos diferentes competencias en varios modos de juego (normal, avanzado y en solitario): &#8211; La atenci\u00f3n. &#8211; La concentraci\u00f3n. &#8211; El c\u00e1lculo mental. &#8211; Las operaciones b\u00e1sicas. &#8211; Las operaciones combinadas. &#8211; La motricidad fina. [&hellip;]<\/p>\n","protected":false},"featured_media":63254,"template":"","meta":{"_acf_changed":false},"product_brand":[],"product_cat":[1564,1557,1653,1180],"product_tag":[],"class_list":{"0":"post-63309","1":"product","2":"type-product","3":"status-publish","4":"has-post-thumbnail","6":"product_cat-childrens-es","7":"product_cat-card-game-es","8":"product_cat-boardgames","9":"product_cat-retail-products-es","11":"first","12":"instock","13":"sale","14":"taxable","15":"shipping-taxable","16":"purchasable","17":"product-type-simple"},"exclude_global_add_ons":[],"addons":[],"acf":[],"_links":{"self":[{"href":"https:\/\/www.customeeple.com\/es\/wp-json\/wp\/v2\/product\/63309","targetHints":{"allow":["GET"]}}],"collection":[{"href":"https:\/\/www.customeeple.com\/es\/wp-json\/wp\/v2\/product"}],"about":[{"href":"https:\/\/www.customeeple.com\/es\/wp-json\/wp\/v2\/types\/product"}],"wp:featuredmedia":[{"embeddable":true,"href":"https:\/\/www.customeeple.com\/es\/wp-json\/wp\/v2\/media\/63254"}],"wp:attachment":[{"href":"https:\/\/www.customeeple.com\/es\/wp-json\/wp\/v2\/media?parent=63309"}],"wp:term":[{"taxonomy":"product_brand","embeddable":true,"href":"https:\/\/www.customeeple.com\/es\/wp-json\/wp\/v2\/product_brand?post=63309"},{"taxonomy":"product_cat","embeddable":true,"href":"https:\/\/www.customeeple.com\/es\/wp-json\/wp\/v2\/product_cat?post=63309"},{"taxonomy":"product_tag","embeddable":true,"href":"https:\/\/www.customeeple.com\/es\/wp-json\/wp\/v2\/product_tag?post=63309"}],"curies":[{"name":"wp","href":"https:\/\/api.w.org\/{rel}","templated":true}]}}