{"id":63306,"date":"2022-05-25T16:29:10","date_gmt":"2022-05-25T15:29:10","guid":{"rendered":"https:\/\/www.customeeple.com\/product\/mente-vacuna\/"},"modified":"2023-12-04T12:32:45","modified_gmt":"2023-12-04T11:32:45","slug":"mente-vacuna","status":"publish","type":"product","link":"https:\/\/www.customeeple.com\/es\/producto\/mente-vacuna\/","title":{"rendered":"Mente Vacuna"},"content":{"rendered":"<p id=\"u1394784-2\">Pon a prueba tu capacidad para ser parte del reba\u00f1o.<\/p>\n<p id=\"u1394784-5\">El objetivo es responder a las preguntas que se planteen pensando en lo que responder\u00e1 la mayor\u00eda, con una \u201cmentalidad de reba\u00f1o\u201d, por ejemplo: \u201cNombra una comida con un agujero en el centro\u201d. Si te desmarcas de la respuesta mayoritaria del grupo, ser\u00e1s la \u201cvaca rosa\u201d del reba\u00f1o y as\u00ed no llegar\u00e1s muy lejos&#8230;<\/p>\n<p id=\"u1394784-8\">El primer jugador en conseguir 8 fichas de vacas \u00a1es el ganador! Un party game para familias, amigos y \u00a1vaqueros!<\/p>\n","protected":false},"excerpt":{"rendered":"<p>Pon a prueba tu capacidad para ser parte del reba\u00f1o. El objetivo es responder a las preguntas que se planteen pensando en lo que responder\u00e1 la mayor\u00eda, con una \u201cmentalidad de reba\u00f1o\u201d, por ejemplo: \u201cNombra una comida con un agujero en el centro\u201d. Si te desmarcas de la respuesta mayoritaria del grupo, ser\u00e1s la \u201cvaca [&hellip;]<\/p>\n","protected":false},"featured_media":63286,"template":"","meta":{"_acf_changed":false},"product_brand":[],"product_cat":[1561,2004,1653,2347,1180],"product_tag":[],"class_list":{"0":"post-63306","1":"product","2":"type-product","3":"status-publish","4":"has-post-thumbnail","6":"product_cat-familiar-es","7":"product_cat-party-game-es","8":"product_cat-boardgames","9":"product_cat-mercurio-es","10":"product_cat-retail-products-es","12":"first","13":"outofstock","14":"sale","15":"taxable","16":"shipping-taxable","17":"purchasable","18":"product-type-simple"},"exclude_global_add_ons":[],"addons":[],"acf":[],"_links":{"self":[{"href":"https:\/\/www.customeeple.com\/es\/wp-json\/wp\/v2\/product\/63306","targetHints":{"allow":["GET"]}}],"collection":[{"href":"https:\/\/www.customeeple.com\/es\/wp-json\/wp\/v2\/product"}],"about":[{"href":"https:\/\/www.customeeple.com\/es\/wp-json\/wp\/v2\/types\/product"}],"wp:featuredmedia":[{"embeddable":true,"href":"https:\/\/www.customeeple.com\/es\/wp-json\/wp\/v2\/media\/63286"}],"wp:attachment":[{"href":"https:\/\/www.customeeple.com\/es\/wp-json\/wp\/v2\/media?parent=63306"}],"wp:term":[{"taxonomy":"product_brand","embeddable":true,"href":"https:\/\/www.customeeple.com\/es\/wp-json\/wp\/v2\/product_brand?post=63306"},{"taxonomy":"product_cat","embeddable":true,"href":"https:\/\/www.customeeple.com\/es\/wp-json\/wp\/v2\/product_cat?post=63306"},{"taxonomy":"product_tag","embeddable":true,"href":"https:\/\/www.customeeple.com\/es\/wp-json\/wp\/v2\/product_tag?post=63306"}],"curies":[{"name":"wp","href":"https:\/\/api.w.org\/{rel}","templated":true}]}}