{"id":63238,"date":"2022-05-19T08:46:31","date_gmt":"2022-05-19T07:46:31","guid":{"rendered":"https:\/\/www.customeeple.com\/product\/blood-bowl-sevens-pitch\/"},"modified":"2023-11-23T00:00:18","modified_gmt":"2023-11-22T23:00:18","slug":"blood-bowl-sevens-pitch","status":"publish","type":"product","link":"https:\/\/www.customeeple.com\/es\/producto\/blood-bowl-sevens-pitch\/","title":{"rendered":"Campo de Blood Bowl Siete"},"content":{"rendered":"<p>Los partidos amateur de Blood Bowl suelen jugarse en un campo m\u00e1s peque\u00f1o, con menos jugadores. Una partida r\u00e1pida de Blood Bowl Siete es una forma muy divertida de resolver un rencor, pasar el tiempo o eliminar a los rivales comerciales y rom\u00e1nticos con un conveniente \u00abaccidente\u00bb. Incluso los equipos profesionales juegan ocasionalmente una partida de Blood Bowl Siete para mantenerse en forma o como evento ben\u00e9fico.<\/p>\n<p>Como el Blood Bowl Siete se juega con menos jugadores en cada equipo, tiene sentido que el campo sea tambi\u00e9n de tama\u00f1o reducido. Por ello, algunos campos de juego son m\u00e1s peque\u00f1os de lo que dicta el reglamento de Blood Bowl, dise\u00f1ados espec\u00edficamente para jugar partidas de Blood Bowl Siete.<\/p>\n<p>Esta versi\u00f3n simplificada del juego es ideal para los jugadores m\u00e1s j\u00f3venes, los entrenadores con poco tiempo o cualquier persona que busque iniciarse en el juego con una curva de aprendizaje m\u00e1s leve.<\/p>\n<p>Este campo reversible de Blood Bowl presenta un campo de c\u00e9sped est\u00e1ndar en una cara y baldosas de astrogranito en la otra. Aunque el tama\u00f1o es reducido, todas las marcas est\u00e1ndar est\u00e1n presentes y se tienen en cuenta.<\/p>\n<p>Tambi\u00e9n encontrar\u00e1s un par de banquillos de doble cara a juego para completar el kit. Redise\u00f1ados para los juegos de Blood Bowl Siete, cada banquillo cuenta con un marcador de Touchdowns, turnos y segundas oportunidades m\u00e1s cortos, as\u00ed como zonas para reservas, inconscientes y lesionados. Necesitar\u00e1s un ejemplar de Blood Bowl &#8211; Las Reglas Oficiales y del suplemento Death Zone para utilizar este terreno de juego.<\/p>\n","protected":false},"excerpt":{"rendered":"<p>Los partidos amateur de Blood Bowl suelen jugarse en un campo m\u00e1s peque\u00f1o, con menos jugadores. Una partida r\u00e1pida de Blood Bowl Siete es una forma muy divertida de resolver un rencor, pasar el tiempo o eliminar a los rivales comerciales y rom\u00e1nticos con un conveniente \u00abaccidente\u00bb. Incluso los equipos profesionales juegan ocasionalmente una partida [&hellip;]<\/p>\n","protected":false},"featured_media":63237,"template":"","meta":{"_acf_changed":false},"product_brand":[],"product_cat":[1258,1177,1180,1623],"product_tag":[],"class_list":{"0":"post-63238","1":"product","2":"type-product","3":"status-publish","4":"has-post-thumbnail","6":"product_cat-blood-bowl-es","7":"product_cat-games-workshop-es","8":"product_cat-retail-products-es","9":"product_cat-wargames-es-2","11":"first","12":"onbackorder","13":"sale","14":"taxable","15":"shipping-taxable","16":"purchasable","17":"product-type-simple"},"exclude_global_add_ons":[],"addons":[],"acf":[],"_links":{"self":[{"href":"https:\/\/www.customeeple.com\/es\/wp-json\/wp\/v2\/product\/63238","targetHints":{"allow":["GET"]}}],"collection":[{"href":"https:\/\/www.customeeple.com\/es\/wp-json\/wp\/v2\/product"}],"about":[{"href":"https:\/\/www.customeeple.com\/es\/wp-json\/wp\/v2\/types\/product"}],"wp:featuredmedia":[{"embeddable":true,"href":"https:\/\/www.customeeple.com\/es\/wp-json\/wp\/v2\/media\/63237"}],"wp:attachment":[{"href":"https:\/\/www.customeeple.com\/es\/wp-json\/wp\/v2\/media?parent=63238"}],"wp:term":[{"taxonomy":"product_brand","embeddable":true,"href":"https:\/\/www.customeeple.com\/es\/wp-json\/wp\/v2\/product_brand?post=63238"},{"taxonomy":"product_cat","embeddable":true,"href":"https:\/\/www.customeeple.com\/es\/wp-json\/wp\/v2\/product_cat?post=63238"},{"taxonomy":"product_tag","embeddable":true,"href":"https:\/\/www.customeeple.com\/es\/wp-json\/wp\/v2\/product_tag?post=63238"}],"curies":[{"name":"wp","href":"https:\/\/api.w.org\/{rel}","templated":true}]}}