{"id":63158,"date":"2022-05-19T08:45:35","date_gmt":"2022-05-19T07:45:35","guid":{"rendered":"https:\/\/www.customeeple.com\/product\/dobble-star-wars-mandalorian\/"},"modified":"2022-05-19T08:45:35","modified_gmt":"2022-05-19T07:45:35","slug":"dobble-star-wars-mandalorian","status":"publish","type":"product","link":"https:\/\/www.customeeple.com\/es\/producto\/dobble-star-wars-mandalorian\/","title":{"rendered":"Dobble Star Wars Mandalorian (ESP)"},"content":{"rendered":"<div>Viaja a una galaxia muy, muy lejana con Dobble Star Wars: The Mandarlorian. \u00a1Toda la emoci\u00f3n del Dobble original, ahora con s\u00edmbolos con los personajes de la serie de Disney + The Mandarlorian!<\/div>\n<div>En Dobble siempre hay un s\u00edmbolo, y solo uno, que se repite entre dos cartas . \u00bfSer\u00e1s capaz de descubrirlo antes que tus adversarios?<\/div>\n","protected":false},"excerpt":{"rendered":"<p>Viaja a una galaxia muy, muy lejana con Dobble Star Wars: The Mandarlorian. \u00a1Toda la emoci\u00f3n del Dobble original, ahora con s\u00edmbolos con los personajes de la serie de Disney + The Mandarlorian! En Dobble siempre hay un s\u00edmbolo, y solo uno, que se repite entre dos cartas . \u00bfSer\u00e1s capaz de descubrirlo antes que [&hellip;]<\/p>\n","protected":false},"featured_media":63151,"template":"","meta":{"_acf_changed":false},"product_brand":[],"product_cat":[2343,1561,1653,1180],"product_tag":[],"class_list":{"0":"post-63158","1":"product","2":"type-product","3":"status-publish","4":"has-post-thumbnail","6":"product_cat-asmodee-es","7":"product_cat-familiar-es","8":"product_cat-boardgames","9":"product_cat-retail-products-es","11":"first","12":"outofstock","13":"sale","14":"taxable","15":"shipping-taxable","16":"purchasable","17":"product-type-simple"},"exclude_global_add_ons":[],"addons":[],"acf":[],"_links":{"self":[{"href":"https:\/\/www.customeeple.com\/es\/wp-json\/wp\/v2\/product\/63158","targetHints":{"allow":["GET"]}}],"collection":[{"href":"https:\/\/www.customeeple.com\/es\/wp-json\/wp\/v2\/product"}],"about":[{"href":"https:\/\/www.customeeple.com\/es\/wp-json\/wp\/v2\/types\/product"}],"wp:featuredmedia":[{"embeddable":true,"href":"https:\/\/www.customeeple.com\/es\/wp-json\/wp\/v2\/media\/63151"}],"wp:attachment":[{"href":"https:\/\/www.customeeple.com\/es\/wp-json\/wp\/v2\/media?parent=63158"}],"wp:term":[{"taxonomy":"product_brand","embeddable":true,"href":"https:\/\/www.customeeple.com\/es\/wp-json\/wp\/v2\/product_brand?post=63158"},{"taxonomy":"product_cat","embeddable":true,"href":"https:\/\/www.customeeple.com\/es\/wp-json\/wp\/v2\/product_cat?post=63158"},{"taxonomy":"product_tag","embeddable":true,"href":"https:\/\/www.customeeple.com\/es\/wp-json\/wp\/v2\/product_tag?post=63158"}],"curies":[{"name":"wp","href":"https:\/\/api.w.org\/{rel}","templated":true}]}}