{"id":63149,"date":"2022-05-19T08:43:05","date_gmt":"2022-05-19T07:43:05","guid":{"rendered":"https:\/\/www.customeeple.com\/product\/stormcast-eternals-thunderstrike-eternal\/"},"modified":"2023-11-23T00:00:17","modified_gmt":"2023-11-22T23:00:17","slug":"stormcast-eternals-thunderstrike-eternal","status":"publish","type":"product","link":"https:\/\/www.customeeple.com\/es\/producto\/stormcast-eternals-thunderstrike-eternal\/","title":{"rendered":"Stormcast Eternals Thunderstrike Eternal"},"content":{"rendered":"<p>Como una visi\u00f3n de luz celestial dorada y una encarnaci\u00f3n del poder del Dios Rey, los Stormcast Eternals son mensajeros de la venganza armados con la fuerza de las estrellas. Anta\u00f1o eran campeones mortales del Orden que Sigmar reforj\u00f3 para formar una fuerza de combate abrumadora, y ahora se lanzan desde los cielos para enfrentarse cara a cara a las fuerzas del Caos, cobrando sangrienta venganza contra los Dioses Oscuros, los corruptores de los reinos. Las Thunderstrike Brotherhoods son lideradas en combate por Lord-Celestants, y sus guerreros est\u00e1 unidos por su honor y sentido del deber.<\/p>\n<p>Esta caja muy econ\u00f3mica te proporciona una colecci\u00f3n inmediata de fant\u00e1sticas miniaturas de Stormcast Eternals para uso en partidas de Warhammer Age of Sigmar. \u00a1Recibir\u00e1s un Lord-Celestant montado en Dracoth, un Lord-Relictor, 3 Retributors, 10 Liberators (incluyendo 2 Liberator-Primes), 3 Prosecutors, una hoja de calcoman\u00edas de los Stormcast Eternals y una hoja de batall\u00f3n que te permite montar y jugar con tus nuevas miniaturas de inmediato!<\/p>\n","protected":false},"excerpt":{"rendered":"<p>Como una visi\u00f3n de luz celestial dorada y una encarnaci\u00f3n del poder del Dios Rey, los Stormcast Eternals son mensajeros de la venganza armados con la fuerza de las estrellas. Anta\u00f1o eran campeones mortales del Orden que Sigmar reforj\u00f3 para formar una fuerza de combate abrumadora, y ahora se lanzan desde los cielos para enfrentarse [&hellip;]<\/p>\n","protected":false},"featured_media":63144,"template":"","meta":{"_acf_changed":false},"product_brand":[],"product_cat":[1177,1180,1623,1654],"product_tag":[],"class_list":{"0":"post-63149","1":"product","2":"type-product","3":"status-publish","4":"has-post-thumbnail","6":"product_cat-games-workshop-es","7":"product_cat-retail-products-es","8":"product_cat-wargames-es-2","9":"product_cat-warhammer-age-of-sigmar-es-2","11":"first","12":"outofstock","13":"sale","14":"taxable","15":"shipping-taxable","16":"purchasable","17":"product-type-simple"},"exclude_global_add_ons":[],"addons":[],"acf":[],"_links":{"self":[{"href":"https:\/\/www.customeeple.com\/es\/wp-json\/wp\/v2\/product\/63149","targetHints":{"allow":["GET"]}}],"collection":[{"href":"https:\/\/www.customeeple.com\/es\/wp-json\/wp\/v2\/product"}],"about":[{"href":"https:\/\/www.customeeple.com\/es\/wp-json\/wp\/v2\/types\/product"}],"wp:featuredmedia":[{"embeddable":true,"href":"https:\/\/www.customeeple.com\/es\/wp-json\/wp\/v2\/media\/63144"}],"wp:attachment":[{"href":"https:\/\/www.customeeple.com\/es\/wp-json\/wp\/v2\/media?parent=63149"}],"wp:term":[{"taxonomy":"product_brand","embeddable":true,"href":"https:\/\/www.customeeple.com\/es\/wp-json\/wp\/v2\/product_brand?post=63149"},{"taxonomy":"product_cat","embeddable":true,"href":"https:\/\/www.customeeple.com\/es\/wp-json\/wp\/v2\/product_cat?post=63149"},{"taxonomy":"product_tag","embeddable":true,"href":"https:\/\/www.customeeple.com\/es\/wp-json\/wp\/v2\/product_tag?post=63149"}],"curies":[{"name":"wp","href":"https:\/\/api.w.org\/{rel}","templated":true}]}}