{"id":63096,"date":"2024-09-12T13:33:34","date_gmt":"2024-09-12T12:33:34","guid":{"rendered":"https:\/\/www.customeeple.com\/?post_type=product&#038;p=63096"},"modified":"2024-09-12T15:32:09","modified_gmt":"2024-09-12T14:32:09","slug":"plantilla-de-silueta-star-wars-legion","status":"publish","type":"product","link":"https:\/\/www.customeeple.com\/es\/producto\/plantilla-de-silueta-star-wars-legion\/","title":{"rendered":"Plantilla de silueta Star Wars Legion"},"content":{"rendered":"<p>Mejora tus partidas de Star Wars Legion con nuestro pack de siluetas para miniaturas personalizables. El set incluye dos siluetas: una de 42 mm de altura y otra de 68 mm de altura con 27 mm de ancho. La base cuenta con un arco dise\u00f1ado para encajar tanto en bases de 27 mm como en bases de 50 mm.<\/p>\n<p>Elige tu color preferido entre nuestra selecci\u00f3n de <a href=\"https:\/\/www.customeeple.com\/es\/materiales\">materiales<\/a> y, si lo deseas, puedes mejorar a\u00fan m\u00e1s tu silueta con una variedad de logotipos cl\u00e1sicos grabados para hacer tus piezas de juego \u00fanicas. Solo tienes que indicar la letra del logotipo que prefieras.<\/p>\n<p>\u00a1Mejora tu juego y a\u00f1ade un nuevo nivel de detalle a tu ej\u00e9rcito de Star Wars Legion!<\/p>\n<div class=\"moreinfo\">\n<ul>\n<li><strong>Altura:<\/strong> 42 mm y 68 mm<\/li>\n<li><strong>Ancho:<\/strong> 27 mm<\/li>\n<li><strong>Compatibilidad de la base:<\/strong> Compatible con bases de 27 mm o 50 mm<\/li>\n<li><strong>Personalizaci\u00f3n:<\/strong> Elige el color y el grabado del logotipo<strong>.<\/strong><\/li>\n<\/ul>\n<\/div>\n<p>Star Wars Legion y Imperial assault son juegos publicados por fantasy flight games. Customeeple no est\u00e1 afiliado a esta empresa y este producto no est\u00e1 avalado por ellos.<\/p>\n","protected":false},"excerpt":{"rendered":"<p>Plantilla para <strong>Star Wars Legion.<\/strong><\/p>\n","protected":false},"featured_media":75384,"template":"","meta":{"_acf_changed":false},"product_brand":[],"product_cat":[1370,78,1372,816,1410,1623],"product_tag":[2083,1351,2082],"class_list":{"0":"post-63096","1":"product","2":"type-product","3":"status-publish","4":"has-post-thumbnail","6":"product_cat-customeeple-es","7":"product_cat-meeple-2","8":"product_cat-sci-fi-es","9":"product_cat-space-fight-es","10":"product_cat-star-wars-legion-es","11":"product_cat-wargames-es-2","12":"product_tag-legion-es","13":"product_tag-star-wars-es","14":"product_tag-star-wars-legion-es","15":"pa_methacrylate-colors-amarill-fluor-mfye","16":"pa_methacrylate-colors-azul-fluor-mfbl-es","17":"pa_methacrylate-colors-azul-trans-mtbl","18":"pa_methacrylate-colors-balnco-mowh","19":"pa_methacrylate-colors-smoke-grey-mtsm-es","20":"pa_methacrylate-colors-naranja-fluor-mfor-es","21":"pa_methacrylate-colors-naranja-trans-mtor","22":"pa_methacrylate-colors-negro-moba","23":"pa_methacrylate-colors-rojotrans-mtre","24":"pa_methacrylate-colors-magenta-fluor-mfma-es","25":"pa_methacrylate-colors-verde-trans-mtgr","26":"pa_methacrylate-colors-transparente-mttr","27":"pa_methacrylate-colors-verde-fluor-mfgr","28":"pa_methacrylate-colors-violeta-movi","30":"first","31":"instock","32":"taxable","33":"shipping-taxable","34":"purchasable","35":"product-type-variable"},"exclude_global_add_ons":[],"addons":[],"acf":[],"_links":{"self":[{"href":"https:\/\/www.customeeple.com\/es\/wp-json\/wp\/v2\/product\/63096","targetHints":{"allow":["GET"]}}],"collection":[{"href":"https:\/\/www.customeeple.com\/es\/wp-json\/wp\/v2\/product"}],"about":[{"href":"https:\/\/www.customeeple.com\/es\/wp-json\/wp\/v2\/types\/product"}],"wp:featuredmedia":[{"embeddable":true,"href":"https:\/\/www.customeeple.com\/es\/wp-json\/wp\/v2\/media\/75384"}],"wp:attachment":[{"href":"https:\/\/www.customeeple.com\/es\/wp-json\/wp\/v2\/media?parent=63096"}],"wp:term":[{"taxonomy":"product_brand","embeddable":true,"href":"https:\/\/www.customeeple.com\/es\/wp-json\/wp\/v2\/product_brand?post=63096"},{"taxonomy":"product_cat","embeddable":true,"href":"https:\/\/www.customeeple.com\/es\/wp-json\/wp\/v2\/product_cat?post=63096"},{"taxonomy":"product_tag","embeddable":true,"href":"https:\/\/www.customeeple.com\/es\/wp-json\/wp\/v2\/product_tag?post=63096"}],"curies":[{"name":"wp","href":"https:\/\/api.w.org\/{rel}","templated":true}]}}