{"id":62938,"date":"2022-04-28T15:42:44","date_gmt":"2022-04-28T14:42:44","guid":{"rendered":"https:\/\/www.customeeple.com\/product\/norse-blood-bowl-team\/"},"modified":"2022-04-28T15:42:44","modified_gmt":"2022-04-28T14:42:44","slug":"norse-blood-bowl-team","status":"publish","type":"product","link":"https:\/\/www.customeeple.com\/es\/producto\/norse-blood-bowl-team\/","title":{"rendered":"Equipo Norse para Blood Bowl: Norsca Rampagers"},"content":{"rendered":"<p>No hay nada que guste m\u00e1s a los equipos Norse que una buena pelea, \u00a1y as\u00ed es como mejor se desenvuelven en el terreno de juego! Los Norse han pasado toda su vida en el duro y g\u00e9lido norte, lo que los convierte en un grupo bastante duro. Estos aguerridos jugadores destacan por su capacidad para enfrentarse a los rivales, lanzando placajes a diestro y siniestro mientras se abren paso hasta la l\u00ednea de touchdown&#8230; \u00a1y sin duda hasta la taberna que hay detr\u00e1s!<\/p>\n<p>Por supuesto, no solo se trata de provocar una pelea en el centro del campo, sino tambi\u00e9n de marcar esos importantes touchdowns. Los equipos Norse funcionan mejor cuando pueden utilizar su gran pegada para abrir un agujero en la defensa del equipo contrario, permitiendo a sus Valkyries utilizar su impresionante velocidad para correr y conseguir la victoria.<\/p>\n<p>Este kit multicomponente consta de 120 piezas de pl\u00e1stico con las que podr\u00e1s montar los Norsca Rampagers, un equipo Norse para utilizar en partidas de Blood Bowl. El equipo se compone de 6 Norse Raider Linemen, 2 Beer Boar, 2 Norse Berserkers, 2 Ulfwereners y 2 Valkyries. Adem\u00e1s, incluye 2 monedas de Blood Bowl de doble cara, 2 marcadores de turno y de repetici\u00f3n, 4 balones y una hoja de calcoman\u00edas con 292 calcoman\u00edas.<\/p>\n<p>Las reglas para utilizar equipos Norse en tus partidas de Blood Bowl se encuentran en la revista \u00a1Spike! Journal 14. Estas miniaturas se suministran sin pintar y requieren montaje. Recomendamos utilizar pegamento para pl\u00e1stico Citadel y pinturas Citadel.<\/p>\n","protected":false},"excerpt":{"rendered":"<p>No hay nada que guste m\u00e1s a los equipos Norse que una buena pelea, \u00a1y as\u00ed es como mejor se desenvuelven en el terreno de juego! Los Norse han pasado toda su vida en el duro y g\u00e9lido norte, lo que los convierte en un grupo bastante duro. Estos aguerridos jugadores destacan por su capacidad [&hellip;]<\/p>\n","protected":false},"featured_media":62880,"template":"","meta":{"_acf_changed":false},"product_brand":[],"product_cat":[1258,1177,1180,1623],"product_tag":[],"class_list":{"0":"post-62938","1":"product","2":"type-product","3":"status-publish","4":"has-post-thumbnail","6":"product_cat-blood-bowl-es","7":"product_cat-games-workshop-es","8":"product_cat-retail-products-es","9":"product_cat-wargames-es-2","11":"first","12":"outofstock","13":"sale","14":"taxable","15":"shipping-taxable","16":"purchasable","17":"product-type-simple"},"exclude_global_add_ons":[],"addons":[],"acf":[],"_links":{"self":[{"href":"https:\/\/www.customeeple.com\/es\/wp-json\/wp\/v2\/product\/62938","targetHints":{"allow":["GET"]}}],"collection":[{"href":"https:\/\/www.customeeple.com\/es\/wp-json\/wp\/v2\/product"}],"about":[{"href":"https:\/\/www.customeeple.com\/es\/wp-json\/wp\/v2\/types\/product"}],"wp:featuredmedia":[{"embeddable":true,"href":"https:\/\/www.customeeple.com\/es\/wp-json\/wp\/v2\/media\/62880"}],"wp:attachment":[{"href":"https:\/\/www.customeeple.com\/es\/wp-json\/wp\/v2\/media?parent=62938"}],"wp:term":[{"taxonomy":"product_brand","embeddable":true,"href":"https:\/\/www.customeeple.com\/es\/wp-json\/wp\/v2\/product_brand?post=62938"},{"taxonomy":"product_cat","embeddable":true,"href":"https:\/\/www.customeeple.com\/es\/wp-json\/wp\/v2\/product_cat?post=62938"},{"taxonomy":"product_tag","embeddable":true,"href":"https:\/\/www.customeeple.com\/es\/wp-json\/wp\/v2\/product_tag?post=62938"}],"curies":[{"name":"wp","href":"https:\/\/api.w.org\/{rel}","templated":true}]}}